{"id":20535,"date":"2023-08-22T08:20:10","date_gmt":"2023-08-22T06:20:10","guid":{"rendered":"https:\/\/e-adams.pl\/produkt\/tytan-professional-fix2-clear-klej-montazowy-290ml-bezbarwny\/"},"modified":"2024-07-15T11:31:20","modified_gmt":"2024-07-15T09:31:20","slug":"klej-montazowy-tytan-fix2-clear-bezbarwny-290ml","status":"publish","type":"product","link":"https:\/\/e-adams.pl\/de\/produkt\/klej-montazowy-tytan-fix2-clear-bezbarwny-290ml\/","title":{"rendered":"Klej monta\u017cowy TYTAN FIX2 CLEAR BEZBARWNY &#8211; 290ml"},"content":{"rendered":"<h1>Klej-uszczelniacz FIX2 CLEAR:<\/h1>\n<p>Bezbarwny klej-uszczelniacz na bazie najnowszych technologii (MS Polimer\u00f3w). Zalecany jest do klejenia i uszczelniania wi\u0119kszo\u015bci materia\u0142\u00f3w wyko\u0144czeniowych na wi\u0119kszo\u015bci pod\u0142o\u017cy stosowanych w budownictwie (r\u00f3wnie\u017c wilgotnych).<\/p>\n<p>Nie zawiera rozpuszczalnik\u00f3w, silikon\u00f3w, ani izocjanian\u00f3w. Nie powoduje korozji metali oraz nie odbarwia powierzchni zasadowych (marmur, beton itp.). W wi\u0119kszo\u015bci przypadk\u00f3w nie wymaga u\u017cycia gruntu. Mo\u017ce by\u0107 stosowany zar\u00f3wno wewn\u0105trz, jak i na zewn\u0105trz pomieszcze\u0144. Tworzy trwa\u0142e i elastyczne po\u0142\u0105czenie o bardzo wysokiej sile spajania, doskonale t\u0142umi\u0105ce wibracje, odporne na zmienne dzia\u0142anie warunk\u00f3w atmosferycznych oraz promieniowanie UV. Spoina mo\u017ce by\u0107 malowana ju\u017c po utworzeniu nask\u00f3rka (mokre na mokre) bez wp\u0142ywu na tempo utwardzania.<\/p>\n<h3>W\u0142a\u015bciwo\u015bci produktu:<\/h3>\n<ul>\n<li>odporny na wilgo\u0107 i promieniowanie UV <\/li>\n<li>odporny na zmienne warunki atmosferyczne <\/li>\n<li>bezbarwna i elastyczna spoina <\/li>\n<li>spoina mo\u017ce by\u0107 malowalna ju\u017c po utworzeniu nask\u00f3rka <\/li>\n<li>mo\u017cna stosowa\u0107 na wilgotnych (nie mokrych) pod\u0142o\u017cach <\/li>\n<li>do wewn\u0105trz i na zewn\u0105trz nie powoduje korozji metali, nie uszkadza powierzchni delikatnych <\/li>\n<li>doskona\u0142a przyczepno\u015b\u0107 do wi\u0119kszo\u015bci materia\u0142\u00f3w stosowanych w budownictwie (z wyj\u0105tkiem PE,PP, teflonu i bitumu) <\/li>\n<\/ul>\n<h3>Zastosowanie produktu:<\/h3>\n<ul>\n<li>uszczelnienia budowlane i sanitarne.<\/li>\n<li>klejenie i uszczelnianie element\u00f3w i materia\u0142\u00f3w takich jak: drewno, szk\u0142o, lustro (tak\u017ce lakierowane), styropian, metal, PVC,<br \/>\ngips, g-k, stal nierdzewna, stal ocynkowana, kamie\u0144 sztuczny i naturalny, beton, ceg\u0142a, korek, ceramika, porcelana, we\u0142na<br \/>\nmineralna, wata szklana lustro w dowolnej kombinacji<\/li>\n<li>klejenie element\u00f3w dekoracyjnych, prace hobbystyczne, drobne naprawy. Klejenie mebli (tak\u017ce ogrodowych), element\u00f3w<br \/>\ngi\u0119tych, rur odp\u0142ywowych, element\u00f3w konstrukcji niebudowlanych np. w przyczepach, naczepach kontenerach (w tym<br \/>\nch\u0142odniczych), itp., drobne naprawy dach\u00f3w. <\/li>\n<\/ul>\n<h3>Dane techniczne:<\/h3>\n<p>Kolor: bezbarwny<br \/>\nKonsystencja: g\u0119sta pasta<br \/>\nCzas utwardzania: 2-4 mm\/ 24 h<br \/>\nCzas pracy: 10-15 min<br \/>\nOdporno\u015b\u0107 temperaturowa ( po utwardzeniu): od -30\u00b0C do +80\u00b0C<br \/>\nTemperatura aplikacji: od +5\u00b0C do +40\u00b0C<br \/>\nCzyszczenie narz\u0119dzi: aceton, benzyna ekstrakcyjna<br \/>\nNapr\u0119\u017cenie przy zerwaniu (ISO 37): 2 MPa <\/p>\n<h3>Spos\u00f3b u\u017cycia:<\/h3>\n<p>\u2022 do aplikacji potrzebny jest wyciskacz do kartuszy. Wylot kartusza obci\u0105\u0107 i nakr\u0119ci\u0107 aplikator.<br \/>\n\u2022 do zastosowania u\u017cy\u0107 aplikatora przyci\u0119tego pod k\u0105tem ostrym.<br \/>\n\u2022 w\u0142o\u017cy\u0107 kartusz do wyciskacza i poprzez wyciskanie nak\u0142ada\u0107 klej punktowo lub pasmami na jedn\u0105 z klejonych powierzchni.<br \/>\n\u2022 uwaga: w przypadku powierzchni szerokich w celu zwi\u0119kszenia przyczepno\u015bci pocz\u0105tkowej zaleca si\u0119 nak\u0142ada\u0107 klej \u201efali\u015bcie\u201d.<br \/>\n\u2022 nast\u0119pnie po\u0142\u0105czy\u0107 klejone elementy, silnie i r\u00f3wnomiernie dociskaj\u0105c<\/p>\n<h3>Okres trwa\u0142o\u015bci:<\/h3>\n<p>Przechowywa\u0107 w suchych i ch\u0142odnych pomieszczeniach w szczelnie oryginalnie zamkni\u0119tych opakowaniach w temperaturze od +5\u00b0C do +25\u00b0C. Data wa\u017cno\u015bci i numer partii na opakowaniu.<\/p>\n","protected":false},"excerpt":{"rendered":"<p>Produkt mo\u017cna stosowa\u0107 zar\u00f3wno wewn\u0105trz, jak i na zewn\u0105trz pomieszcze\u0144, a dzi\u0119ki odporno\u015bci na wilgo\u0107, ple\u015b\u0144 i grzyby gwarantuje efektywne u\u017cytkowanie. Klej monta\u017cowy TYTAN FIX2 CLEAR BEZBARWNY &#8211; 290ml <\/p>\n","protected":false},"featured_media":20614,"comment_status":"open","ping_status":"closed","template":"","meta":{"_acf_changed":false,"inline_featured_image":false},"product_cat":[1475],"product_tag":[1547,1483],"class_list":{"0":"post-20535","1":"product","2":"type-product","3":"status-publish","4":"has-post-thumbnail","6":"product_cat-kleje-montazowe","7":"product_tag-kleje-montazowe","8":"product_tag-tytan","10":"first","11":"instock","12":"shipping-taxable","13":"purchasable","14":"product-type-simple"},"acf":[],"_links":{"self":[{"href":"https:\/\/e-adams.pl\/de\/wp-json\/wp\/v2\/product\/20535","targetHints":{"allow":["GET"]}}],"collection":[{"href":"https:\/\/e-adams.pl\/de\/wp-json\/wp\/v2\/product"}],"about":[{"href":"https:\/\/e-adams.pl\/de\/wp-json\/wp\/v2\/types\/product"}],"replies":[{"embeddable":true,"href":"https:\/\/e-adams.pl\/de\/wp-json\/wp\/v2\/comments?post=20535"}],"wp:featuredmedia":[{"embeddable":true,"href":"https:\/\/e-adams.pl\/de\/wp-json\/wp\/v2\/media\/20614"}],"wp:attachment":[{"href":"https:\/\/e-adams.pl\/de\/wp-json\/wp\/v2\/media?parent=20535"}],"wp:term":[{"taxonomy":"product_cat","embeddable":true,"href":"https:\/\/e-adams.pl\/de\/wp-json\/wp\/v2\/product_cat?post=20535"},{"taxonomy":"product_tag","embeddable":true,"href":"https:\/\/e-adams.pl\/de\/wp-json\/wp\/v2\/product_tag?post=20535"}],"curies":[{"name":"wp","href":"https:\/\/api.w.org\/{rel}","templated":true}]}}