{"id":20536,"date":"2023-08-22T08:20:10","date_gmt":"2023-08-22T06:20:10","guid":{"rendered":"https:\/\/e-adams.pl\/produkt\/silikon-high-tack-290ml-jafra\/"},"modified":"2024-07-15T11:31:20","modified_gmt":"2024-07-15T09:31:20","slug":"klej-uniwersalny-high-tack-jafra-290ml","status":"publish","type":"product","link":"https:\/\/e-adams.pl\/de\/produkt\/klej-uniwersalny-high-tack-jafra-290ml\/","title":{"rendered":"Klej uniwersalny HIGH TACK JAFRA &#8211; 290ml"},"content":{"rendered":"<h1>Super mocny klej HIGH TACK JAFRA<\/h1>\n<p>Jest to \u015brodek, kt\u00f3ry charakteryzuje si\u0119 doskona\u0142\u0105 przyczepno\u015bci\u0105 do wszelkich materia\u0142\u00f3w budowlanych i konstrukcyjnych, r\u00f3wnie\u017c wilgotnych jak: betonu, ceg\u0142y, kamienia naturalnego, p\u0142yty gipsowo-kartonowej, drewna i materia\u0142\u00f3w drewnopochodnych, metali, szk\u0142a i ceramiki, wi\u0119kszo\u015bci tworzyw sztucznych, np. PCV, styropianu, poliakrylu i poliw\u0119glan\u00f3w.<\/p>\n<ul>\n<li>Uniwersalny klej na bazie polimeru hybrydowego charakteryzuj\u0105cy si\u0119 du\u017c\u0105 si\u0142\u0105 klejenia wst\u0119pnego.<\/li>\n<li>Stosowany do klejenia i uszczelniania wszelkich materia\u0142\u00f3w budowlanych: kamienia naturalnego, drewna, betonu, metalu, ceg\u0142y, szk\u0142a, ceramiki, tynku, poliuretanu, tworzyw sztucznych, p\u0142yty wi\u00f3rowej itp.<\/li>\n<li>\u0141\u0105czy elementy z blachy ocynkowanej, mosi\u0105dzu i innych metali.<\/li>\n<\/ul>\n","protected":false},"excerpt":{"rendered":"<p>Elastyczny klej do zostosowa\u0144 budowlanych. Klej uniwersalny HIGH TACK JAFRA &#8211; 290ml<\/p>\n","protected":false},"featured_media":20621,"comment_status":"open","ping_status":"closed","template":"","meta":{"_acf_changed":false,"inline_featured_image":false},"product_cat":[1475],"product_tag":[1012,1509],"class_list":{"0":"post-20536","1":"product","2":"type-product","3":"status-publish","4":"has-post-thumbnail","6":"product_cat-kleje-montazowe","7":"product_tag-jafra","8":"product_tag-klej-uniwersalny","10":"first","11":"instock","12":"shipping-taxable","13":"purchasable","14":"product-type-simple"},"acf":[],"_links":{"self":[{"href":"https:\/\/e-adams.pl\/de\/wp-json\/wp\/v2\/product\/20536","targetHints":{"allow":["GET"]}}],"collection":[{"href":"https:\/\/e-adams.pl\/de\/wp-json\/wp\/v2\/product"}],"about":[{"href":"https:\/\/e-adams.pl\/de\/wp-json\/wp\/v2\/types\/product"}],"replies":[{"embeddable":true,"href":"https:\/\/e-adams.pl\/de\/wp-json\/wp\/v2\/comments?post=20536"}],"wp:featuredmedia":[{"embeddable":true,"href":"https:\/\/e-adams.pl\/de\/wp-json\/wp\/v2\/media\/20621"}],"wp:attachment":[{"href":"https:\/\/e-adams.pl\/de\/wp-json\/wp\/v2\/media?parent=20536"}],"wp:term":[{"taxonomy":"product_cat","embeddable":true,"href":"https:\/\/e-adams.pl\/de\/wp-json\/wp\/v2\/product_cat?post=20536"},{"taxonomy":"product_tag","embeddable":true,"href":"https:\/\/e-adams.pl\/de\/wp-json\/wp\/v2\/product_tag?post=20536"}],"curies":[{"name":"wp","href":"https:\/\/api.w.org\/{rel}","templated":true}]}}