{"id":20537,"date":"2023-08-22T08:20:11","date_gmt":"2023-08-22T06:20:11","guid":{"rendered":"https:\/\/e-adams.pl\/produkt\/pianka-pistolet-yellow-750ml-soudal\/"},"modified":"2024-07-15T11:31:22","modified_gmt":"2024-07-15T09:31:22","slug":"pistoletowa-pianka-montazowa-soudal-750ml","status":"publish","type":"product","link":"https:\/\/e-adams.pl\/de\/produkt\/pistoletowa-pianka-montazowa-soudal-750ml\/","title":{"rendered":"Pistoletowa pianka monta\u017cowa SOUDAL &#8211; 750ml"},"content":{"rendered":"<h1>Pistoletowa piana poliuretanowa:<\/h1>\n<p>Pistoletowa pianka monta\u017cowa Soudal o obni\u017conej rozpr\u0119\u017calno\u015bci przeznaczona do wszelkich prac wyko\u0144czeniowych i instalacyjnych w temperaturach dodatnich (&gt;0\u00b0C). Pianka pistoletowa przydaje si\u0119 w czasie prac remontowo-budowlanych. Stosuj\u0105c j\u0105, mo\u017cesz uszczelni\u0107 o\u015bcie\u017cnice okienne lub wype\u0142ni\u0107 przepusty rurowe i kablowe \u2013 jest wielozadaniowa. Bezproblemowo dostosujesz j\u0105 do w\u0142asnych potrzeb, gdy\u017c cechuje si\u0119 idealn\u0105 przyczepno\u015bci\u0105 do muru, ceg\u0142y, betonu, aluminium, PCV, drewna oraz kamienia.<\/p>\n<h3>W\u0142a\u015bciwo\u015bci produktu:<\/h3>\n<ul>\n<li>Wysoka wydajno\u015b\u0107 i stabilno\u015b\u0107 wymiar\u00f3w.<\/li>\n<li>Kr\u00f3tki czas utwardzania &#8211; dalsza obr\u00f3bka ju\u017c po ok. 60 minutach (dla warstwy 3 cm).<\/li>\n<li>Doskona\u0142a przyczepno\u015b\u0107 do drewna i materia\u0142\u00f3w drewnopochodnych, PCV, aluminium i innych metali (r\u00f3wnie\u017c pokrytych pow\u0142okami lakierniczymi), betonu, muru, ceg\u0142y, powierzchni szkliwionych itp.<\/li>\n<li>Precyzyjna i oszcz\u0119dna aplikacja.<\/li>\n<\/ul>\n<h3>Zastosowanie produktu:<\/h3>\n<ul>\n<li>Uszczelnienia przy monta\u017cu o\u015bcie\u017cnic okiennych i drzwiowych, szczeg\u00f3lnie z wielokomorowych i kolorowych profili PVC.<\/li>\n<li>Monta\u017c i uszczelnianie parapet\u00f3w, rolet, prog\u00f3w, stopni schod\u00f3w itp.<\/li>\n<li>Wype\u0142nianie i wyg\u0142uszanie pustych przestrzeni w konstrukcjach szkieletowych termoizolacja element\u00f3w instalacji c.o. i wodno-kanalizacyjnej, armatury \u0142azienkowej, wanien, brodzik\u00f3w itp.<\/li>\n<li>Izolacja termiczna i akustyczna \u015bcianek dzia\u0142owych, pod\u0142\u00f3g, strop\u00f3w, dach\u00f3w itp.<\/li>\n<li>Uniwersalna pianka do wype\u0142niania przepust\u00f3w rurowych, przej\u015b\u0107 instalacyjnych w \u015bcianach i stropach itp.<\/li>\n<\/ul>\n<h3>Dane techniczne:<\/h3>\n<p><strong>Podstawa<\/strong>: Prepolimer poliuretanowy<br \/>\n<strong>Konsystencja<\/strong>: Stabilna pianka (po utwardzeniu)<br \/>\n<strong>System utwardzania<\/strong>: Polimeryzacja z udzia\u0142em wilgoci<br \/>\n<strong>Czas ci\u0119cia<\/strong>: Ok. 60 min. dla 3 cm warstwy (20\u00b0C \/65% RH.)<br \/>\n<strong>Wydajno\u015b\u0107<\/strong>: Ok. 45l\/1000ml pianki (zale\u017cnie od otoczenia)<br \/>\n<strong>G\u0119sto\u015b\u0107 wzgl\u0119dna<\/strong>: Ok. 22 kg\/m3 (pianka utwardzona)<br \/>\n<strong>Odporno\u015b\u0107 termiczna<\/strong>: Od \u2013 40\u00b0C do + 100\u00b0C (pianka utwardzona)<\/p>\n<p><strong>Temperatura aplikacji<\/strong>: Od +5\u00b0C do +35\u00b0C<br \/>\n<strong>Termoizolacyjno\u015b\u0107<\/strong>: \u03bb &#8211; 0,035 W\/m*K (MPA BAU Hannover)<br \/>\n<strong>Izolacyjno\u015b\u0107 akustyczna<\/strong>: RST,w = 58 dB (i.f.t. Rosenheim)<br \/>\n<strong>Nasi\u0105kliwo\u015b\u0107 wod\u0105<\/strong>: &lt; 1kg\/m2 (PN-EN 1609:2013) Przyczepno\u015b\u0107 do betonu, PVC i drewna: &gt; 120 kPa<br \/>\n<strong>Zmiany wymiar\u00f3w liniowych (grubo\u015b\u0107)<\/strong>: &lt; 2% po 7 dniach (FEICA TM 1004:2012) Napr\u0119\u017cenia \u015bciskaj\u0105ce (10%): &gt; 15 kPa (PN-EN 826:2013)<br \/>\n<strong>Wytrzyma\u0142o\u015b\u0107 na \u015bcinanie:<\/strong> &gt; 30 kPa (PN-EN 12090: 2013)<br \/>\n<strong>Wytrzyma\u0142o\u015b\u0107 na rozci\u0105ganie<\/strong>: &gt; 50 kPa (PN-EN 1607:2013)<\/p>\n<h2>Pianka monta\u017cowa do PVC &#8211; Spos\u00f3b u\u017cycia:<\/h2>\n<p style=\"text-align: justify;\">Pod\u0142o\u017ce musi by\u0107 czyste, wolne od t\u0142uszczu i lu\u017anych zanieczyszcze\u0144 (kurz, stare szczeliwa itp.), bezpo\u015brednio przed na\u0142o\u017ceniem pianki pod\u0142o\u017ce obficie zwil\u017cy\u0107 wod\u0105, puszka powinna mie\u0107 temperatur\u0119 pokojow\u0105, bezpo\u015brednio przed rozpocz\u0119ciem pracy<br \/>\nenergicznie wstrz\u0105sn\u0105\u0107 puszk\u0105 oko\u0142o 30 razy, nakr\u0119ci\u0107 puszk\u0119 na pistolet i wyregulowa\u0107 dysz\u0119 dozuj\u0105c\u0105, przestrze\u0144 robocz\u0105 wype\u0142nia\u0107 od do\u0142upowolnym, jednostajnym ruchem, zape\u0142niaj\u0105c j\u0105 tylko cz\u0119\u015bciowo i pozostawiaj\u0105c miejsce na rozpr\u0119\u017caj\u0105c\u0105 si\u0119 piank\u0119, warstwa pianki nie powinna by\u0107 grubsza ni\u017c 3 cm przed utwardzeniem.<\/p>\n<p style=\"text-align: justify;\">Wi\u0119ksze szczeliny wype\u0142nia\u0107 stopniowo warstwami, nast\u0119pn\u0105 warstw\u0119 nak\u0142ada\u0107 dopiero po utwardzeniu poprzedniej i zwil\u017ceniu jej wod\u0105, po ca\u0142kowitym utwardzeniu usun\u0105\u0107 elementy usztywniaj\u0105ce, obci\u0105\u0107 ostrym no\u017cem nadmiar pianki i zabezpieczy\u0107 przed dzia\u0142aniem promieni s\u0142onecznych. \u015bwie\u017ce zabrudzenia i narz\u0119dzia czy\u015bci\u0107 p\u0142ynem czyszcz\u0105cym do pianki poliuretanowej Soudal lub \u015bciereczkami SWIPEX, utwardzon\u0105 piank\u0119 usuwa\u0107 tylko mechanicznie lub przy pomocy preparatu PU REMOVER.<\/p>\n<h3>Okres trwa\u0142o\u015bci:<\/h3>\n<p>24 miesi\u0105ce w fabrycznym, zamkni\u0119tym opakowaniu, w ch\u0142odnym i suchym miejscu, w temperaturze od + 5\u00b0C do + 25\u00b0C.<\/p>\n<div class=\"notranslate\" style=\"all: initial;\"><\/div>\n","protected":false},"excerpt":{"rendered":"<p>Pistoletowa pianka monta\u017cowa SOUDAL do prac wyko\u0144czeniowych &#8211; wype\u0142nia, izoluje oraz wyg\u0142usza wn\u0119ki okienne i drzwiowe.<\/p>\n","protected":false},"featured_media":20592,"comment_status":"open","ping_status":"closed","template":"","meta":{"_acf_changed":false,"inline_featured_image":false},"product_cat":[286],"product_tag":[1498,1090,1495],"class_list":{"0":"post-20537","1":"product","2":"type-product","3":"status-publish","4":"has-post-thumbnail","6":"product_cat-piany-i-pianokleje","7":"product_tag-pianka-montazowa","8":"product_tag-pianka-pistoletowa","9":"product_tag-soudal","11":"first","12":"instock","13":"shipping-taxable","14":"purchasable","15":"product-type-simple"},"acf":[],"_links":{"self":[{"href":"https:\/\/e-adams.pl\/de\/wp-json\/wp\/v2\/product\/20537","targetHints":{"allow":["GET"]}}],"collection":[{"href":"https:\/\/e-adams.pl\/de\/wp-json\/wp\/v2\/product"}],"about":[{"href":"https:\/\/e-adams.pl\/de\/wp-json\/wp\/v2\/types\/product"}],"replies":[{"embeddable":true,"href":"https:\/\/e-adams.pl\/de\/wp-json\/wp\/v2\/comments?post=20537"}],"wp:featuredmedia":[{"embeddable":true,"href":"https:\/\/e-adams.pl\/de\/wp-json\/wp\/v2\/media\/20592"}],"wp:attachment":[{"href":"https:\/\/e-adams.pl\/de\/wp-json\/wp\/v2\/media?parent=20537"}],"wp:term":[{"taxonomy":"product_cat","embeddable":true,"href":"https:\/\/e-adams.pl\/de\/wp-json\/wp\/v2\/product_cat?post=20537"},{"taxonomy":"product_tag","embeddable":true,"href":"https:\/\/e-adams.pl\/de\/wp-json\/wp\/v2\/product_tag?post=20537"}],"curies":[{"name":"wp","href":"https:\/\/api.w.org\/{rel}","templated":true}]}}