{"id":20538,"date":"2023-08-22T08:20:12","date_gmt":"2023-08-22T06:20:12","guid":{"rendered":"https:\/\/e-adams.pl\/produkt\/akryl-express-acryl-bialy-280-ml-soudal\/"},"modified":"2024-07-15T11:31:22","modified_gmt":"2024-07-15T09:31:22","slug":"akryl-soudal-blyskawiczny-turbo-bialy-280ml","status":"publish","type":"product","link":"https:\/\/e-adams.pl\/de\/produkt\/akryl-soudal-blyskawiczny-turbo-bialy-280ml\/","title":{"rendered":"Akryl SOUDAL B\u0141YSKAWICZNY TURBO BIA\u0141Y &#8211; 280ml"},"content":{"rendered":"<h1>Do czego s\u0142u\u017cy akryl SOUDAL?<\/h1>\n<p>&nbsp;<\/p>\n<p>Szybkoschn\u0105cy akryl Turbo do zastosowa\u0144 wewn\u0119trznych &#8211; daje si\u0119 malowa\u0107 ju\u017c po 10 minutach od na\u0142o\u017cenia. Dzi\u0119ki znakomitej przyczepno\u015bci do typowych pod\u0142o\u017cy porowatych:<br \/>\nceg\u0142y, betonu, drewna, kamienia, p\u0142yt gipsowo-kartonowych \u2013 niezast\u0105piony przy wszelkich wewn\u0119trznych pracach wyko\u0144czeniowych.<\/p>\n<h3>W\u0142a\u015bciwo\u015bci produktu:<\/h3>\n<ul>\n<li>Innowacyjna formu\u0142a o kr\u00f3tkim czasie nask\u00f3rkowania &#8211; umo\u017cliwia b\u0142yskawiczne pomalowanie spoiny bez ryzyka przebarwienia.<\/li>\n<li>Nie zawiera rozpuszczalnik\u00f3w &#8211; bezwonny i bezpieczny dla wszelkich materia\u0142\u00f3w dekoracyjnych.<\/li>\n<li>Doskona\u0142a przyczepno\u015b\u0107 do typowych pod\u0142o\u017cy porowatych: ceg\u0142y, betonu, drewna, p\u0142yt gipsowo-kartonowych oraz aluminium.<\/li>\n<\/ul>\n<h3>Zastosowanie produktu:<\/h3>\n<ul>\n<li>Maskowanie szpar i p\u0119kni\u0119\u0107 w betonie, murze, tynku, drewnie itp.<\/li>\n<li>Spoinowanie p\u0142yt gipsowo-kartonowych w technologii suchej zabudowy.<\/li>\n<li>Spoinowanie listew o\u015bcie\u017cnicowych i przypod\u0142ogowych, parapet\u00f3w, paneli, kaseton\u00f3w i gzym\u00f3w dekoracyjnych.<\/li>\n<li>Fugowanie po\u0142\u0105cze\u0144 budowlanych o niewielkiej ruchomo\u015bci (do 15%)<\/li>\n<\/ul>\n<h3>Dane techniczne:<\/h3>\n<p>Podstawa: Dyspersja akrylowa<br \/>\nKonsystencja: Pasta<br \/>\nSystem utwardzania: Wysychanie fizyczne<br \/>\nCzas tworzenia nask\u00f3rka: Ok. 20 minut (przy 23\u00b0C\/50 % RH)<br \/>\nG\u0119sto\u015b\u0107: 1,70 g\/ml<br \/>\nTemperatura aplikacji: Od + 5\u00b0C do + 30\u00b0C<br \/>\nOdporno\u015b\u0107 termiczna: Od &#8211; 20\u00b0C do + 80\u00b0C<br \/>\nSkurcz po utwardzeniu: Ok. 15% (DIN52451)<\/p>\n<h3>Spos\u00f3b u\u017cycia:<\/h3>\n<p>Pod\u0142o\u017ce wykonane produktem Akryl SOUDAL musi by\u0107 czyste i suche. Pod\u0142o\u017ca bardzo ch\u0142onne zagruntowa\u0107 tym samym produktem rozcie\u0144czonym wod\u0105 w stosunku 1:2. Brzegi spoiny zabezpieczy\u0107 przed zabrudzeniem ta\u015bm\u0105 maskuj\u0105c\u0105, kt\u00f3r\u0105 usuwa si\u0119 natychmiast po obr\u00f3bce fugi. Akryl nak\u0142ada\u0107 r\u0119cznym lub pneumatycznym pistoletem do uszczelniaczy. Fug\u0119 wyg\u0142adza\u0107 szpachelk\u0105 zwil\u017con\u0105 wod\u0105 lub roztworem myd\u0142a przed utworzeniem si\u0119 nask\u00f3rka. Czyszczenie narz\u0119dzi i pod\u0142o\u017ca: wod\u0105 bezpo\u015brednio po u\u017cyciu.<\/p>\n<h3>Okres trwa\u0142o\u015bci:<\/h3>\n<p>12 miesi\u0119cy w fabrycznym, zamkni\u0119tymopakowaniu, w ch\u0142odnym i suchym miejscu, w temperaturze od + 5\u00b0C do + 25\u00b0C. Chroni\u0107 przed mrozem.<\/p>\n","protected":false},"excerpt":{"rendered":"<p>Akryl SOUDAL to uniwersalny preparat uszczelniaj\u0105cy niedoskona\u0142o\u015bci na bazie dyspersji akrylowych.<\/p>\n","protected":false},"featured_media":20576,"comment_status":"open","ping_status":"closed","template":"","meta":{"_acf_changed":false,"inline_featured_image":false},"product_cat":[1541],"product_tag":[1536,1495],"class_list":{"0":"post-20538","1":"product","2":"type-product","3":"status-publish","4":"has-post-thumbnail","6":"product_cat-akryle-i-spoiny","7":"product_tag-akryl-blyskawiczny","8":"product_tag-soudal","10":"first","11":"instock","12":"shipping-taxable","13":"purchasable","14":"product-type-simple"},"acf":[],"_links":{"self":[{"href":"https:\/\/e-adams.pl\/de\/wp-json\/wp\/v2\/product\/20538","targetHints":{"allow":["GET"]}}],"collection":[{"href":"https:\/\/e-adams.pl\/de\/wp-json\/wp\/v2\/product"}],"about":[{"href":"https:\/\/e-adams.pl\/de\/wp-json\/wp\/v2\/types\/product"}],"replies":[{"embeddable":true,"href":"https:\/\/e-adams.pl\/de\/wp-json\/wp\/v2\/comments?post=20538"}],"wp:featuredmedia":[{"embeddable":true,"href":"https:\/\/e-adams.pl\/de\/wp-json\/wp\/v2\/media\/20576"}],"wp:attachment":[{"href":"https:\/\/e-adams.pl\/de\/wp-json\/wp\/v2\/media?parent=20538"}],"wp:term":[{"taxonomy":"product_cat","embeddable":true,"href":"https:\/\/e-adams.pl\/de\/wp-json\/wp\/v2\/product_cat?post=20538"},{"taxonomy":"product_tag","embeddable":true,"href":"https:\/\/e-adams.pl\/de\/wp-json\/wp\/v2\/product_tag?post=20538"}],"curies":[{"name":"wp","href":"https:\/\/api.w.org\/{rel}","templated":true}]}}