{"id":20539,"date":"2023-08-22T08:20:12","date_gmt":"2023-08-22T06:20:12","guid":{"rendered":"https:\/\/e-adams.pl\/produkt\/akryl-bialy-280-ml-soudal\/"},"modified":"2024-07-15T11:31:22","modified_gmt":"2024-07-15T09:31:22","slug":"akryl-uniwersalny-soudal-bialy-280ml","status":"publish","type":"product","link":"https:\/\/e-adams.pl\/de\/produkt\/akryl-uniwersalny-soudal-bialy-280ml\/","title":{"rendered":"Akryl uniwersalny SOUDAL BIA\u0141Y &#8211; 280ml"},"content":{"rendered":"<h1>Do czego s\u0142u\u017cy akryl SOUDAL?<\/h1>\n<p>&nbsp;<\/p>\n<p>Akryl uniwersalny SOUDAL BIA\u0141Y na bazie dyspersji akrylowych, kt\u00f3ry charakteryzuje si\u0119 doskona\u0142\u0105 przyczepno\u015bci do wszelkich pod\u0142o\u017cy porowatych, jakie stosowane s\u0105 w budownictwie (w tym do ceg\u0142y, betonu, drewna, kamienia oraz p\u0142yt gipsowo-kartonowych). Akryl firmy Soudal nie zawiera rozpuszczalnik\u00f3w, a po utwardzeniu mo\u017ce by\u0107 szlifowany i malowany. Przeznaczony jest do zastosowa\u0144 wewn\u0119trznych. Bardzo dobrze sprawdzi si\u0119 m.in. przy wype\u0142nianiu szczelin, rys i ubytk\u00f3w w betonie, murze i tynku, przy wype\u0142nianiu spoin wok\u00f3\u0142 ram drewnianych i metalowych oraz przy spoinowaniu fug o ruchomo\u015bci maksymalnie do 15 %.<\/p>\n<h3>W\u0142a\u015bciwo\u015bci produktu:<\/h3>\n<ul>\n<li>Trwa\u0142e i odporne na blakni\u0119cie kolory.<\/li>\n<li>Po utwardzeniu daje si\u0119 malowa\u0107 i nie przebarwia pow\u0142ok malarskich.<\/li>\n<li>Perfekcyjna przyczepno\u015b\u0107 do wszelkich pod\u0142o\u017cy porowatych stosowanych w budownictwie: tynk\u00f3w gipsowych i cementowych, betonu, drewna, p\u0142yt gipsowo-kartonowych itp.<\/li>\n<li>Nie zawiera rozpuszczalnik\u00f3w \u2013 jest bezwonny i ca\u0142kowicie bezpieczny dla wszelkiego rodzaju materia\u0142\u00f3w dekoracyjnych.<\/li>\n<\/ul>\n<h3>Zastosowanie produktu:<\/h3>\n<ul>\n<li>Spoinowanie po\u0142\u0105cze\u0144 mi\u0119dzy \u015bcianami i sufitami, p\u0142yt gipsowo-kartonowych itp.<\/li>\n<li>Wype\u0142nianie szpar i p\u0119kni\u0119\u0107 w betonie, murze, tynku, drewnie itp.<\/li>\n<li>Fugowanie listew o\u015bcie\u017cnicowych i przypod\u0142ogowych, parapet\u00f3w, kaseton\u00f3w i gzyms\u00f3w dekoracyjnych itp.<\/li>\n<li>Uszczelnianie po\u0142\u0105cze\u0144 budowlanych o niewielkiej ruchomo\u015bci (do 15%).<\/li>\n<\/ul>\n<h3>Dane techniczne:<\/h3>\n<p>Podstawa: Dyspersja akrylowa<br \/>\nKonsystencja: Pasta<br \/>\nSystem utwardzania: Wysychanie fizyczne<br \/>\nCzas tworzenia nask\u00f3rka*: Ok. 20 minut (przy 23\u00b0C\/50 % RH)<br \/>\nG\u0119sto\u015b\u0107: Ok. 1,66 g\/ml (w zale\u017cno\u015bci od koloru)<br \/>\nTemperatura aplikacji: Od + 5\u00b0C do + 30\u00b0C<br \/>\nOdporno\u015b\u0107 termiczna: Od &#8211; 20\u00b0C do + 80\u00b0C<br \/>\nSkurcz po utwardzeniu: Ok. 15% (DIN52541)<\/p>\n<h3>Spos\u00f3b u\u017cycia:<\/h3>\n<p>Pod\u0142o\u017ce musi by\u0107 czyste i suche, brzegi spoiny zabezpieczy\u0107 przed za-<br \/>\nbrudzeniem ta\u015bm\u0105 maskuj\u0105c\u0105, kt\u00f3r\u0105 usuwa si\u0119 natychmiast po obr\u00f3bce fugi, akryl nak\u0142ada\u0107 r\u0119cznym lub pneumatycznym pistoletem do uszczelniaczy fug\u0119 wyg\u0142adza\u0107 szpachelk\u0105 zwil\u017con\u0105 wod\u0105 lub roztworem myd\u0142a przed utworzeniem si\u0119 nask\u00f3rka, czyszczenie narz\u0119dzi i pod\u0142o\u017ca: wod\u0105 bezpo\u015brednio po u\u017cyciu.<\/p>\n<h3>Okres trwa\u0142o\u015bci:<\/h3>\n<p>12 miesi\u0119cy w fabrycznym, zamkni\u0119tymopakowaniu, w ch\u0142odnym i suchym miejscu, w temperaturze od + 5\u00b0C do + 25\u00b0C. Chroni\u0107 przed mrozem.<\/p>\n","protected":false},"excerpt":{"rendered":"<p>Akryl uniwersalny SOUDAL BIA\u0141Y to uniwersalny preparat uszczelniaj\u0105cy niedoskona\u0142o\u015bci na bazie dyspersji akrylowych.<\/p>\n","protected":false},"featured_media":20574,"comment_status":"open","ping_status":"closed","template":"","meta":{"_acf_changed":false,"inline_featured_image":false},"product_cat":[1541],"product_tag":[2460,1495],"class_list":{"0":"post-20539","1":"product","2":"type-product","3":"status-publish","4":"has-post-thumbnail","6":"product_cat-akryle-i-spoiny","7":"product_tag-akryl-uniwersalny","8":"product_tag-soudal","10":"first","11":"instock","12":"shipping-taxable","13":"purchasable","14":"product-type-simple"},"acf":[],"_links":{"self":[{"href":"https:\/\/e-adams.pl\/de\/wp-json\/wp\/v2\/product\/20539","targetHints":{"allow":["GET"]}}],"collection":[{"href":"https:\/\/e-adams.pl\/de\/wp-json\/wp\/v2\/product"}],"about":[{"href":"https:\/\/e-adams.pl\/de\/wp-json\/wp\/v2\/types\/product"}],"replies":[{"embeddable":true,"href":"https:\/\/e-adams.pl\/de\/wp-json\/wp\/v2\/comments?post=20539"}],"wp:featuredmedia":[{"embeddable":true,"href":"https:\/\/e-adams.pl\/de\/wp-json\/wp\/v2\/media\/20574"}],"wp:attachment":[{"href":"https:\/\/e-adams.pl\/de\/wp-json\/wp\/v2\/media?parent=20539"}],"wp:term":[{"taxonomy":"product_cat","embeddable":true,"href":"https:\/\/e-adams.pl\/de\/wp-json\/wp\/v2\/product_cat?post=20539"},{"taxonomy":"product_tag","embeddable":true,"href":"https:\/\/e-adams.pl\/de\/wp-json\/wp\/v2\/product_tag?post=20539"}],"curies":[{"name":"wp","href":"https:\/\/api.w.org\/{rel}","templated":true}]}}