{"id":20540,"date":"2023-08-22T08:20:13","date_gmt":"2023-08-22T06:20:13","guid":{"rendered":"https:\/\/e-adams.pl\/produkt\/akryl-lekki-szpachlowy-bialy-280-ml-soudal\/"},"modified":"2024-07-15T11:31:22","modified_gmt":"2024-07-15T09:31:22","slug":"akryl-soudal-szpachlowy-lekki-bialy-280ml","status":"publish","type":"product","link":"https:\/\/e-adams.pl\/de\/produkt\/akryl-soudal-szpachlowy-lekki-bialy-280ml\/","title":{"rendered":"Akryl SOUDAL SZPACHLOWY LEKKI BIA\u0141Y &#8211; 280ml"},"content":{"rendered":"<h1>Do czego s\u0142u\u017cy akryl SOUDAL?<\/h1>\n<p>&nbsp;<\/p>\n<p>Super lekka cienkowarstwowa szpachla akrylowa do b\u0142yskawicznych napraw powierzchni \u015bcian wewn\u0119trznych i sufit\u00f3w. Daje si\u0119 szlifowa\u0107 i malowa\u0107 ju\u017c po 20 minutach od na\u0142o\u017cenia.<\/p>\n<h3>W\u0142a\u015bciwo\u015bci produktu:<\/h3>\n<ul>\n<li>\u0141atwa w na\u0142o\u017ceniu i obr\u00f3bce pasta o konsystencji pianki.<\/li>\n<li>Po utwardzeniu daje si\u0119 szlifowa\u0107 papierem \u015bciernym lub siatk\u0105 malarsk\u0105.<\/li>\n<li>Mo\u017ce by\u0107 nak\u0142adana bardzo cienk\u0105 warstw\u0105 &#8211; bez ryzyka skurczu i sp\u0119kania.<\/li>\n<li>Doskona\u0142a przyczepno\u015b\u0107 do p\u0142yt G-K, tynk\u00f3w gipsowych i tradycyjnych, sztukaterii, betonu i innych materia\u0142\u00f3w porowatych.<\/li>\n<li>Nie zawiera rozpuszczalnik\u00f3w &#8211; bezwonna i bezpieczna dla wszelkich materia\u0142\u00f3w dekoracyjnych.<\/li>\n<\/ul>\n<h3>Zastosowanie produktu:<\/h3>\n<ul>\n<li>Wype\u0142nianie i wyr\u00f3wnywanie p\u0119kni\u0119\u0107, rys i ubytk\u00f3w w sufitach i \u015bcianach, bezpo\u015brednio przed malowaniem.<\/li>\n<li>Maskowanie wkr\u0119t\u00f3w i innych \u0142\u0105cznik\u00f3w mechanicznych w systemach suchej zabudowy.<\/li>\n<li>Bezskurczowe spoinowanie p\u0142yt kartonowo-gipsowych, wype\u0142nianie spoin wok\u00f3\u0142 ram drewnianych i metalowych, przy listwach, parapetach itp.<\/li>\n<\/ul>\n<h3>Dane techniczne:<\/h3>\n<p>Podstawa: Dyspersja akrylowa<br \/>\nKonsystencja: Pasta<br \/>\nSystem utwardzania: Wysychanie fizyczne<br \/>\nCzas tworzenia nask\u00f3rka: Ok. 5 minut (przy 23\u00b0C\/50% RH)<br \/>\nG\u0119sto\u015b\u0107: 0,58 g\/cm3<br \/>\nTemperatura aplikacji: Od + 5\u00b0C do + 30\u00b0C<br \/>\nOdporno\u015b\u0107 termiczna: Od \u2013 20\u00b0C do + 80\u00b0C<br \/>\nSkurcz po utwardzeniu: Brak skurczu<\/p>\n<h3>Spos\u00f3b u\u017cycia:<\/h3>\n<p>Pod\u0142o\u017ce musi by\u0107 czyste i suche. W razie potrzeby nak\u0142ada\u0107 produkt w dw\u00f3ch warstwach w odst\u0119pie min. 60 minut. Na wi\u0119kszych powierzchniach akryl rozprowadzi\u0107 warstw\u0105 o grubo\u015bci max.2 mm. Wyr\u00f3wna\u0107 i wyg\u0142adzi\u0107 powierzchni\u0119szpachelk\u0105 zwil\u017con\u0105 wod\u0105 przed utworzeniem si\u0119 nask\u00f3rka (ograniczy top\u00f3\u017aniejsze szlifowanie powierzchni). Powierzchnia (w zale\u017cno\u015bci od ilo\u015bciu\u017cytego produktu, wilgotno\u015bci otoczeniai typu pod\u0142o\u017ca) mo\u017ce by\u0107 malowana ju\u017cpo 15 minutach<\/p>\n<h3>Okres trwa\u0142o\u015bci:<\/h3>\n<p>12 miesi\u0119cy w fabrycznym, zamkni\u0119tymopakowaniu, w ch\u0142odnym i suchym miejscu, w temperaturze od + 5\u00b0C do + 25\u00b0C. Chroni\u0107 przed mrozem.<\/p>\n","protected":false},"excerpt":{"rendered":"<p>Uniwersalny preparat uszczelniaj\u0105cy niedoskona\u0142o\u015bci na bazie dyspersji akrylowych.<\/p>\n","protected":false},"featured_media":20578,"comment_status":"open","ping_status":"closed","template":"","meta":{"_acf_changed":false,"inline_featured_image":false},"product_cat":[1541],"product_tag":[1538,1537],"class_list":{"0":"post-20540","1":"product","2":"type-product","3":"status-publish","4":"has-post-thumbnail","6":"product_cat-akryle-i-spoiny","7":"product_tag-akryl-szpachlowy","8":"product_tag-souda","10":"first","11":"instock","12":"shipping-taxable","13":"purchasable","14":"product-type-simple"},"acf":[],"_links":{"self":[{"href":"https:\/\/e-adams.pl\/de\/wp-json\/wp\/v2\/product\/20540","targetHints":{"allow":["GET"]}}],"collection":[{"href":"https:\/\/e-adams.pl\/de\/wp-json\/wp\/v2\/product"}],"about":[{"href":"https:\/\/e-adams.pl\/de\/wp-json\/wp\/v2\/types\/product"}],"replies":[{"embeddable":true,"href":"https:\/\/e-adams.pl\/de\/wp-json\/wp\/v2\/comments?post=20540"}],"wp:featuredmedia":[{"embeddable":true,"href":"https:\/\/e-adams.pl\/de\/wp-json\/wp\/v2\/media\/20578"}],"wp:attachment":[{"href":"https:\/\/e-adams.pl\/de\/wp-json\/wp\/v2\/media?parent=20540"}],"wp:term":[{"taxonomy":"product_cat","embeddable":true,"href":"https:\/\/e-adams.pl\/de\/wp-json\/wp\/v2\/product_cat?post=20540"},{"taxonomy":"product_tag","embeddable":true,"href":"https:\/\/e-adams.pl\/de\/wp-json\/wp\/v2\/product_tag?post=20540"}],"curies":[{"name":"wp","href":"https:\/\/api.w.org\/{rel}","templated":true}]}}