{"id":20541,"date":"2023-08-22T08:20:14","date_gmt":"2023-08-22T06:20:14","guid":{"rendered":"https:\/\/e-adams.pl\/produkt\/piana-700ml-sprayable-foam-gun-grade-soudal\/"},"modified":"2024-05-10T11:02:37","modified_gmt":"2024-05-10T09:02:37","slug":"pianka-termoizolacyjna-natryskowa-soudal-700ml","status":"publish","type":"product","link":"https:\/\/e-adams.pl\/de\/produkt\/pianka-termoizolacyjna-natryskowa-soudal-700ml\/","title":{"rendered":"Pianka termoizolacyjna natryskowa SOUDAL &#8211; 700ml"},"content":{"rendered":"<h1>Pistoletowa pianka poliuretanowa<\/h1>\n<p>Gotowa do u\u017cycia Pianka termoizolacyjna natryskowa, termoizolacja w sprayu aplikowana standardowym pistoletem do piany. Idealne rozwi\u0105zanie do natychmiastowej poprawy izolacyjno\u015bci termicznej i akustycznej, ograniczenia utraty energii oraz eliminacji mostk\u00f3w termicznych we wszelkich konstrukcjach i pod\u0142o\u017cach budowlanych i przemys\u0142owych, szczeg\u00f3lnie w trudnodost\u0119pnych miejscach, gdzie u\u017cycie tradycyjnych materia\u0142\u00f3w izolacyjnych jest niemo\u017cliwe. Zapobiega kondensacji pary wodnej.<\/p>\n<h3>W\u0142a\u015bciwo\u015bci produktu:<\/h3>\n<ul>\n<li>Posiada znakomit\u0105 przyczepno\u015b\u0107 do betonu, betonu kom\u00f3rkowego, tynku, kamienia, drewna i p\u0142yt drewnopochodnych, p\u0142yt G-K i w\u0142\u00f3kno-cementowych, pianek izolacyjnych poliuretanowych i fenolowych, pod\u0142o\u017cy bitumicznych z posypk\u0105, metali, PVC, EPS i wielu innych tworzyw sztucznych (z wyj\u0105tkiem silikonu, PE, PP i PTFE).<\/li>\n<li>Aplikator pistoletowy zapewnia wysok\u0105 wydajno\u015b\u0107 i precyzj\u0119 nak\u0142adania, a obrotowa dysza umo\u017cliwia aplikacj\u0119 strumienia zar\u00f3wno w pionie jak i w poziomie.<\/li>\n<li>Nie zawiera izocyjanian\u00f3w (formu\u0142a Low MDI), rozpuszczalnik\u00f3w ani gaz\u00f3w szkodliwych dla warstwy ozonowej.<\/li>\n<li>Odporna na dzia\u0142anie wilgoci, wielu chemikali\u00f3w, grzyb\u00f3w i ple\u015bni itp.<\/li>\n<\/ul>\n<h3>Zastosowanie produktu:<\/h3>\n<ul>\n<li>Izolacja termiczna i akustyczna wszelkich pod\u0142o\u017cy budowlanych, szczeg\u00f3lnie w trudnodost\u0119pnych miejscach, gdzie u\u017cycie tradycyjnych materia\u0142\u00f3w izolacyjnych jest niemo\u017cliwe.<\/li>\n<li>Doszczelnianie stolarki budowlanej, nadpro\u017cy, \u015bcian, sufit\u00f3w i innych element\u00f3w konstrukcyjnych w celu zmniejszenia ryzyka powstawania mostk\u00f3w termicznych.<\/li>\n<li>Izolacja i wyg\u0142uszanie ma\u0142ych trudno dost\u0119pnych przestrzeni na poddaszach i w piwnicach, rur, kana\u0142\u00f3w, przepust\u00f3w, zbiornik\u00f3w, gara\u017cy, nadbud\u00f3w samochodowych, przyczep kempingowych, \u0142odzi itp.<\/li>\n<li>Nadaje si\u0119 do u\u017cytku wewn\u0105trz oraz na zewn\u0105trz.<\/li>\n<\/ul>\n<h3>Dane techniczne:<\/h3>\n<p>Podstawa Poliuretan<br \/>\nKonsystencja Stabilna pianka tiksotropowa<br \/>\nSystem utwardzania Polimeryzacja z udzia\u0142em wilgoci<br \/>\nCzas tworzenia nask\u00f3rka: Ok. 15 minut (EN 17333-3)<br \/>\nPe\u0142ne utwardzenie 24 h<br \/>\nG\u0119sto\u015b\u0107 Ok. 25 kg\/m3 (EN 17333-1)<br \/>\nPrzewodno\u015b\u0107 cieplna \u03bb &#8211; 0,036 W\/m*K (EN 17333-5)<br \/>\nWydajno\u015b\u0107: do 1 m2 z puszki 700 ml (warstwa 2 cm)<br \/>\nStopie\u0144 rozpr\u0119\u017cania w czasie utwardzania Ok. 83%<br \/>\nPrzepuszczalno\u015b\u0107 wody 0,08 mg\/m2<br \/>\nPrzepuszczalno\u015b\u0107 pary wodnej (\u03bc) 19<br \/>\nZawarto\u015b\u0107 kom\u00f3rek zamkni\u0119tych CCC1<br \/>\nTemperatura aplikacji Od +5\u00b0C do +30\u00b0C<br \/>\nOdporno\u015b\u0107 termiczna Od \u2013 40\u00b0C do + 90\u00b0C (pianka utwardzona)<\/p>\n<h3>Spos\u00f3b u\u017cycia:<\/h3>\n<p>Podczas pracy zawsze u\u017cywa\u0107 okular\u00f3w i r\u0119kawic ochronnych. Oczy\u015bci\u0107, odkurzy\u0107 i odt\u0142u\u015bci\u0107 pod\u0142o\u017ce. Zapewni\u0107 wystarczaj\u0105c\u0105 wentylacj\u0119. Nie stosowa\u0107 w pobli\u017cu otwartego ognia, \u017ar\u00f3de\u0142 ciep\u0142a itp. Lekkie zwil\u017cenie powierzchni poprawia przyczepno\u015b\u0107 i przyspiesza utwardzanie pianki. Temperatura otoczenia i pod\u0142o\u017ca podczas aplikacji: od +5\u00b0C do +30\u00b0C. Zalecana temperatura puszki od +5\u00b0C do +25\u00b0C. Energicznie wstrz\u0105sa\u0107 puszk\u0105 przynajmniej 20 razy. Za\u0142o\u017cy\u0107 dysz\u0105 natryskow\u0105 na luf\u0119 pistoletu i mocno docisn\u0105\u0107, a\u017c do us\u0142yszenia charakterystycznego klikni\u0119cia. Zamocowa\u0107 puszk\u0119 w gnie\u017adzie pistoletu do piany i ustawi\u0107 dysz\u0119 do pracy w pionie lub poziomie. Aplikowa\u0107 piank\u0119 w odleg\u0142o\u015bci 30-40 cm od powierzchni. Odleg\u0142o\u015b\u0107 od pod\u0142o\u017ca decyduje o szeroko\u015bci strumienia roboczego. Piana warstwie rozpr\u0119\u017ca si\u0119, podwajaj\u0105c pocz\u0105tkow\u0105 obj\u0119to\u015b\u0107. Nie nak\u0142ada\u0107 warstwy grubszej ni\u017c 2,5 cm. Je\u015bli potrzebnych jest kilka warstw, odczeka\u0107 ok. 30 minut przed na\u0142o\u017ceniem kolejnej warstwy i zwil\u017ceniem jej wod\u0105 (nie wi\u0119cej ni\u017c 3 warstwy o grubo\u015bci ok. 1 cm). W czasie d\u0142ugotrwa\u0142ej pracy regularnie wstrz\u0105sa\u0107 puszk\u0105 i dba\u0107 o czysto\u015b\u0107 dyszy natryskowej. Powierzchnia pianki osi\u0105ga py\u0142osucho\u015b\u0107 po ok. 15 minutach, a pe\u0142ne utwardzenie po 24 godzinach. \u015awie\u017ce zabrudzenia usuwa\u0107 przy pomocy P\u0142ynu czyszcz\u0105cego do pianki Soudal lub \u015bciereczek Swipex. Utwardzona pianka mo\u017cna by\u0107 usuni\u0119ta jedynie mechanicznie lub za pomoc\u0105 preparatu PU-Remover. Po zako\u0144czeniu pracy zabezpieczy\u0107 warstw\u0119 izolacji przed dzia\u0142aniem promieniowania UV pokrywaj\u0105c j\u0105 farb\u0105, zapraw\u0105 lub panelami dekoracyjnymi.<\/p>\n<h3>Okres trwa\u0142o\u015bci:<\/h3>\n<p>12 miesi\u0119cy w fabrycznym, zamkni\u0119tym opakowaniu, w ch\u0142odnym i suchym miejscu, w temperaturze od + 5\u00b0C do + 25\u00b0C.<\/p>\n","protected":false},"excerpt":{"rendered":"<p>Pianka termoizolacyjna natryskowa to idealne rozwi\u0105zanie do natychmiastowej poprawy izolacyjno\u015bci termicznej i akustycznej.<\/p>\n","protected":false},"featured_media":20599,"comment_status":"open","ping_status":"closed","template":"","meta":{"_acf_changed":false,"inline_featured_image":false},"product_cat":[286],"product_tag":[1543,1542,1495],"class_list":{"0":"post-20541","1":"product","2":"type-product","3":"status-publish","4":"has-post-thumbnail","6":"product_cat-piany-i-pianokleje","7":"product_tag-pianka-natryskowa","8":"product_tag-pianka-termoizolacyjna","9":"product_tag-soudal","11":"first","12":"instock","13":"shipping-taxable","14":"purchasable","15":"product-type-simple"},"acf":[],"_links":{"self":[{"href":"https:\/\/e-adams.pl\/de\/wp-json\/wp\/v2\/product\/20541","targetHints":{"allow":["GET"]}}],"collection":[{"href":"https:\/\/e-adams.pl\/de\/wp-json\/wp\/v2\/product"}],"about":[{"href":"https:\/\/e-adams.pl\/de\/wp-json\/wp\/v2\/types\/product"}],"replies":[{"embeddable":true,"href":"https:\/\/e-adams.pl\/de\/wp-json\/wp\/v2\/comments?post=20541"}],"wp:featuredmedia":[{"embeddable":true,"href":"https:\/\/e-adams.pl\/de\/wp-json\/wp\/v2\/media\/20599"}],"wp:attachment":[{"href":"https:\/\/e-adams.pl\/de\/wp-json\/wp\/v2\/media?parent=20541"}],"wp:term":[{"taxonomy":"product_cat","embeddable":true,"href":"https:\/\/e-adams.pl\/de\/wp-json\/wp\/v2\/product_cat?post=20541"},{"taxonomy":"product_tag","embeddable":true,"href":"https:\/\/e-adams.pl\/de\/wp-json\/wp\/v2\/product_tag?post=20541"}],"curies":[{"name":"wp","href":"https:\/\/api.w.org\/{rel}","templated":true}]}}