{"id":20542,"date":"2023-08-22T08:20:14","date_gmt":"2023-08-22T06:20:14","guid":{"rendered":"https:\/\/e-adams.pl\/produkt\/silikon-uniwesalny-bezbarwny-280-ml-soudal\/"},"modified":"2024-07-15T11:31:22","modified_gmt":"2024-07-15T09:31:22","slug":"silikon-uniwersalny-soudal-bezbarwny-280ml","status":"publish","type":"product","link":"https:\/\/e-adams.pl\/de\/produkt\/silikon-uniwersalny-soudal-bezbarwny-280ml\/","title":{"rendered":"Silikon uniwersalny SOUDAL BEZBARWNY &#8211; 280ml"},"content":{"rendered":"<p>[wpclv]<\/p>\n<h1>Silikon uniwersalny SOUDAL:<\/h1>\n<p>Uszczelniacz silikonowy o utwardzaniu kwa\u015bnym do zastosowa\u0144 budowlanych i warsztatowych wewn\u0105trz i na zewn\u0105trz. <\/p>\n<p>Silikon uniwersalny Soudal 280 ml bezbarwny to preparat o bardzo szerokim i uniwersalnym zastosowaniu. \u0141atwo \u0142\u0105czy si\u0119 z r\u00f3\u017cnymi materia\u0142ami budowlanymi, tworz\u0105c na nich wodoodporn\u0105 pow\u0142ok\u0119. Dzi\u0119ki \u0142atwej i bardzo wygodnej aplikacji z \u0142atwo\u015bci\u0105 wykonasz przewidziane prace.<\/p>\n<div class=\"opis\">\n<h3>W\u0142a\u015bciwo\u015bci produktu:<\/h3>\n<ul>\n<li> \u0141atwa aplikacja. <\/li>\n<li> Nie ulega odbarwieniom. <\/li>\n<li>  Doskona\u0142a przyczepno\u015b\u0107 do typowych pod\u0142o\u017cy porowatych &#8211; ceg\u0142y, drewna &#8211; i nieporowatych &#8211; szk\u0142a, ceramiki i powierzchni szkliwionych, wielu metali. <\/li>\n<li> Szeroka gama kolor\u00f3w, odpornych na blakni\u0119cie. <\/li>\n<li> Po utwardzeniu &#8211; trwale elastyczny i odporny na UV i wszelkie wp\u0142ywy atmosferyczne. <\/li>\n<\/ul>\n<h3>Zastosowanie produktu:<\/h3>\n<ul>\n<li> Spoiny po\u0142\u0105czeniowe mi\u0119dzy r\u00f3\u017cnymi materia\u0142ami budowlanymi i wyko\u0144czeniowymi w pracach budowlanych i warsztatowych. <\/li>\n<li>  Fugowanie p\u0142ytek ceramicznych wewn\u0105trz i na zewn\u0105trz pomieszcze\u0144. <\/li>\n<li>  Dora\u017ane prace szklarskie (ramy z drewna surowego lub malowanego farbami olejnymi). <\/li>\n<li>  Uszczelnienia w pomieszczeniach ch\u0142odniczych, instalacjach wentylacyjnych, przy produkcji kontener\u00f3w itp. <\/li>\n<\/ul>\n<\/div>\n<h3>Dane techniczne:<\/h3>\n<p>Podstawa: Polisiloksan<br \/>\nKonsystencja: Pasta<br \/>\nSystem utwardzania: Polimeryzacja z udzia\u0142em wilgoci<br \/>\nTyp utwardzania: Kwa\u015bny (acetoksy)<br \/>\nCzas tworzenia nask\u00f3rka:  Ok. 20 minut (przy 23\u00b0C\/50% RH)<br \/>\nSzybko\u015b\u0107 twardnienia: Ok. 2 mm\/24 godz. (23\u00b0C\/50% RH.)*<br \/>\nG\u0119sto\u015b\u0107: 1.03-1.25 g\/ml (w zale\u017cno\u015bci od koloru)<br \/>\nTwardo\u015b\u0107: (wg Shore A)** 20 +\/- 5<br \/>\nPowr\u00f3t elastyczny: > 90 % (ISO 7389)<br \/>\nDopuszczalne odkszta\u0142cenie: 25%<br \/>\nMaksymalne napr\u0119\u017cenie: 1,50 N\/mm2 (ISO 37)<br \/>\nModu\u0142 elastyczno\u015bci: 0,40 N\/mm2 (ISO 37)<br \/>\nWyd\u0142u\u017cenie przy zerwaniu: 800% (DIN ISO 37)<br \/>\nOdporno\u015b\u0107 termiczna: od &#8211; 60\u00b0C do + 120\u00b0C<br \/>\nTemperatura aplikacji: od +5\u00b0C do +35\u00b0C<\/p>\n<h3>Spos\u00f3b u\u017cycia:<\/h3>\n<p>Pod\u0142o\u017ce musi by\u0107 czyste, suche i odt\u0142uszczone. Nak\u0142ada\u0107 wyciskaczem do kartuszy w temperaturze od +5\u00b0C do +35\u00b0C. Spoin\u0119 wyg\u0142adza\u0107 preparatem Joint Finish lub roztworem detergentu przed utworzeniem si\u0119 nask\u00f3rka. Swie\u017ce zabrudzenia z pod\u0142o\u017ca i narz\u0119dzi usuwa\u0107 \u015bciereczkami Swipex lub benzyn\u0105 lakow\u0105. Zapozna\u0107 si\u0119 z kart\u0105 techniczn\u0105.<\/p>\n<h3>Okres trwa\u0142o\u015bci:<\/h3>\n<p>12 miesi\u0119cy w fabrycznym, zamkni\u0119tym opakowaniu, w ch\u0142odnym i suchym miejscu, w temperaturze od + 5\u00b0C do + 25\u00b0C.<\/p>\n","protected":false},"excerpt":{"rendered":"<p>Uniwersalny preparat uszczelniaj\u0105cy niedoskona\u0142o\u015bci o kwa\u015bnym utwardzeniu.<\/p>\n","protected":false},"featured_media":20588,"comment_status":"open","ping_status":"closed","template":"","meta":{"_acf_changed":false,"inline_featured_image":false},"product_cat":[285],"product_tag":[1534,1495],"class_list":{"0":"post-20542","1":"product","2":"type-product","3":"status-publish","4":"has-post-thumbnail","6":"product_cat-silikony-i-uszczelniacze","7":"product_tag-silikon-uniwersalny","8":"product_tag-soudal","10":"first","11":"instock","12":"shipping-taxable","13":"purchasable","14":"product-type-simple"},"acf":[],"_links":{"self":[{"href":"https:\/\/e-adams.pl\/de\/wp-json\/wp\/v2\/product\/20542","targetHints":{"allow":["GET"]}}],"collection":[{"href":"https:\/\/e-adams.pl\/de\/wp-json\/wp\/v2\/product"}],"about":[{"href":"https:\/\/e-adams.pl\/de\/wp-json\/wp\/v2\/types\/product"}],"replies":[{"embeddable":true,"href":"https:\/\/e-adams.pl\/de\/wp-json\/wp\/v2\/comments?post=20542"}],"wp:featuredmedia":[{"embeddable":true,"href":"https:\/\/e-adams.pl\/de\/wp-json\/wp\/v2\/media\/20588"}],"wp:attachment":[{"href":"https:\/\/e-adams.pl\/de\/wp-json\/wp\/v2\/media?parent=20542"}],"wp:term":[{"taxonomy":"product_cat","embeddable":true,"href":"https:\/\/e-adams.pl\/de\/wp-json\/wp\/v2\/product_cat?post=20542"},{"taxonomy":"product_tag","embeddable":true,"href":"https:\/\/e-adams.pl\/de\/wp-json\/wp\/v2\/product_tag?post=20542"}],"curies":[{"name":"wp","href":"https:\/\/api.w.org\/{rel}","templated":true}]}}