{"id":20546,"date":"2023-08-22T08:20:17","date_gmt":"2023-08-22T06:20:17","guid":{"rendered":"https:\/\/e-adams.pl\/produkt\/silikon-sanitarny-bialy-280-ml-soudal\/"},"modified":"2024-07-15T11:31:23","modified_gmt":"2024-07-15T09:31:23","slug":"silikon-sanitarny-bialy-280-ml-soudal","status":"publish","type":"product","link":"https:\/\/e-adams.pl\/de\/produkt\/silikon-sanitarny-bialy-280-ml-soudal\/","title":{"rendered":"Silikon sanitarny SOUDAL BIA\u0141Y &#8211; 280ml"},"content":{"rendered":"<h1>Silikon uniwersalny :<\/h1>\n<p>Uszczelniacz silikonowy o utwardzaniu kwa\u015bnym i podwy\u017cszonej odporno\u015bci na dzia\u0142anie wilgoci, grzyb\u00f3w i ple\u015bni. <\/p>\n<p>Silikon sanitarny Soudal bezbarwny to produkt, kt\u00f3ry ma wielki wp\u0142yw na wizualny efekt ca\u0142ej aran\u017cacji kuchni oraz \u0142azienki. Zawiera substancj\u0119 grzybob\u00f3jcz\u0105, dlatego doskonale nadaje si\u0119 do aplikacji w miejscach podatnych na zawilgocenie. Jako \u017ce nie przewodzi pr\u0105du, mo\u017cesz nim bez obaw zabezpieczy\u0107 tak\u017ce instalacje elektryczne.<\/p>\n<div class=\"opis\">\n<h3>W\u0142a\u015bciwo\u015bci produktu:<\/h3>\n<ul>\n<li>\u0141atwa aplikacja.<\/li>\n<li> Kr\u00f3tki czas polimeryzacji i osi\u0105gni\u0119cia pe\u0142nej funkcjonalno\u015bci.<\/li>\n<li>D\u0142ugotrwa\u0142a odporno\u015b\u0107 na dzia\u0142anie wilgoci, grzyb\u00f3w i ple\u015bni.<\/li>\n<li> Odporny na promieniowanie UV.<\/li>\n<li> Nie ulega odbarwieniom.<\/li>\n<li> Doskona\u0142a przyczepno\u015b\u0107 do typowych pod\u0142o\u017cy sanitarnych &#8211; szk\u0142a, ceramiki i powierzchni szkliwionych, ceg\u0142y, drewna i niekt\u00f3rych metali.<\/li>\n<li> Trwale elastyczny po utwardzeniu i odporny na wszelkie wp\u0142ywy atmosferyczne.<\/li>\n<\/ul>\n<h3>Zastosowanie produktu:<\/h3>\n<ul>\n<li>Wszelkie elastyczne uszczelnienia w pomieszczeniach o du\u017cej wilgotno\u015bci &#8211; kuchniach, \u0142azienkach, pralniach<\/li>\n<li>Spoinowanie zlewozmywak\u00f3w, wanien i brodzik\u00f3w emaliowanych<\/li>\n<li>Fugi mi\u0119dzy umywalk\u0105 a \u015bcian\u0105, wok\u00f3\u0142 muszli i coko\u0142\u00f3w ceramicznych<\/li>\n<li>Spoinowanie p\u0142ytek ceramicznych w po\u0142\u0105czeniach mi\u0119dzy \u015bcianami i pod\u0142og\u0105<\/li>\n<\/ul>\n<\/div>\n<h3>Dane techniczne:<\/h3>\n<p>Podstawa: Polisiloksan<br \/>\nKonsystencja: Pasta<br \/>\nSystem utwardzania: Polimeryzacja z udzia\u0142em wilgoci<br \/>\nTyp utwardzania: Kwa\u015bny (acetoksy)<br \/>\nCzas tworzenia nask\u00f3rka:  Ok. 20 minut (przy 23\u00b0C\/50% RH)<br \/>\nSzybko\u015b\u0107 twardnienia: Ok. 2 mm\/24 godz. (23\u00b0C\/50% RH.)*<br \/>\nG\u0119sto\u015b\u0107: 1.03-1.25 g\/ml (w zale\u017cno\u015bci od koloru)<br \/>\nTwardo\u015b\u0107: (wg Shore A)** 20 +\/- 5<br \/>\nPowr\u00f3t elastyczny: > 90 % (ISO 7389)<br \/>\nDopuszczalne odkszta\u0142cenie: 25%<br \/>\nMaksymalne napr\u0119\u017cenie: 1,50 N\/mm2 (ISO 37)<br \/>\nModu\u0142 elastyczno\u015bci: 0,40 N\/mm2 (ISO 37)<br \/>\nWyd\u0142u\u017cenie przy zerwaniu: 800% (DIN ISO 37)<br \/>\nOdporno\u015b\u0107 termiczna: od &#8211; 60\u00b0C do + 120\u00b0C<br \/>\nTemperatura aplikacji: od +5\u00b0C do +35\u00b0C<\/p>\n<h3>Spos\u00f3b u\u017cycia:<\/h3>\n<p>Pod\u0142o\u017ce musi by\u0107 czyste, suche i odt\u0142uszczone. Nak\u0142ada\u0107 wyciskaczem do kartuszy w temperaturze od +5\u00b0C and +35\u00b0C. Spoin\u0119 wyg\u0142adza\u0107 preparatem Joint Finish lub roztworem detergentu przed utworzeniem si\u0119 nask\u00f3rka. Swie\u017ce zabrudzenia z pod\u0142o\u017ca i narz\u0119dzi usuwa\u0107 \u015bciereczkami Swipex lub benzyn\u0105 lakow\u0105. Zapozna\u0107 si\u0119 z kart\u0105 techniczn\u0105. <\/p>\n<h3>Okres trwa\u0142o\u015bci:<\/h3>\n<p>Przechowywa\u0107 w oryginalnym opakowaniu, w suchym i ch\u0142odnym miejscu w temperaturze +5\u00b0C do +25\u00b0C. Okres trwa\u0142o\u015bci: 18 miesi\u0119cy od daty produkcji.<\/p>\n","protected":false},"excerpt":{"rendered":"<p>Silikon \u0142azienkowy wykazuj\u0105cy wysok\u0105 odporno\u015b\u0107 na wilgo\u0107. Przeznaczony do \u0142azienek oraz kuchni.  <\/p>\n","protected":false},"featured_media":20584,"comment_status":"open","ping_status":"closed","template":"","meta":{"_acf_changed":false,"inline_featured_image":false},"product_cat":[285],"product_tag":[1532,1495],"class_list":{"0":"post-20546","1":"product","2":"type-product","3":"status-publish","4":"has-post-thumbnail","6":"product_cat-silikony-i-uszczelniacze","7":"product_tag-silikon-sanitarny","8":"product_tag-soudal","10":"first","11":"instock","12":"shipping-taxable","13":"purchasable","14":"product-type-simple"},"acf":[],"_links":{"self":[{"href":"https:\/\/e-adams.pl\/de\/wp-json\/wp\/v2\/product\/20546","targetHints":{"allow":["GET"]}}],"collection":[{"href":"https:\/\/e-adams.pl\/de\/wp-json\/wp\/v2\/product"}],"about":[{"href":"https:\/\/e-adams.pl\/de\/wp-json\/wp\/v2\/types\/product"}],"replies":[{"embeddable":true,"href":"https:\/\/e-adams.pl\/de\/wp-json\/wp\/v2\/comments?post=20546"}],"wp:featuredmedia":[{"embeddable":true,"href":"https:\/\/e-adams.pl\/de\/wp-json\/wp\/v2\/media\/20584"}],"wp:attachment":[{"href":"https:\/\/e-adams.pl\/de\/wp-json\/wp\/v2\/media?parent=20546"}],"wp:term":[{"taxonomy":"product_cat","embeddable":true,"href":"https:\/\/e-adams.pl\/de\/wp-json\/wp\/v2\/product_cat?post=20546"},{"taxonomy":"product_tag","embeddable":true,"href":"https:\/\/e-adams.pl\/de\/wp-json\/wp\/v2\/product_tag?post=20546"}],"curies":[{"name":"wp","href":"https:\/\/api.w.org\/{rel}","templated":true}]}}