{"id":20548,"date":"2023-08-22T08:20:18","date_gmt":"2023-08-22T06:20:18","guid":{"rendered":"https:\/\/e-adams.pl\/produkt\/akryl-do-tynkow-bialy-280-ml-soudal\/"},"modified":"2024-07-15T11:31:23","modified_gmt":"2024-07-15T09:31:23","slug":"akryl-do-tynkow-soudal-bialy-280ml","status":"publish","type":"product","link":"https:\/\/e-adams.pl\/de\/produkt\/akryl-do-tynkow-soudal-bialy-280ml\/","title":{"rendered":"Akryl do tynk\u00f3w SOUDAL BIA\u0141Y &#8211; 280ml"},"content":{"rendered":"<h1>Do czego s\u0142u\u017cy akryl SOUDAL?<\/h1>\n<p>&nbsp;<\/p>\n<p>Uszczelniacz akrylowy o gruboziarnistej fakturze do napraw tradycyjnych tynk\u00f3w mineralnych. Akryl Soudal do tynk\u00f3w przyda Ci si\u0119 podczas prac remontowych i wyko\u0144czeniowych. Z jego pomoc\u0105 zakryjesz szczeliny w tynku na \u015bcianach wewn\u0119trznych i zewn\u0119trznych. Doskona\u0142a przyczepno\u015b\u0107 preparatu nie spowoduje ponownych p\u0119kni\u0119\u0107 czy wykruszania wyschni\u0119tej warstwy. \u0141atwa aplikacja i wygodne opakowanie umo\u017cliwi Ci szybkie zako\u0144czenie prac<\/p>\n<h3>W\u0142a\u015bciwo\u015bci produktu:<\/h3>\n<ul>\n<li>\u0141atwa aplikacja i obr\u00f3bka.<\/li>\n<li>Po utwardzeniu niewra\u017cliwy na wilgo\u0107.<\/li>\n<li>Ziarnista struktura imituje faktur\u0119 tynk\u00f3w mineralnych &#8211; wype\u0142nienie nie odr\u00f3\u017cnia si\u0119 od pod\u0142o\u017ca.<\/li>\n<li>Mo\u017ce by\u0107 malowany r\u00f3wnie\u017c farbami elewacyjnymi.<\/li>\n<li>Doskona\u0142a przyczepno\u015b\u0107 do tynk\u00f3w tradycyjnych, ceg\u0142y, betonu i innych materia\u0142\u00f3w porowatych.<\/li>\n<li>Nie zawiera rozpuszczalnik\u00f3w.<\/li>\n<\/ul>\n<h3>Zastosowanie produktu:<\/h3>\n<ul>\n<li>Wype\u0142nianie szczelin i p\u0119kni\u0119\u0107 w betonie, gazobetonie, murze i tynku.<\/li>\n<li>Spoinowanie ram drewnianych i metalowych, listew maskuj\u0105cych, parapet\u00f3w, schod\u00f3w.<\/li>\n<li>Wype\u0142nianie fug budowlanych o ruchomo\u015bci maksymalnie do 15%<\/li>\n<\/ul>\n<h3>Dane techniczne:<\/h3>\n<p>Podstawa: Dyspersja akrylowa<br \/>\nKonsystencja: Pasta<br \/>\nSystem utwardzania: Wysychanie fizyczne<br \/>\nCzas tworzenia nask\u00f3rka: Ok. 20 minut (przy 23\u00b0C\/50% RH)<br \/>\nCi\u0119\u017car w\u0142a\u015bciwy: 1,7 g\/ml<br \/>\nTemperatura aplikacji: Od + 5\u00b0C do + 30\u00b0C<br \/>\nOdporno\u015b\u0107 termiczna: Od &#8211; 20\u00b0C do + 80\u00b0C<br \/>\nSkurcz po utwardzeniu: Ok. 15% (DIN 52451)<\/p>\n<h3>Spos\u00f3b u\u017cycia:<\/h3>\n<p>Pod\u0142o\u017ce musi by\u0107 czyste i suche. Nak\u0142ada\u0107 wyciskaczem do kartuszy w temperaturze od +5\u00b0C and +30\u00b0C. Spoin\u0119 wyg\u0142adza\u0107 preparatem Joint Finish lub roztworem detergentu przed utworzeniem si\u0119 nask\u00f3rka. Swie\u017ce zabrudzenia z pod\u0142o\u017ca i narz\u0119dzi usuwa\u0107 \u015bciereczkami Swipex lub wod\u0105. Zapozna\u0107 si\u0119 z kart\u0105 techniczn\u0105.<\/p>\n<h3>Okres trwa\u0142o\u015bci:<\/h3>\n<p>12 miesi\u0119cy w fabrycznym, zamkni\u0119tymopakowaniu, w ch\u0142odnym i suchym miejscu, w temperaturze od + 5\u00b0C do + 25\u00b0C. Chroni\u0107 przed mrozem.<\/p>\n","protected":false},"excerpt":{"rendered":"<p>Uniwersalny preparat uszczelniaj\u0105cy niedoskona\u0142o\u015bci na bazie dyspersji akrylowych.<\/p>\n","protected":false},"featured_media":20580,"comment_status":"open","ping_status":"closed","template":"","meta":{"_acf_changed":false,"inline_featured_image":false},"product_cat":[1541],"product_tag":[1539,1495],"class_list":{"0":"post-20548","1":"product","2":"type-product","3":"status-publish","4":"has-post-thumbnail","6":"product_cat-akryle-i-spoiny","7":"product_tag-akryl-do-tynkow","8":"product_tag-soudal","10":"first","11":"instock","12":"shipping-taxable","13":"purchasable","14":"product-type-simple"},"acf":[],"_links":{"self":[{"href":"https:\/\/e-adams.pl\/de\/wp-json\/wp\/v2\/product\/20548","targetHints":{"allow":["GET"]}}],"collection":[{"href":"https:\/\/e-adams.pl\/de\/wp-json\/wp\/v2\/product"}],"about":[{"href":"https:\/\/e-adams.pl\/de\/wp-json\/wp\/v2\/types\/product"}],"replies":[{"embeddable":true,"href":"https:\/\/e-adams.pl\/de\/wp-json\/wp\/v2\/comments?post=20548"}],"wp:featuredmedia":[{"embeddable":true,"href":"https:\/\/e-adams.pl\/de\/wp-json\/wp\/v2\/media\/20580"}],"wp:attachment":[{"href":"https:\/\/e-adams.pl\/de\/wp-json\/wp\/v2\/media?parent=20548"}],"wp:term":[{"taxonomy":"product_cat","embeddable":true,"href":"https:\/\/e-adams.pl\/de\/wp-json\/wp\/v2\/product_cat?post=20548"},{"taxonomy":"product_tag","embeddable":true,"href":"https:\/\/e-adams.pl\/de\/wp-json\/wp\/v2\/product_tag?post=20548"}],"curies":[{"name":"wp","href":"https:\/\/api.w.org\/{rel}","templated":true}]}}