{"id":20550,"date":"2023-08-22T08:20:20","date_gmt":"2023-08-22T06:20:20","guid":{"rendered":"https:\/\/e-adams.pl\/produkt\/soudabond-easy-turbo-750ml-soudal\/"},"modified":"2024-07-15T11:31:33","modified_gmt":"2024-07-15T09:31:33","slug":"klej-budowlany-soudal-easy-turbo-750ml","status":"publish","type":"product","link":"https:\/\/e-adams.pl\/de\/produkt\/klej-budowlany-soudal-easy-turbo-750ml\/","title":{"rendered":"Klej budowlany SOUDAL EASY TURBO &#8211; 750ml"},"content":{"rendered":"<h1>Szybkoschn\u0105cy klej SOUDAL EASY TURBO:<\/h1>\n<p>Klej budowlany SOUDAL EASY TURBO to wysokowydajny pianoklej przystosowany do aplikacji pistoletem, do zastosowa\u0144 wewn\u0105trz i na zewn\u0105trz pomieszcze\u0144, zar\u00f3wno w pionie jak i poziomie. Skraca o 30% czas monta\u017cu materia\u0142\u00f3w dekoracyjnych i izolacyjnych. Klej poliuretanowy Soudal Easy Turbo 750 ml pos\u0142u\u017cy Ci do zamocowania lekkich element\u00f3w dekoracyjnych i wyko\u0144czeniowych do \u015bcian i sufit\u00f3w. Przykleisz nim na przyk\u0142ad kasetony oraz p\u0142yty dekoracyjne. Jest uniwersalny i szybko sklei nawet porowate materia\u0142y. Zaaplikujesz go za pomoc\u0105 praktycznego pistoletu.<\/p>\n<div class=\"opis\">\n<h3>W\u0142a\u015bciwo\u015bci produktu:<\/h3>\n<ul>\n<li>Szybki chwyt pocz\u0105tkowy &#8211; pewne wst\u0119pne mocowanie, dalsza obr\u00f3bka klejonych element\u00f3w jest mo\u017cliwa ju\u017c po 30 minutach.<\/li>\n<li>Wysokowydajny &#8211; do 14 m2 (przy aplikacji \u015bcie\u017cki o \u00d8 30mm).<\/li>\n<li>Tiksotropowy &#8211; nie sp\u0142ywa z powierzchni pionowych.<\/li>\n<li>Zapewnia najwy\u017csz\u0105 izolacyjno\u015b\u0107 termiczn\u0105 i akustyczn\u0105.<\/li>\n<li>Doskona\u0142a przyczepno\u015b\u0107 do typowych pod\u0142o\u017cy budowlanych, r\u00f3wnie\u017c wilgotnych: betonu, ceg\u0142y, p\u0142yt G-K, drewna i materia\u0142\u00f3w drewnopochodnych, metali, wielu tworzyw sztucznych (z wyj\u0105tkiem PE, PP i PTFE).<\/li>\n<li>Daje si\u0119 malowa\u0107 typowymi farbami.<\/li>\n<\/ul>\n<h3>Zastosowanie produktu:<\/h3>\n<ul>\n<li>Mocowania lekkich element\u00f3w dekoracyjnych i wyko\u0144czeniowych (listew, kaseton\u00f3w, rozet itp.) do \u015bcian i sufit\u00f3w.<\/li>\n<li>Klejenie p\u0142yt gipsowo-kartonowych i w\u0142\u00f3kno-cementowych w technologii suchej zabudowy, p\u0142yt dekoracyjnych drewnopochodnych i z tworzyw sztucznych, blach, itp. do wszelkich typowych pod\u0142o\u017cy budowlanych.<\/li>\n<li>Mocowanie p\u0142yt i paneli izolacyjnych z r\u00f3\u017cnego typu polistyrenu, poliuretanu, pianek fenolowych (PUR, PIR, XPS, EPS, PF) oraz we\u0142ny mineralnej i korka do betonu, ceg\u0142y, kamienia, drewna i metali (na przyk\u0142ad przy wyg\u0142uszaniu i ocieplaniu kontener\u00f3w, gara\u017cy, itp.<\/li>\n<li>Elastyczne po\u0142\u0105czenia element\u00f3w w konstrukcjach poddawanych wibracjom.<\/li>\n<li>Klejenia kszta\u0142tek z ceramiki porowatej i betonu kom\u00f3rkowego przy budowie \u015bcianek dzia\u0142owych i przepierze\u0144klejenie parapet\u00f3w, ekran\u00f3w i maskownic z drewna, materia\u0142\u00f3w drewnopochodnych, laminat\u00f3w itp.<\/li>\n<\/ul>\n<\/div>\n<h3>Dane techniczne:<\/h3>\n<p>Podstawa: Pre-polimer poliuretanowy<br \/>\nSystem utwardzania: Polimeryzacja z udzia\u0142em wilgoci<br \/>\nKolor: Pomara\u0144czowy<br \/>\nWydajno\u015b\u0107: Do 14 m2 paneli (\u015bcie\u017cka \u00d8 30 mm) \/ Do 10 m2 \u015bciany (bloczki 600 x 250 mm)<br \/>\nCzas tworzenia nask\u00f3rka: Ok. 3 minut (EN 17333-3) *<br \/>\nCzas ci\u0119cia: Ok. 20 minut (EN 17333-3) *<br \/>\nObci\u0105\u017cenie spoiny: Ok. 30 minut *<br \/>\nPe\u0142ne utwardzenie: Ok. 12 godzin dla \u015bcie\u017cki 30 mm*<br \/>\nWsp\u00f3\u0142czynnik przenikalno\u015bci cieplnej: 0,034 W\/m.K (DIN 52612)<br \/>\nTemperatura aplikacji: Od +5\u00b0C do +35\u00b0C<br \/>\nOdporno\u015b\u0107 termiczna: Od &#8211; 40\u00b0C do + 90\u00b0C<br \/>\nKr\u00f3tkotrwale: (do 1h) \u2013 do 120\u00b0C<br \/>\nWytrzyma\u0142o\u015b\u0107 na \u015bcinanie: \u2265 0,050 MPa (EOTA TR 46)<br \/>\nWytrzyma\u0142o\u015b\u0107 na rozci\u0105ganie: \u2265 0,060 MPa (EOTA TR 46)<\/p>\n<h3>Spos\u00f3b u\u017cycia:<\/h3>\n<p>Pod\u0142o\u017ce musi by\u0107 czyste, wolne od t\u0142uszczu i lu\u017anych zanieczyszcze\u0144 (kurz, stareszczeliwa itp.) Niesp\u00f3jne stare pow\u0142oki malarskie, tynki lub zaprawy nale\u017cy koniecznie usun\u0105\u0107, a pod\u0142o\u017ca mocno ch\u0142onne i porowate zaruntowa\u0107 odpowiedni\u0105 emulsj\u0105 Uwaga! Zapylone pod\u0142o\u017ce ma w\u0142a\u015bciwo\u015bci antyadhezyjne i uniemo\u017cliwia uzyskanie trwa\u0142ego i mocnego po\u0142\u0105czenia. Na nietypowych pod\u0142o\u017cach wykona\u0107 wst\u0119pne testy przyczepno\u015bci. Powierzchnie przylegaj\u0105ce do miejsca klejenia zabezpieczy\u0107 przed przypadkowym zabrudzeniem papierem lub foli\u0105. Puszki z klejem powinny mie\u0107 temperatur\u0119 &gt; 5oC . Dok\u0142adnie wymiesza\u0107 zawarto\u015b\u0107, energicznie potrz\u0105saj\u0105c puszk\u0105 przez ok. 30 sekund. W czasie pracy regularnie powtarza\u0107 mieszanie. Nakr\u0119ci\u0107 puszk\u0119 na pistolet i wyregulowa\u0107 dysz\u0119 dozuj\u0105c\u0105. Wylot pistoletu trzyma\u0107 w odleg\u0142o\u015bci 1-2 cm od powierzchni. Klej nak\u0142ada\u0107 \u015bcie\u017ck\u0105 o \u015brednicy ok. 3_cm po obwodzie p\u0142yt i paneli oraz zygzakiem przez ich \u015brodek. Przy\u0142o\u017cy\u0107 panel do \u015bciany w ci\u0105gu max 3 minut. W zale\u017cno\u015bci od warunk\u00f3w zewn\u0119trznych i wagi elementu przytrzyma\u0107 przez ok. 1 minut\u0119, dociskaj\u0105c klejony przedmiot do pod\u0142o\u017ca. W przypadku ci\u0119\u017cszych paneli, po na\u0142o\u017ceniu kleju odczeka\u0107 60-90 sekund, przy\u0142o\u017cy\u0107 do \u015bciany, r\u00f3wnomiernie przycisn\u0105\u0107 i przytrzyma\u0107. Naddatki kleju mo\u017cna obcina\u0107 ju\u017c po 20 minutach, dalsza obr\u00f3bka (szlifowanie, tynkowanie itp.) i obci\u0105\u017canie klejonych przedmiot\u00f3w s\u0105 mo\u017cliwe po 30 minutach. Szczeliny i nier\u00f3wno\u015bci pod\u0142o\u017ca mog\u0105 by\u0107 wype\u0142niane tym samym produktem. \u015awie\u017ce zabrudzenia z pod\u0142o\u017cy odpornych chemicznie i narz\u0119dzi usuwa\u0107 P\u0142ynem czyszcz\u0105cym do pianki Soudal lub \u015bciereczkami czyszcz\u0105cymi Swipex XXL. Po zako\u0144czeniu pracy zakr\u0119ci\u0107 dysz\u0119 regulacyjn\u0105. Puszk\u0119 z nakr\u0119conym pistoletem i zablokowan\u0105 dysz\u0105 mo\u017cna przechowywa\u0107 w pozycji stoj\u0105cej nawet przez kilka tygodni bez obawy utwardzenia pianki w pistolecie lub zaworze puszki.<\/p>\n<h3>Okres trwa\u0142o\u015bci:<\/h3>\n<p>24 miesi\u0105ce w fabrycznym, zamkni\u0119tym opakowaniu, w ch\u0142odnym i suchym miejscu, w temperaturze od + 5\u00b0C do + 25\u00b0C.<\/p>\n","protected":false},"excerpt":{"rendered":"<p>Klej budowlany SOUDAL EASY TURBO to b\u0142yskawiczny klej poliuretanowy.<\/p>\n","protected":false},"featured_media":20595,"comment_status":"open","ping_status":"closed","template":"","meta":{"_acf_changed":false,"inline_featured_image":false},"product_cat":[1475],"product_tag":[1540,1495],"class_list":{"0":"post-20550","1":"product","2":"type-product","3":"status-publish","4":"has-post-thumbnail","6":"product_cat-kleje-montazowe","7":"product_tag-klej-budowlany","8":"product_tag-soudal","10":"first","11":"instock","12":"shipping-taxable","13":"purchasable","14":"product-type-simple"},"acf":[],"_links":{"self":[{"href":"https:\/\/e-adams.pl\/de\/wp-json\/wp\/v2\/product\/20550","targetHints":{"allow":["GET"]}}],"collection":[{"href":"https:\/\/e-adams.pl\/de\/wp-json\/wp\/v2\/product"}],"about":[{"href":"https:\/\/e-adams.pl\/de\/wp-json\/wp\/v2\/types\/product"}],"replies":[{"embeddable":true,"href":"https:\/\/e-adams.pl\/de\/wp-json\/wp\/v2\/comments?post=20550"}],"wp:featuredmedia":[{"embeddable":true,"href":"https:\/\/e-adams.pl\/de\/wp-json\/wp\/v2\/media\/20595"}],"wp:attachment":[{"href":"https:\/\/e-adams.pl\/de\/wp-json\/wp\/v2\/media?parent=20550"}],"wp:term":[{"taxonomy":"product_cat","embeddable":true,"href":"https:\/\/e-adams.pl\/de\/wp-json\/wp\/v2\/product_cat?post=20550"},{"taxonomy":"product_tag","embeddable":true,"href":"https:\/\/e-adams.pl\/de\/wp-json\/wp\/v2\/product_tag?post=20550"}],"curies":[{"name":"wp","href":"https:\/\/api.w.org\/{rel}","templated":true}]}}