{"id":20630,"date":"2023-08-28T13:51:17","date_gmt":"2023-08-28T11:51:17","guid":{"rendered":"https:\/\/e-adams.pl\/produkt\/atlas-szop-2000-srodek-do-usuwania-zabrudzen-1kg\/"},"modified":"2024-07-15T11:31:09","modified_gmt":"2024-07-15T09:31:09","slug":"srodek-do-usuwania-zabrudzen-atlas-szop-2000-1kg","status":"publish","type":"product","link":"https:\/\/e-adams.pl\/de\/produkt\/srodek-do-usuwania-zabrudzen-atlas-szop-2000-1kg\/","title":{"rendered":"\u015arodek do usuwania zabrudze\u0144 ATLAS SZOP 2000 &#8211; 1kg"},"content":{"rendered":"<h3>Opis<\/h3>\n<p>Usuwa pozosta\u0142o\u015bci po dyspersjach \u2013 plamy po emulsjach gruntuj\u0105cych (np. UNI-GRUNT), preparatach zabezpieczaj\u0105cych (np. DELFIN), farbach emulsyjnych, tynkach dyspersyjnych. Rodzaje czyszczonych powierzchni &#8211; p\u0142ytki ceramiczne (glazura, terakota, gres, klinkier) i kamienne, sanitariaty, powierzchnie chromowane, lakierowane oraz wykonane ze stali szlachetnej i tworzyw sztucznych.<\/p>\n<p>Dost\u0119pne opakowania &#8211; pojemniki 1 kg.<\/p>\n<h3>Najwa\u017cniejsze cechy<\/h3>\n<ul>\n<li>do usuwania zabrudze\u0144 po gruntach, farbach, tynkach<\/li>\n<li>do kamienia naturalnego, ceramiki, stali, PVC<\/li>\n<li>do wewn\u0105trz i na zewn\u0105trz<\/li>\n<\/ul>\n<h3>W\u0142a\u015bciwo\u015bci<\/h3>\n<p>ATLAS SZOP 2000 zawiera niejonowe \u015brodki powierzchniowo-czynne, rozpuszczalniki oraz \u015brodki alkaliczne. Dzia\u0142a szybko i skutecznie \u2013 zawiera niejonowe \u015brodki powierzchniowo-czynne, rozpuszczalniki oraz \u015brodki alkaliczne, ma zdolno\u015bci do szybkiego rozpuszczania dyspersji. Mo\u017cliwo\u015b\u0107 rozcie\u0144czania &#8211; w zale\u017cno\u015bci od stopnia zabrudzenia \u015brodek mo\u017cna rozcie\u0144cza\u0107 wod\u0105 (max. w stosunku 1:5).<\/p>\n<h3>Przeznaczenie<\/h3>\n<p>Usuwa pozosta\u0142o\u015bci po dyspersjach \u2013 plamy po emulsjach gruntuj\u0105cych (np. UNI-GRUNT), preparatach zabezpieczaj\u0105cych (np. DELFIN), farbach emulsyjnych, tynkach dyspersyjnych. Rodzaje czyszczonych powierzchni &#8211; p\u0142ytki ceramiczne (glazura, terakota, gres, klinkier) i kamienne, sanitariaty, powierzchnie, chromowane, lakierowane oraz wykonane zestali szlachetnej i tworzyw sztucznych.<\/p>\n<h3>Czyszczenie<\/h3>\n<p>W zale\u017cno\u015bci od stopnia zabrudzenia &#8211; rozcie\u0144czy\u0107 ATLAS SZOP 2000 wod\u0105 (max. w stosunku 1:5) i rozprowadzi\u0107 na pod\u0142o\u017cu. Miejsca szczeg\u00f3lnie mocno zabrudzone nale\u017cy nas\u0105czy\u0107 p\u0142ynem bez rozcie\u0144czania. W ka\u017cdym przypadku, tak nas\u0105czone zabrudzenia pozostawi\u0107 na 15 minut, aby p\u0142yn zacz\u0105\u0142 dzia\u0142a\u0107, a nast\u0119pnie usun\u0105\u0107 pozosta\u0142o\u015bci stosuj\u0105c ostr\u0105 szczotk\u0119. W razie konieczno\u015bci czynno\u015bci powt\u00f3rzy\u0107. Po zako\u0144czeniu procesu czyszczenia ca\u0142o\u015b\u0107 dok\u0142adnie przemy\u0107 wod\u0105.<\/p>\n","protected":false},"excerpt":{"rendered":"<p>ATLAS SZOP 2000 to skoncentrowany \u015brodek do usuwania zabrudze\u0144 po dyspersjach polimerowych.<\/p>\n","protected":false},"featured_media":20699,"comment_status":"open","ping_status":"closed","template":"","meta":{"_acf_changed":false,"inline_featured_image":false},"product_cat":[1590],"product_tag":[],"class_list":{"0":"post-20630","1":"product","2":"type-product","3":"status-publish","4":"has-post-thumbnail","6":"product_cat-impregnaty-i-srodki-do-czyszczenia","8":"first","9":"instock","10":"shipping-taxable","11":"purchasable","12":"product-type-simple"},"acf":[],"_links":{"self":[{"href":"https:\/\/e-adams.pl\/de\/wp-json\/wp\/v2\/product\/20630","targetHints":{"allow":["GET"]}}],"collection":[{"href":"https:\/\/e-adams.pl\/de\/wp-json\/wp\/v2\/product"}],"about":[{"href":"https:\/\/e-adams.pl\/de\/wp-json\/wp\/v2\/types\/product"}],"replies":[{"embeddable":true,"href":"https:\/\/e-adams.pl\/de\/wp-json\/wp\/v2\/comments?post=20630"}],"wp:featuredmedia":[{"embeddable":true,"href":"https:\/\/e-adams.pl\/de\/wp-json\/wp\/v2\/media\/20699"}],"wp:attachment":[{"href":"https:\/\/e-adams.pl\/de\/wp-json\/wp\/v2\/media?parent=20630"}],"wp:term":[{"taxonomy":"product_cat","embeddable":true,"href":"https:\/\/e-adams.pl\/de\/wp-json\/wp\/v2\/product_cat?post=20630"},{"taxonomy":"product_tag","embeddable":true,"href":"https:\/\/e-adams.pl\/de\/wp-json\/wp\/v2\/product_tag?post=20630"}],"curies":[{"name":"wp","href":"https:\/\/api.w.org\/{rel}","templated":true}]}}