{"id":20632,"date":"2023-08-28T13:51:19","date_gmt":"2023-08-28T11:51:19","guid":{"rendered":"https:\/\/e-adams.pl\/produkt\/mydlo-malarskie-04kg\/"},"modified":"2024-07-15T11:31:12","modified_gmt":"2024-07-15T09:31:12","slug":"mydlo-malarskie-profit-0-4kg","status":"publish","type":"product","link":"https:\/\/e-adams.pl\/de\/produkt\/mydlo-malarskie-profit-0-4kg\/","title":{"rendered":"Myd\u0142o malarskie PROFIT &#8211; 0,4kg"},"content":{"rendered":"<h3>Opis:<\/h3>\n<p>Myd\u0142o malarskie PROFIT znajduje swoje zastosowanie w procesach zmywania i odt\u0142uszczania powierzchni takich jak \u015bciany, sufity oraz elewacje pokryte farbami emulsyjnymi, akrylowymi lub winylowymi, zar\u00f3wno przed malowaniem, jak i w trakcie przygotowa\u0144. Dodatkowo, jest doskona\u0142e do czyszczenia oraz gruntowania \u015bcian, kt\u00f3re zosta\u0142y pokryte farbami klejowymi (zalecana proporcja to 0,5 kg na 10-15 litr\u00f3w wody).<\/p>\n<p>Ponadto, myd\u0142o malarskie \u015bwietnie sprawdza si\u0119 jako \u015brodek do prania tkanin oraz do zmywania pod\u0142\u00f3g, drzwi, ram okiennych, glazury, terakoty, lastrika, wyk\u0142adzin PCV oraz lamperii olejnych. W celu uzyskania efektywnego roztworu, mo\u017cna doda\u0107 5-10 dag myd\u0142a malarskiego na 10 litr\u00f3w wody.<\/p>\n<h3>Stosowanie:<\/h3>\n<p>Wa\u017cne jest, aby pami\u0119ta\u0107 o przetarciu oczyszczonej powierzchni czyst\u0105 wod\u0105 po procesie zmywania i odt\u0142uszczania. Myd\u0142o nale\u017cy rozpu\u015bci\u0107 w niewielkiej ilo\u015bci ciep\u0142ej wody. Optymalna temperatura przechowywania to 18\u00b0C. Zmiana koloru i konsystencji, kt\u00f3re mog\u0105 wyst\u0105pi\u0107 w temperaturze odmiennej od tej podanej, nie wp\u0142ywa na jako\u015b\u0107 produktu i nie stanowi wady.<\/p>\n","protected":false},"excerpt":{"rendered":"<p>Myd\u0142o malarskie PROFIT s\u0142u\u017cy do zmywania, odt\u0142uszczania i czyszczenia powierzchni malowanych oraz mo\u017ce by\u0107 u\u017cywane do prania tkanin i mycia r\u00f3\u017cnych element\u00f3w.<\/p>\n","protected":false},"featured_media":20739,"comment_status":"open","ping_status":"closed","template":"","meta":{"_acf_changed":false,"inline_featured_image":false},"product_cat":[1590],"product_tag":[1599,1586,1597,1598],"class_list":{"0":"post-20632","1":"product","2":"type-product","3":"status-publish","4":"has-post-thumbnail","6":"product_cat-impregnaty-i-srodki-do-czyszczenia","7":"product_tag-czyszczenie-powierzchni","8":"product_tag-czyszczenie-scian","9":"product_tag-mydlo-malarskie","10":"product_tag-mydlo-malarskie-profit","12":"first","13":"instock","14":"shipping-taxable","15":"purchasable","16":"product-type-simple"},"acf":[],"_links":{"self":[{"href":"https:\/\/e-adams.pl\/de\/wp-json\/wp\/v2\/product\/20632","targetHints":{"allow":["GET"]}}],"collection":[{"href":"https:\/\/e-adams.pl\/de\/wp-json\/wp\/v2\/product"}],"about":[{"href":"https:\/\/e-adams.pl\/de\/wp-json\/wp\/v2\/types\/product"}],"replies":[{"embeddable":true,"href":"https:\/\/e-adams.pl\/de\/wp-json\/wp\/v2\/comments?post=20632"}],"wp:featuredmedia":[{"embeddable":true,"href":"https:\/\/e-adams.pl\/de\/wp-json\/wp\/v2\/media\/20739"}],"wp:attachment":[{"href":"https:\/\/e-adams.pl\/de\/wp-json\/wp\/v2\/media?parent=20632"}],"wp:term":[{"taxonomy":"product_cat","embeddable":true,"href":"https:\/\/e-adams.pl\/de\/wp-json\/wp\/v2\/product_cat?post=20632"},{"taxonomy":"product_tag","embeddable":true,"href":"https:\/\/e-adams.pl\/de\/wp-json\/wp\/v2\/product_tag?post=20632"}],"curies":[{"name":"wp","href":"https:\/\/api.w.org\/{rel}","templated":true}]}}