{"id":20633,"date":"2023-08-28T13:51:19","date_gmt":"2023-08-28T11:51:19","guid":{"rendered":"https:\/\/e-adams.pl\/produkt\/srodek-do-usuwania-pianki-100ml\/"},"modified":"2024-02-15T11:48:57","modified_gmt":"2024-02-15T10:48:57","slug":"srodek-do-usuwania-pianki-den-braven-100ml","status":"publish","type":"product","link":"https:\/\/e-adams.pl\/de\/produkt\/srodek-do-usuwania-pianki-den-braven-100ml\/","title":{"rendered":"Rozpuszczalnik do piany poliuretanowej DEN BRAVEN &#8211; 100ml"},"content":{"rendered":"<h3>Opis:<\/h3>\n<p>Rozpuszczalnik do piany poliuretanowej Den Braven stanowi przygotowany do natychmiastowego u\u017cycia \u015brodek w postaci pasty, zaprojektowany specjalnie do skutecznego usuwania pozosta\u0142o\u015bci zutwardzia\u0142ej piany poliuretanowej z r\u00f3\u017cnych powierzchni, takich jak szk\u0142o, drewno, aluminium, PCW (polichlorek winylu) i ceramika.<\/p>\n<div class=\"col-xs-12 col-sm-12 col-md-6\">\n<h3>Korzy\u015bci:<\/h3>\n<ul>\n<li>Usuwa utwardzone, przywarte do pod\u0142o\u017ca pozosta\u0142o\u015bci po pianie poliuretanowej<\/li>\n<li>Ulega ca\u0142kowitej biodegradacji<\/li>\n<li>Bardzo wysoka skuteczno\u015b\u0107<\/li>\n<li>\u0141atwy w zastosowaniu<\/li>\n<li>Nie zawiera rozpuszczalnik\u00f3w aromatycznych b\u0105d\u017a chlorowanych<\/li>\n<li>Znikoma wo\u0144<\/li>\n<li>Bezpieczny w u\u017cyciu &#8211; nie jest klasyfikowany jako preparat niebezpieczny<\/li>\n<\/ul>\n<h3>Obszar u\u017cycia:<\/h3>\n<p>Usuwanie pozosta\u0142o\u015bci utwardzonej piany poliuretanowej ze szk\u0142a, ceramiki budowlanej, betonu, tynk\u00f3w, g\u0142adzi, szpachli, drewna, stali, aluminium, PCW itp.<\/p>\n<h3>Spos\u00f3b u\u017cycia:<\/h3>\n<p>Utwardzon\u0105 pian\u0119 wyci\u0105\u0107 no\u017cem maksymalnie g\u0142\u0119boko. Zamiesza\u0107 przed u\u017cyciem. Za pomoc\u0105 p\u0119dzelka (pod nakr\u0119tk\u0105) na\u0142o\u017cy\u0107 obficie na pozosta\u0142o\u015bci nieusuni\u0119tej piany i natychmiast zakr\u0119ci\u0107 (produkt ma w\u0142a\u015bciwo\u015bci higroskopijne, inaczej utraci swoje w\u0142asno\u015bci). Pozostawi\u0107 przez 30 (PCW) do 120 minut (powlekane aluminium), a\u017c resztki piany ulegn\u0105 zmi\u0119kczeniu i mo\u017cna b\u0119dzie je usun\u0105\u0107 za pomoc\u0105 plastikowej lub drewnianej szpachelki. Im starsza piana, tym d\u0142u\u017cszy czas oczekiwania. Zetrze\u0107 such\u0105 \u015bciereczk\u0105, a nast\u0119pnie przemy\u0107, np. przy pomocy \u015bciereczek czyszcz\u0105cych Den Braven Bravo (nie pozostawia\u0107 resztek \u015brodka w kontakcie z czyszczon\u0105 powierzchni\u0105 d\u0142u\u017cej ni\u017c to niezb\u0119dne). W razie potrzeby na\u0142o\u017cy\u0107 powt\u00f3rnie. Przed zastosowaniem wykona\u0107 test w ma\u0142o widocznym miejscu i sprawdzi\u0107 reakcj\u0119 pod\u0142o\u017ca na \u015brodek.<\/p>\n<\/div>\n","protected":false},"excerpt":{"rendered":"<p>Rozpuszczalnik do piany poliuretanowej Den Braven to gotowy do u\u017cycia \u015brodek w postaci pasty, do usuwania pozosta\u0142o\u015bci utwardzonej piany poliuretanowej ze szk\u0142a, drewna, aluminium, PCW i ceramiki.<\/p>\n","protected":false},"featured_media":20745,"comment_status":"open","ping_status":"closed","template":"","meta":{"_acf_changed":false,"inline_featured_image":false},"product_cat":[1590],"product_tag":[955,1605,1602],"class_list":{"0":"post-20633","1":"product","2":"type-product","3":"status-publish","4":"has-post-thumbnail","6":"product_cat-impregnaty-i-srodki-do-czyszczenia","7":"product_tag-den-braven","8":"product_tag-rozpuszczalnik-do-piany-poliuretanowej","9":"product_tag-srodek-do-usuwania-pianki","11":"first","12":"outofstock","13":"shipping-taxable","14":"purchasable","15":"product-type-simple"},"acf":[],"_links":{"self":[{"href":"https:\/\/e-adams.pl\/de\/wp-json\/wp\/v2\/product\/20633","targetHints":{"allow":["GET"]}}],"collection":[{"href":"https:\/\/e-adams.pl\/de\/wp-json\/wp\/v2\/product"}],"about":[{"href":"https:\/\/e-adams.pl\/de\/wp-json\/wp\/v2\/types\/product"}],"replies":[{"embeddable":true,"href":"https:\/\/e-adams.pl\/de\/wp-json\/wp\/v2\/comments?post=20633"}],"wp:featuredmedia":[{"embeddable":true,"href":"https:\/\/e-adams.pl\/de\/wp-json\/wp\/v2\/media\/20745"}],"wp:attachment":[{"href":"https:\/\/e-adams.pl\/de\/wp-json\/wp\/v2\/media?parent=20633"}],"wp:term":[{"taxonomy":"product_cat","embeddable":true,"href":"https:\/\/e-adams.pl\/de\/wp-json\/wp\/v2\/product_cat?post=20633"},{"taxonomy":"product_tag","embeddable":true,"href":"https:\/\/e-adams.pl\/de\/wp-json\/wp\/v2\/product_tag?post=20633"}],"curies":[{"name":"wp","href":"https:\/\/api.w.org\/{rel}","templated":true}]}}