{"id":20634,"date":"2023-08-28T13:51:20","date_gmt":"2023-08-28T11:51:20","guid":{"rendered":"https:\/\/e-adams.pl\/produkt\/kit-szklarski-05kg\/"},"modified":"2024-07-15T11:31:12","modified_gmt":"2024-07-15T09:31:12","slug":"kit-szklarski-den-braven-0-5kg","status":"publish","type":"product","link":"https:\/\/e-adams.pl\/de\/produkt\/kit-szklarski-den-braven-0-5kg\/","title":{"rendered":"Kit szklarski DEN BRAVEN &#8211; 0,5kg"},"content":{"rendered":"<h3>Opis:<\/h3>\n<p>Kit szklarski DEN BRAVEN to malowalny kit na bazie oleju lnianego, \u017cywic syntetycznych i wype\u0142niaczy, do szklenia okien pojedynczych.<\/p>\n<h3>Korzy\u015bci<\/h3>\n<ul>\n<li>Tradycyjny kit na bazie oleju lnianego<\/li>\n<li>Bardzo dobrze przyczepny do czystych i suchych pod\u0142o\u017cy (drewno, szk\u0142o, metal, beton)<\/li>\n<li>Daje si\u0119 \u0142atwo formowa\u0107, naci\u0105ga\u0107, uk\u0142ada\u0107 i wyg\u0142adza\u0107<\/li>\n<li>Malowalny (przy prawid\u0142owym utrzymaniu d\u0142ugo nie p\u0119ka i nie kruszeje)<\/li>\n<\/ul>\n<h3>Zastosowania:<\/h3>\n<p>Szklenie okien pojedynczych (powierzchnia oszklenia &lt; 0,6 m\u00b2) w ramach drewnianych, metalowych, a tak\u017ce w otworach betonowych. Uzupe\u0142nianie ubytk\u00f3w kitu w starych i zabytkowych oknach.<\/p>\n<h3>Spos\u00f3b u\u017cycia:<\/h3>\n<p>Kit dobrze ugnie\u015b\u0107 w d\u0142oniach. W razie potrzeby lekko podgrza\u0107. Nie dodawa\u0107 rozpuszczalnik\u00f3w, oleju lnianego, kredy itp. Nak\u0142ada\u0107 za pomoc\u0105 no\u017ca szklarskiego. Po na\u0142o\u017ceniu wyg\u0142adzi\u0107. W celu ochrony przed kruszeniem kit pomalowa\u0107 mi\u0119dzy 1-8 tygodniem od na\u0142o\u017cenia (po ca\u0142kowitym utworzeniu si\u0119 nask\u00f3rka). Minimalny przekr\u00f3j fugi 10 x 10mm. Maksymalny przekr\u00f3j 25 x 25mm.<\/p>\n<h3>Informacja dodatkowa:<\/h3>\n<ul>\n<li>G\u0119sto\u015b\u0107: 2,1 g\/ml<\/li>\n<li>Konsystencja: pasta<\/li>\n<li>Odporno\u015b\u0107 na mr\u00f3z w transporcie: do -15\u00b0C<\/li>\n<li>Temperatura aplikacji: od +5\u00b0C do +30\u00b0C<\/li>\n<li>Tworzenie si\u0119 nask\u00f3rka: 2-4 miesi\u0105ce<\/li>\n<\/ul>\n","protected":false},"excerpt":{"rendered":"<p>Kit szklarski Den Braven to malowalny kit na bazie oleju lnianego, \u017cywic syntetycznych i wype\u0142niaczy, do szklenia okien pojedynczych.<\/p>\n","protected":false},"featured_media":20747,"comment_status":"open","ping_status":"closed","template":"","meta":{"_acf_changed":false,"inline_featured_image":false},"product_cat":[285],"product_tag":[955,1606,1608,1607],"class_list":{"0":"post-20634","1":"product","2":"type-product","3":"status-publish","4":"has-post-thumbnail","6":"product_cat-silikony-i-uszczelniacze","7":"product_tag-den-braven","8":"product_tag-kit-szklarski","9":"product_tag-szklenie-okien","10":"product_tag-uzupelnienie-ubytkow","12":"first","13":"instock","14":"shipping-taxable","15":"purchasable","16":"product-type-simple"},"acf":[],"_links":{"self":[{"href":"https:\/\/e-adams.pl\/de\/wp-json\/wp\/v2\/product\/20634","targetHints":{"allow":["GET"]}}],"collection":[{"href":"https:\/\/e-adams.pl\/de\/wp-json\/wp\/v2\/product"}],"about":[{"href":"https:\/\/e-adams.pl\/de\/wp-json\/wp\/v2\/types\/product"}],"replies":[{"embeddable":true,"href":"https:\/\/e-adams.pl\/de\/wp-json\/wp\/v2\/comments?post=20634"}],"wp:featuredmedia":[{"embeddable":true,"href":"https:\/\/e-adams.pl\/de\/wp-json\/wp\/v2\/media\/20747"}],"wp:attachment":[{"href":"https:\/\/e-adams.pl\/de\/wp-json\/wp\/v2\/media?parent=20634"}],"wp:term":[{"taxonomy":"product_cat","embeddable":true,"href":"https:\/\/e-adams.pl\/de\/wp-json\/wp\/v2\/product_cat?post=20634"},{"taxonomy":"product_tag","embeddable":true,"href":"https:\/\/e-adams.pl\/de\/wp-json\/wp\/v2\/product_tag?post=20634"}],"curies":[{"name":"wp","href":"https:\/\/api.w.org\/{rel}","templated":true}]}}