{"id":20635,"date":"2023-08-28T13:51:21","date_gmt":"2023-08-28T11:51:21","guid":{"rendered":"https:\/\/e-adams.pl\/produkt\/izomur-1l\/"},"modified":"2024-07-15T11:31:12","modified_gmt":"2024-07-15T09:31:12","slug":"preparat-do-osuszania-i-odgrzybiania-scian-izomur-1l","status":"publish","type":"product","link":"https:\/\/e-adams.pl\/de\/produkt\/preparat-do-osuszania-i-odgrzybiania-scian-izomur-1l\/","title":{"rendered":"Preparat do osuszania i odgrzybiania \u015bcian IZOMUR &#8211; 1l"},"content":{"rendered":"<p>Preparat do osuszania i odgrzybiania \u015bcian IZOMUR produkowany jest wy\u0142\u0105cznie na bazie surowc\u00f3w krajowych, takich jak \u017cywice silikonowe rozpuszczane w spirytusie etylowym i innych dodatkowych sk\u0142adnik\u00f3w (np. \u015brodk\u00f3w grzybob\u00f3jczych). Preparat nie zawiera chloru. IZOMUR jest bezpieczny w u\u017cytkowaniu \u2013 zgodnie z atestem higienicznym Pa\u0144stwowego Zak\u0142adu Higieny mo\u017ce by\u0107 stosowany w pomieszczeniach, w kt\u00f3rych na sta\u0142e przebywaj\u0105 ludzie i zwierz\u0119ta. Preparat zosta\u0142 dopuszczony przez konserwator\u00f3w zabytk\u00f3w do stosowania w obiektach zabytkowych.<\/p>\n<h3>Opis:<\/h3>\n<ul class=\"check\">\n<li>skuteczna izolacja przeciwwilgociowa \u2013 natychmiast blokuje dop\u0142yw wilgoci ponad wykonan\u0105 izolacj\u0119 poziom\u0105 oraz\u00a0odizolowuje wn\u0119trza pomieszczenia przy wykonywaniu izolacji pionowej;<\/li>\n<li>wprowadzony w\u00a0g\u0142\u0105b muru, dobrze si\u0119 rozprowadza wok\u00f3\u0142 wykonanych otwor\u00f3w, w\u00a0efekcie czego powstaje przepona dotycz\u0105ca ca\u0142ej grubo\u015bci \u015bciany, o\u00a0wysoko\u015bci oko\u0142o 30 \u2013 40 cm;<\/li>\n<li>niszczy grzyby i\u00a0ple\u015bnie oraz\u00a0zapobiega ich rozwojowi, nie\u00a0dopuszczaj\u0105c wilgoci;<\/li>\n<li>uniemo\u017cliwia ponowny rozw\u00f3j grzyb\u00f3w ple\u015bni w\u00a0miejscach, gdzie wykonano odgrzybianie;<\/li>\n<li>mo\u017ce by\u0107 stosowany w\u00a0murach o\u00a0konstrukcji ceglanej, betonowej, kamiennej i\u00a0mieszanej.<\/li>\n<\/ul>\n<h3>Zastosowanie:<\/h3>\n<ul class=\"arrow\">\n<li>do\u00a0izolacji przeciwwilgociowej \u2013 w\u00a0szczeg\u00f3lno\u015bci izolacji poziomej i\u00a0pionowej metod\u0105 iniekcji bezci\u015bnieniowej przeciw kapilarnemu podsi\u0105kaniu wody gruntowej,<\/li>\n<li>do\u00a0zabezpieczania tynk\u00f3w zewn\u0119trznych i\u00a0wewn\u0119trznych przed\u00a0zawilgoceniem,<\/li>\n<li>do\u00a0odgrzybiania \u015bcian i\u00a0usuwania grzyb\u00f3w ple\u015bniowych,<\/li>\n<li>do\u00a0zabezpieczania drewna przed\u00a0wilgoci\u0105 i\u00a0szkodnikami,<\/li>\n<li>jako dodatek do\u00a0zapraw tynkarskich i\u00a0farb emulsyjnych.<\/li>\n<\/ul>\n<h3>Specyfikacja:<\/h3>\n<ul>\n<li>Nazwa: IZOMUR<\/li>\n<li>Opis: barwa s\u0142omkowa\/produkt gotowy do u\u017cytku<\/li>\n<li>Zu\u017cycie: 10 litr\u00f3w\/m\u00b2 przekroju muru<\/li>\n<li>Okres gwarancji: 12 miesi\u0119cy od daty produkcji<\/li>\n<li>Dost\u0119pne opakowania: 1l, 2l, 5l, 0.6 opryskiwacz<\/li>\n<li>Zapach: charakterystyczny alkoholowy<\/li>\n<\/ul>\n","protected":false},"excerpt":{"rendered":"<p>IZOMUR s\u0142u\u017cy do osuszania mur\u00f3w i wykonywania hydroizolacji.<\/p>\n","protected":false},"featured_media":20685,"comment_status":"open","ping_status":"closed","template":"","meta":{"_acf_changed":false,"inline_featured_image":false},"product_cat":[1590],"product_tag":[1577,1579,1580,1578],"class_list":{"0":"post-20635","1":"product","2":"type-product","3":"status-publish","4":"has-post-thumbnail","6":"product_cat-impregnaty-i-srodki-do-czyszczenia","7":"product_tag-izomur","8":"product_tag-odgrzybianie-scian","9":"product_tag-osuszanie-scian","10":"product_tag-preparat-do-osuszania-i-odgrzybiania-scian","12":"first","13":"instock","14":"shipping-taxable","15":"purchasable","16":"product-type-simple"},"acf":[],"_links":{"self":[{"href":"https:\/\/e-adams.pl\/de\/wp-json\/wp\/v2\/product\/20635","targetHints":{"allow":["GET"]}}],"collection":[{"href":"https:\/\/e-adams.pl\/de\/wp-json\/wp\/v2\/product"}],"about":[{"href":"https:\/\/e-adams.pl\/de\/wp-json\/wp\/v2\/types\/product"}],"replies":[{"embeddable":true,"href":"https:\/\/e-adams.pl\/de\/wp-json\/wp\/v2\/comments?post=20635"}],"wp:featuredmedia":[{"embeddable":true,"href":"https:\/\/e-adams.pl\/de\/wp-json\/wp\/v2\/media\/20685"}],"wp:attachment":[{"href":"https:\/\/e-adams.pl\/de\/wp-json\/wp\/v2\/media?parent=20635"}],"wp:term":[{"taxonomy":"product_cat","embeddable":true,"href":"https:\/\/e-adams.pl\/de\/wp-json\/wp\/v2\/product_cat?post=20635"},{"taxonomy":"product_tag","embeddable":true,"href":"https:\/\/e-adams.pl\/de\/wp-json\/wp\/v2\/product_tag?post=20635"}],"curies":[{"name":"wp","href":"https:\/\/api.w.org\/{rel}","templated":true}]}}