{"id":20638,"date":"2023-08-28T13:51:23","date_gmt":"2023-08-28T11:51:23","guid":{"rendered":"https:\/\/e-adams.pl\/produkt\/pufas-spray-plesniobojczy-0-50l\/"},"modified":"2024-07-15T11:31:13","modified_gmt":"2024-07-15T09:31:13","slug":"spray-plesniobojczy-pufas-05l","status":"publish","type":"product","link":"https:\/\/e-adams.pl\/de\/produkt\/spray-plesniobojczy-pufas-05l\/","title":{"rendered":"Spray ple\u015bniob\u00f3jczy PUFAS &#8211; 0,5l"},"content":{"rendered":"<h3>Opis:<\/h3>\n<p>Spray ple\u015bniob\u00f3jczy PUFAS to innowacyjny produkt, kt\u00f3ry szybko usuwa ple\u015bnie, grzyby, glony i mech z r\u00f3\u017cnych powierzchni i materia\u0142\u00f3w, kt\u00f3re nie maj\u0105 kontaktu z \u017cywno\u015bci\u0105 ani \u015brodkami dla zwierz\u0105t. Dzia\u0142a g\u0142\u0119boko, eliminuj\u0105c mikroorganizmy i hamuj\u0105c ich powr\u00f3t. Przyjazny dla ludzi i zwierz\u0105t, produkt jest r\u00f3wnie\u017c przyjazny dla \u015brodowiska. To wszechstronne rozwi\u0105zanie dla czysto\u015bci i trwa\u0142o\u015bci przestrzeni zar\u00f3wno wewn\u0105trz, jak i na zewn\u0105trz budynk\u00f3w.<\/p>\n<h3>Cechy:<\/h3>\n<div class=\"flex flex-grow flex-col gap-3 max-w-full\">\n<div class=\"min-h-[20px] flex flex-col items-start gap-3 overflow-x-auto whitespace-pre-wrap break-words\">\n<div class=\"markdown prose w-full break-words dark:prose-invert light\">\n<p>Ten silnie efektywny \u015brodek eliminuj\u0105cy ple\u015bnie, grzyby, bakterie i glony wyr\u00f3\u017cnia si\u0119 natychmiastowym dzia\u0142aniem, co przynosi widoczne efekty ju\u017c po kr\u00f3tkim czasie. Preparat jest przeznaczony do stosowania wewn\u0105trz pomieszcze\u0144 na powierzchniach i materia\u0142ach, kt\u00f3re nie maj\u0105 kontaktu ani z \u017cywno\u015bci\u0105, ani z zwierz\u0119tami. Przy u\u017cywaniu tego \u015brodka przeciwgrzybiczego, wa\u017cne jest zachowanie odpowiedniej ostro\u017cno\u015bci.<\/p>\n<p>Preparat jest niezwykle \u0142atwy w aplikacji, poniewa\u017c opakowanie jest wyposa\u017cone w dysz\u0119 u\u0142atwiaj\u0105c\u0105 precyzyjne nak\u0142adanie p\u0142ynu. Doskonale sprawdza si\u0119 do usuwania ple\u015bni z pomieszcze\u0144 o podwy\u017cszonej wilgotno\u015bci. Dodatkowo, spray u\u0142atwia nanoszenie p\u0142ynu w trudno dost\u0119pnych miejscach i k\u0105tach. Po rozpyleniu preparatu na powierzchni\u0119, zaleca si\u0119 przemywanie jej wilgotn\u0105 \u015bciereczk\u0105.<\/p>\n<\/div>\n<\/div>\n<\/div>\n<h3>Jak stosowa\u0107 spray PUFAS:<\/h3>\n<ul>\n<li>R\u00f3wnomiernie rozpyli\u0107 preparat na obszary zaatakowane przez ple\u015b\u0144, trzymaj\u0105c odleg\u0142o\u015b\u0107 15-20 cm.<\/li>\n<li>Po 30 minutach delikatnie przetrze\u0107 powierzchnie wilgotn\u0105 \u015bciereczk\u0105.<\/li>\n<li>W sytuacji intensywnego zagrzybienia, powt\u00f3rzy\u0107 czynno\u015b\u0107.<\/li>\n<li>Podczas u\u017cytkowania mo\u017cna odczu\u0107 subtelny zapach chloru, dlatego zaleca si\u0119 dostateczne wywietrzenie pomieszczenia.<\/li>\n<\/ul>\n<h3>Przed u\u017cyciem nale\u017cy zapozna\u0107 si\u0119 z informacjami na opakowaniu:<\/h3>\n<ul>\n<li>U\u017cywaj produkt\u00f3w biob\u00f3jczych bezpiecznie.<\/li>\n<li>Zawsze czytaj etykiet\u0119 i informacje o produkcie przed u\u017cyciem.<\/li>\n<li>\u015arodek na bazie roztworu wodnego (50-100ml\/m2 pow.) Substancja czynna: aktywny chlor.<\/li>\n<li>Zawsze stosuj si\u0119 do zalece\u0144 producenta podanych na opakowaniu w zak\u0142adce niebezpiecze\u0144stwo.<\/li>\n<li>Uwaga. \u015arodek zawiera aktywny chlor, kt\u00f3ry natychmiastowo dezynfekuje i wybiela<\/li>\n<\/ul>\n","protected":false},"excerpt":{"rendered":"<p>Spray ple\u015bniob\u00f3jczy PUFAS skutecznie usuwa i zapobiega ple\u015bni, grzybom oraz glonom na r\u00f3\u017cnych powierzchniach.<\/p>\n","protected":false},"featured_media":20690,"comment_status":"open","ping_status":"closed","template":"","meta":{"_acf_changed":false,"inline_featured_image":false},"product_cat":[1590],"product_tag":[1586,1581,1582,1583,1559],"class_list":{"0":"post-20638","1":"product","2":"type-product","3":"status-publish","4":"has-post-thumbnail","6":"product_cat-impregnaty-i-srodki-do-czyszczenia","7":"product_tag-czyszczenie-scian","8":"product_tag-pufas","9":"product_tag-spray-plesniobojczy","10":"product_tag-usuwanie-grzybow","11":"product_tag-usuwanie-plesni","13":"first","14":"instock","15":"shipping-taxable","16":"purchasable","17":"product-type-simple"},"acf":[],"_links":{"self":[{"href":"https:\/\/e-adams.pl\/de\/wp-json\/wp\/v2\/product\/20638","targetHints":{"allow":["GET"]}}],"collection":[{"href":"https:\/\/e-adams.pl\/de\/wp-json\/wp\/v2\/product"}],"about":[{"href":"https:\/\/e-adams.pl\/de\/wp-json\/wp\/v2\/types\/product"}],"replies":[{"embeddable":true,"href":"https:\/\/e-adams.pl\/de\/wp-json\/wp\/v2\/comments?post=20638"}],"wp:featuredmedia":[{"embeddable":true,"href":"https:\/\/e-adams.pl\/de\/wp-json\/wp\/v2\/media\/20690"}],"wp:attachment":[{"href":"https:\/\/e-adams.pl\/de\/wp-json\/wp\/v2\/media?parent=20638"}],"wp:term":[{"taxonomy":"product_cat","embeddable":true,"href":"https:\/\/e-adams.pl\/de\/wp-json\/wp\/v2\/product_cat?post=20638"},{"taxonomy":"product_tag","embeddable":true,"href":"https:\/\/e-adams.pl\/de\/wp-json\/wp\/v2\/product_tag?post=20638"}],"curies":[{"name":"wp","href":"https:\/\/api.w.org\/{rel}","templated":true}]}}