{"id":20639,"date":"2023-08-28T13:51:23","date_gmt":"2023-08-28T11:51:23","guid":{"rendered":"https:\/\/e-adams.pl\/produkt\/szop-atlas-1-kg\/"},"modified":"2024-07-15T11:31:14","modified_gmt":"2024-07-15T09:31:14","slug":"srodek-czyszczacy-atlas-szop-1kg","status":"publish","type":"product","link":"https:\/\/e-adams.pl\/de\/produkt\/srodek-czyszczacy-atlas-szop-1kg\/","title":{"rendered":"\u015arodek czyszcz\u0105cy ATLAS SZOP &#8211; 1kg"},"content":{"rendered":"<h3>Opis<\/h3>\n<ul>\n<li>Usuwa pozosta\u0142o\u015bci po cemencie, wapnie i gipsie \u2013 zawiera kwas nieorganiczny, zalecany jest do czyszczenia powierzchni po pracach budowlanych, w kt\u00f3rych u\u017cywano zapraw mineralnych.<\/li>\n<li>Zmywa zabrudzenia u\u017cytkowe &#8211; brud, osad i plamy powsta\u0142e z minera\u0142\u00f3w zawartych w wodzie, plamy rdzy itp.<\/li>\n<li>Rodzaje czyszczonych powierzchni &#8211; p\u0142ytki ceramiczne (glazura, terakota, gres, klinkier) i kamienne, sanitariaty, a tak\u017ce po-wierzchnie chromowane, lakierowane oraz wykonane ze stali szlachetnej i tworzyw sztucznych.<\/li>\n<\/ul>\n<h3>Najwa\u017cniejsze cechy ATLAS SZOP:<\/h3>\n<ul>\n<li>do powierzchni odpornych na kwasy, ceramicznych, kamiennych, chromowanych, lakierowanych ze stali itp.<\/li>\n<li>usuwa osady z rdzy i wody<\/li>\n<li>koncentrat do rozcie\u0144czania<\/li>\n<\/ul>\n<h3>G\u0142\u00f3wne w\u0142a\u015bciwo\u015bci<\/h3>\n<ul>\n<li>zawiera kwas nieorganiczny<\/li>\n<li>koncentrat do rozcie\u0144czania wod\u0105 &#8211; max 1 : 15<\/li>\n<\/ul>\n<h3>Czyszczenie zabrudze\u0144:<\/h3>\n<p>Miejsca zabrudzone produktami zawieraj\u0105cymi cement lub wapno zaleca si\u0119 najpierw lekko nas\u0105czy\u0107 wod\u0105. Do nanoszenia preparatu na zabrudzenia i p\u00f3\u017aniejszego czyszczenia powierzchni najlepiej u\u017cywa\u0107 szczotki lub g\u0105bki. W zale\u017cno\u015bci od parametr\u00f3w pod\u0142o\u017ca, intensywno\u015bci i rodzaju zabrudze\u0144 preparat mo\u017cna stosowa\u0107 bez rozcie\u0144czenia lub jako roztw\u00f3r wodny (patrz tabela). Miejsca szczeg\u00f3lnie mocno zabrudzone nale\u017cy nas\u0105czy\u0107 preparatem bez rozcie\u0144czania i tak przygotowane pozostawi\u0107 na kilka minut, aby ATLAS SZOP zacz\u0105\u0142 dzia\u0142a\u0107. Nast\u0119pnie mo\u017cna przyst\u0105pi\u0107 do usuwania zabrudze\u0144. Nale\u017cy zachowa\u0107 ostro\u017cno\u015b\u0107 podczas wykonywania prac na powierzchniach, na kt\u00f3rych wyst\u0119puj\u0105 zaprawy zawieraj\u0105ce cement lub wapno, np. ok\u0142adzina ceramiczna, kt\u00f3rej spoiny wype\u0142niono cementow\u0105 zapraw\u0105 fugow\u0105. U\u017cycie w takim przypadku \u015brodka bez w\u0142a\u015bciwego rozcie\u0144czenia mo\u017ce spowodowa\u0107 omy\u0142kowe wymycie zaprawy lub jej przebarwianie. W ka\u017cdym przypadku oczyszczon\u0105 z zabrudze\u0144 powierzchni\u0119 nale\u017cy dok\u0142adnie przemy\u0107 czyst\u0105 wod\u0105 lub roztworem wodnym o lekkim odczynie zasadowym.<\/p>\n<h3>Przeznaczenie<\/h3>\n<p>Usuwa pozosta\u0142o\u015bci po cemencie, wapnie i gipsie \u2013 zawiera kwas nieorganiczny, zalecany jest do czyszczenia powierzchni po pracach budowlanych, w kt\u00f3rych u\u017cywano zapraw mineralnych. Zmywa zabrudzenia u\u017cytkowe &#8211; brud, osad i plamy powsta\u0142e z minera\u0142\u00f3w zawartych w wodzie, plamy rdzy itp. Rodzaje czyszczonych powierzchni &#8211; p\u0142ytki ceramiczne (glazura, terakota, gres, klinkier) i kamienne, sanitariaty, a tak\u017ce powierzchnie chromowane, lakierowane oraz wykonane ze stali szlachetnej i tworzyw sztucznych.<\/p>\n","protected":false},"excerpt":{"rendered":"<p>ATLAS SZOP to skoncentrowany \u015brodek do usuwania zabrudze\u0144 cementowych i wapiennych.<\/p>\n","protected":false},"featured_media":20697,"comment_status":"open","ping_status":"closed","template":"","meta":{"_acf_changed":false,"inline_featured_image":false},"product_cat":[1590],"product_tag":[1587,1588],"class_list":{"0":"post-20639","1":"product","2":"type-product","3":"status-publish","4":"has-post-thumbnail","6":"product_cat-impregnaty-i-srodki-do-czyszczenia","7":"product_tag-atlas-szop","8":"product_tag-czyszczenie-zabrudzen","10":"first","11":"instock","12":"shipping-taxable","13":"purchasable","14":"product-type-simple"},"acf":[],"_links":{"self":[{"href":"https:\/\/e-adams.pl\/de\/wp-json\/wp\/v2\/product\/20639","targetHints":{"allow":["GET"]}}],"collection":[{"href":"https:\/\/e-adams.pl\/de\/wp-json\/wp\/v2\/product"}],"about":[{"href":"https:\/\/e-adams.pl\/de\/wp-json\/wp\/v2\/types\/product"}],"replies":[{"embeddable":true,"href":"https:\/\/e-adams.pl\/de\/wp-json\/wp\/v2\/comments?post=20639"}],"wp:featuredmedia":[{"embeddable":true,"href":"https:\/\/e-adams.pl\/de\/wp-json\/wp\/v2\/media\/20697"}],"wp:attachment":[{"href":"https:\/\/e-adams.pl\/de\/wp-json\/wp\/v2\/media?parent=20639"}],"wp:term":[{"taxonomy":"product_cat","embeddable":true,"href":"https:\/\/e-adams.pl\/de\/wp-json\/wp\/v2\/product_cat?post=20639"},{"taxonomy":"product_tag","embeddable":true,"href":"https:\/\/e-adams.pl\/de\/wp-json\/wp\/v2\/product_tag?post=20639"}],"curies":[{"name":"wp","href":"https:\/\/api.w.org\/{rel}","templated":true}]}}