{"id":20640,"date":"2023-08-28T13:51:24","date_gmt":"2023-08-28T11:51:24","guid":{"rendered":"https:\/\/e-adams.pl\/produkt\/savo-srodek-grzybobojczy-05-l\/"},"modified":"2024-07-15T11:31:15","modified_gmt":"2024-07-15T09:31:15","slug":"srodek-grzybobojczy-savo-0-5l","status":"publish","type":"product","link":"https:\/\/e-adams.pl\/de\/produkt\/srodek-grzybobojczy-savo-0-5l\/","title":{"rendered":"\u015arodek grzybob\u00f3jczy SAVO &#8211; 0,5l"},"content":{"rendered":"<h2>\u015arodek do usuwania grzyb\u00f3w i ple\u015bni SAVO &#8211; 0,5l<\/h2>\n<h3>Opis:<\/h3>\n<p>\u015arodek grzybob\u00f3jczy SAVO doskonale eliminuje ple\u015bnie, glony oraz grzyby. Produkt jest gotowy do u\u017cycia od razu po otwarciu i nadaje si\u0119 do r\u00f3\u017cnych zastosowa\u0144. Mo\u017cna go bezpiecznie stosowa\u0107 na drewnianych powierzchniach, tynkach oraz malowanych \u015bcianach zar\u00f3wno zewn\u0119trznych, jak i wewn\u0119trznych.<\/p>\n<h3>W\u0142a\u015bciwo\u015bci:<\/h3>\n<p>To wyj\u0105tkowo skuteczny \u015brodek dezynfekcyjny, dedykowany do eliminacji ple\u015bni, glon\u00f3w oraz grzyb\u00f3w. Idealny do stosowania na powierzchnie drewniane, tynki oraz malowane \u015bciany zar\u00f3wno zewn\u0119trzne, jak i wewn\u0119trzne. Dzia\u0142a b\u0142yskawicznie, zapewniaj\u0105c natychmiastowe rezultaty.<\/p>\n<h3>Zastosowanie \u015brodka grzybob\u00f3jczego:<\/h3>\n<p>Preparat ten jest niezast\u0105piony przy usuwaniu ple\u015bni na \u015bcianach, usuwaniu ciemnych nalot\u00f3w (ple\u015bni) z trudno dost\u0119pnych szczelin, fug pomi\u0119dzy kafelkami, a tak\u017ce w \u0142azienkach, w okolicach wanien i umywalek. Mo\u017ce by\u0107 tak\u017ce u\u017cywany na meblach kuchennych, oknach, drzwiach oraz innych powierzchniach. Jego skuteczno\u015b\u0107 obejmuje mikroskopijne, w\u0142\u00f3kniste grzyby, algi oraz mech, oferuj\u0105c r\u00f3wnie\u017c wysokie w\u0142a\u015bciwo\u015bci bakteriob\u00f3jcze. Idealny do wykorzystania w pomieszczeniach o podwy\u017cszonej wilgotno\u015bci, nara\u017conych na rozw\u00f3j ple\u015bni. Znajduje zastosowanie w \u0142azienkach, pralniach, saunach, basenach, a tak\u017ce w kontek\u015bcie higieny publicznej oraz magazyn\u00f3w \u017cywno\u015bci.<\/p>\n<h3>Spos\u00f3b u\u017cycia:<\/h3>\n<p>Aby unikn\u0105\u0107 rozprzestrzeniania niebezpiecznych zarodnik\u00f3w, preparat nak\u0142adamy na dotkni\u0119te powierzchnie poprzez delikatny natrysk, zachowuj\u0105c odleg\u0142o\u015b\u0107 3-5 cm. Po up\u0142ywie 15-20 minut, obszar mo\u017cna sp\u0142uka\u0107 wod\u0105 lub pozostawi\u0107, aby preparat wyschn\u0105\u0142. Zalecamy nie usuwa\u0107 ple\u015bni przed zastosowaniem preparatu, aby unikn\u0105\u0107 potencjalnego rozprzestrzenienia szkodliwych zarodnik\u00f3w. W przypadku silnie dotkni\u0119tych obszar\u00f3w zaleca si\u0119 powt\u00f3rzenie procedury kilkakrotnie. Warto zaznaczy\u0107, \u017ce preparat posiada dzia\u0142anie wybielaj\u0105ce.<\/p>\n","protected":false},"excerpt":{"rendered":"<p>\u015arodek grzybob\u00f3jczy SAVO skutecznie usuwa wszystkie rodzaje ple\u015bni i grzyb\u00f3w zapewniaj\u0105c nieskaziteln\u0105 biel.<\/p>\n","protected":false},"featured_media":20674,"comment_status":"open","ping_status":"closed","template":"","meta":{"_acf_changed":false,"inline_featured_image":false},"product_cat":[1590],"product_tag":[1560,1558,1557,1559],"class_list":{"0":"post-20640","1":"product","2":"type-product","3":"status-publish","4":"has-post-thumbnail","6":"product_cat-impregnaty-i-srodki-do-czyszczenia","7":"product_tag-eliminacji-plesni","8":"product_tag-savo","9":"product_tag-srodek-grzybobojczy","10":"product_tag-usuwanie-plesni","12":"first","13":"instock","14":"shipping-taxable","15":"purchasable","16":"product-type-simple"},"acf":[],"_links":{"self":[{"href":"https:\/\/e-adams.pl\/de\/wp-json\/wp\/v2\/product\/20640","targetHints":{"allow":["GET"]}}],"collection":[{"href":"https:\/\/e-adams.pl\/de\/wp-json\/wp\/v2\/product"}],"about":[{"href":"https:\/\/e-adams.pl\/de\/wp-json\/wp\/v2\/types\/product"}],"replies":[{"embeddable":true,"href":"https:\/\/e-adams.pl\/de\/wp-json\/wp\/v2\/comments?post=20640"}],"wp:featuredmedia":[{"embeddable":true,"href":"https:\/\/e-adams.pl\/de\/wp-json\/wp\/v2\/media\/20674"}],"wp:attachment":[{"href":"https:\/\/e-adams.pl\/de\/wp-json\/wp\/v2\/media?parent=20640"}],"wp:term":[{"taxonomy":"product_cat","embeddable":true,"href":"https:\/\/e-adams.pl\/de\/wp-json\/wp\/v2\/product_cat?post=20640"},{"taxonomy":"product_tag","embeddable":true,"href":"https:\/\/e-adams.pl\/de\/wp-json\/wp\/v2\/product_tag?post=20640"}],"curies":[{"name":"wp","href":"https:\/\/api.w.org\/{rel}","templated":true}]}}