{"id":20641,"date":"2023-08-28T13:51:25","date_gmt":"2023-08-28T11:51:25","guid":{"rendered":"https:\/\/e-adams.pl\/produkt\/izoform-5l-srodek-antyadhezyjny-do-form-i-szalunkow\/"},"modified":"2024-05-10T11:02:17","modified_gmt":"2024-05-10T09:02:17","slug":"srodek-antyadhezyjny-izoform-5l","status":"publish","type":"product","link":"https:\/\/e-adams.pl\/de\/produkt\/srodek-antyadhezyjny-izoform-5l\/","title":{"rendered":"\u015arodek antyadhezyjny IZOFORM 5l"},"content":{"rendered":"<h3>OPIS:<\/h3>\n<p>\u015arodek antyadhezyjny IZOFORM to gotowy do u\u017cycia oparty na bazie olej\u00f3w mineralnych i ro\u015blinnych. Jego g\u0142\u00f3wnym przeznaczeniem jest smarowanie i konserwacja form oraz szalunk\u00f3w wykonanych z r\u00f3\u017cnych materia\u0142\u00f3w, takich jak drewno, tworzywa sztuczne, czy stal.<\/p>\n<p>Preparat IZOFORM doskonale sprawdza si\u0119 w zmniejszaniu przyczepno\u015bci betonu do szalunk\u00f3w drewnianych, metalowych, oraz form u\u017cywanych do produkcji beton\u00f3w. Dzi\u0119ki temu u\u0142atwia rozformowanie wyrob\u00f3w betonowych, pozostawiaj\u0105c g\u0142adk\u0105 powierzchni\u0119 styku oraz ostre kraw\u0119dzie.<\/p>\n<p>Co wa\u017cne, jego zastosowanie nie zmienia barwy betonu i nie wp\u0142ywa negatywnie na p\u00f3\u017aniejsz\u0105 obr\u00f3bk\u0119 pod\u0142o\u017ca, tak\u0105 jak tynkowanie, malowanie, klejenie, g\u0142adzenie czy gipsowanie.<\/p>\n<p>Dodatkowo, regularne stosowanie preparatu IZOFORM przed\u0142u\u017ca \u017cywotno\u015b\u0107 form i p\u0142yt szalunkowych. Jest r\u00f3wnie\u017c idealnym rozwi\u0105zaniem w ochronie przed nadmiernym zabrudzeniem betoniarek, maszyn produkcyjnych oraz rusztowa\u0144.<\/p>\n<h2>Spos\u00f3b u\u017cycia<\/h2>\n<p>Przed u\u017cyciem preparat IZOFORM nale\u017cy lekko wymiesza\u0107, a nast\u0119pnie nanosi\u0107 na powierzchni\u0119 p\u0119dzlem w celu uzyskania cienkiej, r\u00f3wnomiernie roz\u0142o\u017conej warstwy na ca\u0142ej powierzchni stykaj\u0105cej si\u0119 z betonem. Zaleca si\u0119 wykonywanie tej czynno\u015bci w pomieszczeniach wentylowanych.<\/p>\n<p>&nbsp;<\/p>\n","protected":false},"excerpt":{"rendered":"<p>\u015arodek antyadhezyjny IZOFORM to gotowy do u\u017cycia oparty na bazie olej\u00f3w mineralnych i ro\u015blinnych. Jego g\u0142\u00f3wnym przeznaczeniem jest smarowanie i konserwacja form oraz szalunk\u00f3w wykonanych z r\u00f3\u017cnych materia\u0142\u00f3w, takich jak drewno, tworzywa sztuczne, czy stal.<\/p>\n","protected":false},"featured_media":22206,"comment_status":"open","ping_status":"closed","template":"","meta":{"_acf_changed":false,"inline_featured_image":false},"product_cat":[1590],"product_tag":[2123,2122],"class_list":{"0":"post-20641","1":"product","2":"type-product","3":"status-publish","4":"has-post-thumbnail","6":"product_cat-impregnaty-i-srodki-do-czyszczenia","7":"product_tag-izoform","8":"product_tag-srodek-antyadhezyjny","10":"first","11":"instock","12":"shipping-taxable","13":"purchasable","14":"product-type-simple"},"acf":[],"_links":{"self":[{"href":"https:\/\/e-adams.pl\/de\/wp-json\/wp\/v2\/product\/20641","targetHints":{"allow":["GET"]}}],"collection":[{"href":"https:\/\/e-adams.pl\/de\/wp-json\/wp\/v2\/product"}],"about":[{"href":"https:\/\/e-adams.pl\/de\/wp-json\/wp\/v2\/types\/product"}],"replies":[{"embeddable":true,"href":"https:\/\/e-adams.pl\/de\/wp-json\/wp\/v2\/comments?post=20641"}],"wp:featuredmedia":[{"embeddable":true,"href":"https:\/\/e-adams.pl\/de\/wp-json\/wp\/v2\/media\/22206"}],"wp:attachment":[{"href":"https:\/\/e-adams.pl\/de\/wp-json\/wp\/v2\/media?parent=20641"}],"wp:term":[{"taxonomy":"product_cat","embeddable":true,"href":"https:\/\/e-adams.pl\/de\/wp-json\/wp\/v2\/product_cat?post=20641"},{"taxonomy":"product_tag","embeddable":true,"href":"https:\/\/e-adams.pl\/de\/wp-json\/wp\/v2\/product_tag?post=20641"}],"curies":[{"name":"wp","href":"https:\/\/api.w.org\/{rel}","templated":true}]}}