{"id":20643,"date":"2023-08-28T13:51:26","date_gmt":"2023-08-28T11:51:26","guid":{"rendered":"https:\/\/e-adams.pl\/produkt\/homeenpoisto-tabletti-12-tabletek-bakteriobojcze\/"},"modified":"2024-05-26T01:18:23","modified_gmt":"2024-05-25T23:18:23","slug":"tabletki-do-usuwania-plesni-tikkurila-homeenpoistotabletti-12-tabletek","status":"publish","type":"product","link":"https:\/\/e-adams.pl\/de\/produkt\/tabletki-do-usuwania-plesni-tikkurila-homeenpoistotabletti-12-tabletek\/","title":{"rendered":"Tabletki do usuwania ple\u015bni TIKKURILA HOMEENPOISTOTABLETTI &#8211; 12 tabletek"},"content":{"rendered":"<h3>\u0141atwe do zastosowania:<\/h3>\n<p>Skuteczne usuwanie ple\u015bni i glon\u00f3w przed malowaniem lub barwieniem. Roztw\u00f3r czyszcz\u0105cy jest odpowiedni do impregnowanego i nieimpregnowanego drewna, tynku i powierzchni betonowych, a tak\u017ce do dach\u00f3w z bloczk\u00f3w betonowych i cementu w\u0142\u00f3knistego. Roztw\u00f3r Homeenpoisto mo\u017cna \u0142atwo nanie\u015b\u0107 na powierzchni\u0119, na przyk\u0142ad za pomoc\u0105 rozpylacza ogrodowego. Szczotkowanie czy\u015bci skuteczniej. Poniewa\u017c roztw\u00f3r ma dzia\u0142anie wybielaj\u0105ce, powierzchnie pionowe nale\u017cy czy\u015bci\u0107 od do\u0142u do g\u00f3ry i sp\u0142ukiwa\u0107 od g\u00f3ry do do\u0142u. Oczyszczon\u0105 powierzchni\u0119 nale\u017cy jak najszybciej podda\u0107 dzia\u0142aniu \u015brodka.<\/p>\n<h3>Dlaczego warto wybra\u0107 Homeenpoistotabletti:<\/h3>\n<p>Tabletki do usuwania ple\u015bni Homeenpoisto mo\u017cna \u0142atwo rozpu\u015bci\u0107 w wodzie, aby uzyska\u0107 odpowiedni\u0105 ilo\u015b\u0107 potrzebnego roztworu czyszcz\u0105cego. Pozosta\u0142e tabletki mo\u017cna przechowywa\u0107 w suchym miejscu do nast\u0119pnego u\u017cycia.<\/p>\n<h3>Jak stosowa\u0107 Homeenpoistotabletti:<\/h3>\n<p>Nale\u017cy chroni\u0107 szk\u0142o, aluminium i inne podobne powierzchnie, kt\u00f3re mog\u0105 zosta\u0107 uszkodzone przez detergent. Nale\u017cy uwa\u017ca\u0107, aby nie rozpryskiwa\u0107 produktu na ubrania i na niepoddane obr\u00f3bce meble. Produkt ma dzia\u0142anie wybielaj\u0105ce. Rozprowad\u017a roztw\u00f3r na sple\u015bnia\u0142ej elewacji od do\u0142u do g\u00f3ry, u\u017cywaj\u0105c w\u0119\u017ca ogrodowego lub konewki. Czyszczenie od g\u00f3ry do do\u0142u mo\u017ce pozostawi\u0107 smugi na elewacji. W razie potrzeby pozostawi\u0107 roztw\u00f3r na 15 minut, ale nie dopu\u015bci\u0107 do wyschni\u0119cia powierzchni. Mo\u017cna poprawi\u0107 efekt czyszczenia poprzez szorowanie szczotk\u0105. Po zako\u0144czeniu czyszczenia nale\u017cy dok\u0142adnie sp\u0142uka\u0107 powierzchnie czyst\u0105 wod\u0105 od g\u00f3ry do do\u0142u, np. od g\u00f3ry do do\u0142u, np. za pomoc\u0105 pistoletu natryskowego.<\/p>\n","protected":false},"excerpt":{"rendered":"<p>TIKKURILA HOMEENPOISTOTABLETTI to efektywne usuwanie ple\u015bni i glon\u00f3w.<\/p>\n","protected":false},"featured_media":20726,"comment_status":"open","ping_status":"closed","template":"","meta":{"_acf_changed":false,"inline_featured_image":false},"product_cat":[288],"product_tag":[1595,1593,1594,1559],"class_list":{"0":"post-20643","1":"product","2":"type-product","3":"status-publish","4":"has-post-thumbnail","6":"product_cat-ochrona-antywilgociowa","7":"product_tag-tabletki-do-usuwania-plesni","8":"product_tag-tikkurila-homeenpoistotabletti","9":"product_tag-usuwanie-glonow","10":"product_tag-usuwanie-plesni","12":"first","13":"outofstock","14":"shipping-taxable","15":"purchasable","16":"product-type-simple"},"acf":[],"_links":{"self":[{"href":"https:\/\/e-adams.pl\/de\/wp-json\/wp\/v2\/product\/20643","targetHints":{"allow":["GET"]}}],"collection":[{"href":"https:\/\/e-adams.pl\/de\/wp-json\/wp\/v2\/product"}],"about":[{"href":"https:\/\/e-adams.pl\/de\/wp-json\/wp\/v2\/types\/product"}],"replies":[{"embeddable":true,"href":"https:\/\/e-adams.pl\/de\/wp-json\/wp\/v2\/comments?post=20643"}],"wp:featuredmedia":[{"embeddable":true,"href":"https:\/\/e-adams.pl\/de\/wp-json\/wp\/v2\/media\/20726"}],"wp:attachment":[{"href":"https:\/\/e-adams.pl\/de\/wp-json\/wp\/v2\/media?parent=20643"}],"wp:term":[{"taxonomy":"product_cat","embeddable":true,"href":"https:\/\/e-adams.pl\/de\/wp-json\/wp\/v2\/product_cat?post=20643"},{"taxonomy":"product_tag","embeddable":true,"href":"https:\/\/e-adams.pl\/de\/wp-json\/wp\/v2\/product_tag?post=20643"}],"curies":[{"name":"wp","href":"https:\/\/api.w.org\/{rel}","templated":true}]}}