{"id":20645,"date":"2023-08-28T13:51:27","date_gmt":"2023-08-28T11:51:27","guid":{"rendered":"https:\/\/e-adams.pl\/produkt\/oil-cleaner-zmywacz-plam-olejowych-5l\/"},"modified":"2024-05-10T11:02:18","modified_gmt":"2024-05-10T09:02:18","slug":"zmywacz-do-plam-olejowych-jurga-oil-cleaner-5l","status":"publish","type":"product","link":"https:\/\/e-adams.pl\/de\/produkt\/zmywacz-do-plam-olejowych-jurga-oil-cleaner-5l\/","title":{"rendered":"Zmywacz do plam olejowych JURGA OIL CLEANER 5l"},"content":{"rendered":"<h3>OPIS:<\/h3>\n<p>Zmywacz do plam olejowych OIL CLEANER to profesjonalny produkt do usuwania najbardziej uci\u0105\u017cliwych plam z olej\u00f3w i smar\u00f3w. Nowoczesna formu\u0142a, produkt dwufazowy g\u0142\u0119boko penetruj\u0105cy. Nadaje si\u0119 do czyszczenia kostki brukowej, p\u0142ytek,\u00a0 powierzchni betonowych, takich jak: posadzki w gara\u017cach, warsztatach, na podjazdach, chodnikach itp.<\/p>\n<p>&nbsp;<\/p>\n","protected":false},"excerpt":{"rendered":"<p>Zmywacz do plam olejowych OIL CLEANER to profesjonalny produkt do usuwania najbardziej uci\u0105\u017cliwych plam z olej\u00f3w i smar\u00f3w. Nowoczesna formu\u0142a, produkt dwufazowy g\u0142\u0119boko penetruj\u0105cy. Nadaje si\u0119 do czyszczenia kostki brukowej, p\u0142ytek,\u00a0 powierzchni betonowych, takich jak: posadzki w gara\u017cach, warsztatach, na podjazdach, chodnikach itp.<\/p>\n","protected":false},"featured_media":22407,"comment_status":"open","ping_status":"closed","template":"","meta":{"_acf_changed":false,"inline_featured_image":false},"product_cat":[1590],"product_tag":[953,2225,2224],"class_list":{"0":"post-20645","1":"product","2":"type-product","3":"status-publish","4":"has-post-thumbnail","6":"product_cat-impregnaty-i-srodki-do-czyszczenia","7":"product_tag-jurga","8":"product_tag-oil-cleaner","9":"product_tag-zmywacz-do-plam-olejowych","11":"first","12":"outofstock","13":"shipping-taxable","14":"purchasable","15":"product-type-simple"},"acf":[],"_links":{"self":[{"href":"https:\/\/e-adams.pl\/de\/wp-json\/wp\/v2\/product\/20645","targetHints":{"allow":["GET"]}}],"collection":[{"href":"https:\/\/e-adams.pl\/de\/wp-json\/wp\/v2\/product"}],"about":[{"href":"https:\/\/e-adams.pl\/de\/wp-json\/wp\/v2\/types\/product"}],"replies":[{"embeddable":true,"href":"https:\/\/e-adams.pl\/de\/wp-json\/wp\/v2\/comments?post=20645"}],"wp:featuredmedia":[{"embeddable":true,"href":"https:\/\/e-adams.pl\/de\/wp-json\/wp\/v2\/media\/22407"}],"wp:attachment":[{"href":"https:\/\/e-adams.pl\/de\/wp-json\/wp\/v2\/media?parent=20645"}],"wp:term":[{"taxonomy":"product_cat","embeddable":true,"href":"https:\/\/e-adams.pl\/de\/wp-json\/wp\/v2\/product_cat?post=20645"},{"taxonomy":"product_tag","embeddable":true,"href":"https:\/\/e-adams.pl\/de\/wp-json\/wp\/v2\/product_tag?post=20645"}],"curies":[{"name":"wp","href":"https:\/\/api.w.org\/{rel}","templated":true}]}}