{"id":20646,"date":"2023-08-28T13:51:28","date_gmt":"2023-08-28T11:51:28","guid":{"rendered":"https:\/\/e-adams.pl\/produkt\/wash-pv-preparat-do-mycia-kostki-brukowej-5l\/"},"modified":"2024-07-15T11:31:16","modified_gmt":"2024-07-15T09:31:16","slug":"preparat-do-mycia-kostki-brukowej-wash-pv-5l","status":"publish","type":"product","link":"https:\/\/e-adams.pl\/de\/produkt\/preparat-do-mycia-kostki-brukowej-wash-pv-5l\/","title":{"rendered":"Preparat do mycia kostki brukowej WASH PV 5l"},"content":{"rendered":"<h3>OPIS:<\/h3>\n<p>Preparat do mycia kostki brukowej WASH PV w opakowaniu 5 litr\u00f3w jest niezawodnym \u015brodkiem do piel\u0119gnacji i oczyszczania r\u00f3\u017cnych powierzchni, takich jak kostka brukowa, beton, p\u0142ytki czy kamie\u0144. Jego unikalne w\u0142a\u015bciwo\u015bci czyszcz\u0105ce pozwalaj\u0105 skutecznie usun\u0105\u0107 zabrudzenia, przywracaj\u0105c naturalny kolor i struktur\u0119 mytej powierzchni. Dzi\u0119ki niemu Twoje podjazdy, chodniki, parkingi, a nawet gara\u017ce b\u0119d\u0105 prezentowa\u0107 si\u0119 ol\u015bniewaj\u0105co.<\/p>\n<h2>Spos\u00f3b nanoszenia:<\/h2>\n<p>W przypadku r\u0119cznego mycia i wi\u0119kszych zabrudze\u0144 nanosi\u0107 bezpo\u015brednio na czyszczon\u0105 powierzchni\u0119, najlepiej w postaci spienionej. W przypadku s\u0142abszych zabrudze\u0144 preparat stosuje w rozcie\u0144czeniu z wod\u0105 w stosunku 1:1 lub 1:2. Przy myciu maszynowym rozcie\u0144czy\u0107 z wod\u0105 w proporcji 1:10 lub 1:20. Po aplikacji preparatu odczeka\u0107 5-10 min. Wyczy\u015bci\u0107 za pomoc\u0105 szczotki lub szorstkiej g\u0105bki. Obficie sp\u0142uka\u0107 wod\u0105. Wykonuj\u0105c prac\u0119 wewn\u0105trz pomieszcze\u0144 zadba\u0107 o dobr\u0105 wentylacj\u0119. Wykona\u0107 w ma\u0142o widocznym mi<\/p>\n<p>&nbsp;<\/p>\n","protected":false},"excerpt":{"rendered":"<p>Preparat do mycia kostki brukowej WASH PV w opakowaniu 5 litr\u00f3w jest niezawodnym \u015brodkiem do piel\u0119gnacji i oczyszczania r\u00f3\u017cnych powierzchni, takich jak kostka brukowa, beton, p\u0142ytki czy kamie\u0144. Jego unikalne w\u0142a\u015bciwo\u015bci czyszcz\u0105ce pozwalaj\u0105 skutecznie usun\u0105\u0107 zabrudzenia, przywracaj\u0105c naturalny kolor i struktur\u0119 mytej powierzchni.<\/p>\n","protected":false},"featured_media":22236,"comment_status":"open","ping_status":"closed","template":"","meta":{"_acf_changed":false,"inline_featured_image":false},"product_cat":[1590],"product_tag":[953,2152,2153],"class_list":{"0":"post-20646","1":"product","2":"type-product","3":"status-publish","4":"has-post-thumbnail","6":"product_cat-impregnaty-i-srodki-do-czyszczenia","7":"product_tag-jurga","8":"product_tag-mycie-kostki-brukowej","9":"product_tag-wash-pv","11":"first","12":"instock","13":"shipping-taxable","14":"purchasable","15":"product-type-simple"},"acf":[],"_links":{"self":[{"href":"https:\/\/e-adams.pl\/de\/wp-json\/wp\/v2\/product\/20646","targetHints":{"allow":["GET"]}}],"collection":[{"href":"https:\/\/e-adams.pl\/de\/wp-json\/wp\/v2\/product"}],"about":[{"href":"https:\/\/e-adams.pl\/de\/wp-json\/wp\/v2\/types\/product"}],"replies":[{"embeddable":true,"href":"https:\/\/e-adams.pl\/de\/wp-json\/wp\/v2\/comments?post=20646"}],"wp:featuredmedia":[{"embeddable":true,"href":"https:\/\/e-adams.pl\/de\/wp-json\/wp\/v2\/media\/22236"}],"wp:attachment":[{"href":"https:\/\/e-adams.pl\/de\/wp-json\/wp\/v2\/media?parent=20646"}],"wp:term":[{"taxonomy":"product_cat","embeddable":true,"href":"https:\/\/e-adams.pl\/de\/wp-json\/wp\/v2\/product_cat?post=20646"},{"taxonomy":"product_tag","embeddable":true,"href":"https:\/\/e-adams.pl\/de\/wp-json\/wp\/v2\/product_tag?post=20646"}],"curies":[{"name":"wp","href":"https:\/\/api.w.org\/{rel}","templated":true}]}}