{"id":20647,"date":"2023-08-28T13:51:29","date_gmt":"2023-08-28T11:51:29","guid":{"rendered":"https:\/\/e-adams.pl\/produkt\/wash-pv-preparat-do-mycia-kostki-brukowej-1l\/"},"modified":"2024-07-15T11:31:16","modified_gmt":"2024-07-15T09:31:16","slug":"preparat-do-mycia-kostki-brukowej-jurga-wash-pv-1l","status":"publish","type":"product","link":"https:\/\/e-adams.pl\/de\/produkt\/preparat-do-mycia-kostki-brukowej-jurga-wash-pv-1l\/","title":{"rendered":"Preparat do mycia kostki brukowej JURGA WASH PV &#8211; 1l"},"content":{"rendered":"<h3>Opis:<\/h3>\n<p>JURGA WASH PV to preparat do mycia i piel\u0119gnacji kostki brukowej oraz innych powierzchni wykonanych z betonu, p\u0142ytek i kamienia. Posiada w\u0142a\u015bciwo\u015bci czyszcz\u0105ce, od\u015bwie\u017ca i przywraca naturalny kolor oraz struktur\u0119 mytej powierzchni. Doskonale sprawdza si\u0119 przy utrzymaniu w czysto\u015bci powierzchni na parkingach, w gara\u017cach, na podjazdach, chodnikach.<\/p>\n<h3>W\u0142a\u015bciwo\u015bci i zastosowanie<\/h3>\n<p>WASH PV to \u015brodek przeznaczony do mycia i piel\u0119gnacji kostki brukowej oraz innych powierzchni wykonanych z betonu, p\u0142ytek i kamienia. Posiada w\u0142a\u015bciwo\u015bci czyszcz\u0105ce, od\u015bwie\u017ca i przywraca naturalny kolor oraz struktur\u0119 mytej powierzchni. Doskonale sprawdza si\u0119 przy utrzymaniu w czysto\u015bci powierzchni na parkingach, w gara\u017cach, na podjazdach, chodnikach.<\/p>\n<h3>Spos\u00f3b u\u017cycia<\/h3>\n<p>Stosowa\u0107 \u015brodek na zabrudzon\u0105 powierzchni\u0119 bezpo\u015brednio z opakowania. Zaleca si\u0119 stosowanie w postaci spienionej, np. za pomoc\u0105 myjki ci\u015bnieniowej z dozownikiem na chemi\u0119 lub lanc\u0105 do piany. Po naniesieniu preparatu na powierzchni\u0119 odczeka\u0107 oko\u0142o 5-10 minut, nast\u0119pnie wyczy\u015bci\u0107 u\u017cywaj\u0105c szczotki lub szorstkiej g\u0105bki. Po wyczyszczeniu obficie sp\u0142uka\u0107 wod\u0105 i pozostawi\u0107 do wyschni\u0119cia. W razie potrzeby czynno\u015b\u0107 powt\u00f3rzy\u0107. Wash PV mo\u017cna stosowa\u0107 wewn\u0105trz i na zewn\u0105trz pomieszcze\u0144. Temperatura pod\u0142o\u017ca i otoczenia podczas czyszczenia powinna wynosi\u0107 +5\u00b0C do +25\u00b0C.<\/p>\n<p>Z uwagi na r\u00f3\u017cnorodno\u015b\u0107 powierzchni poddawanych czyszczeniu ( kolor, sk\u0142ad surowcowy, chemiczny itp.) przed przyst\u0105pieniem do czyszczenia zaleca si\u0119 wykonanie w miejscu ma\u0142o widocznym pr\u00f3b\u0119 reakcji pod\u0142o\u017ca na preparat.<\/p>\n<h3>Informacje techniczne:<\/h3>\n<ul>\n<li>Sk\u0142ad: Kwasy mineralne, \u015brodki powierzchniowo czynne<\/li>\n<li>Kolor: \u017b\u00f3\u0142ty p\u0142yn<\/li>\n<li>Zapach: Zielona herbata<\/li>\n<li>G\u0119sto\u015b\u0107: 1,04-1,08 g\/cm\u00b3<\/li>\n<li>pH: Ok. 12-13<\/li>\n<li>Zu\u017cycie: 0,1-0,35l\/m\u00b2, zale\u017cy od stopnia zabrudzenia<\/li>\n<li>Opakowania: Butelka 1L z bezp. zamkni\u0119ciem, Kanister 5L<\/li>\n<\/ul>\n","protected":false},"excerpt":{"rendered":"<p>JURGA WASH PV to preparat do czyszczenia, od\u015bwie\u017cania i piel\u0119gnacji r\u00f3\u017cnych powierzchni, takich jak kostka brukowa, beton, p\u0142ytki i kamie\u0144, idealny do parking\u00f3w, gara\u017cy, podjazd\u00f3w i chodnik\u00f3w.<\/p>\n","protected":false},"featured_media":20760,"comment_status":"open","ping_status":"closed","template":"","meta":{"_acf_changed":false,"inline_featured_image":false},"product_cat":[1590],"product_tag":[1618,1615,1616,1617],"class_list":{"0":"post-20647","1":"product","2":"type-product","3":"status-publish","4":"has-post-thumbnail","6":"product_cat-impregnaty-i-srodki-do-czyszczenia","7":"product_tag-czyszczenie-kostki-brukowej","8":"product_tag-jurga-wash-pv","9":"product_tag-preparat-do-mycia-kostki-brukowej","10":"product_tag-srodek-do-mycia-kostki-brukowej","12":"first","13":"instock","14":"shipping-taxable","15":"purchasable","16":"product-type-simple"},"acf":[],"_links":{"self":[{"href":"https:\/\/e-adams.pl\/de\/wp-json\/wp\/v2\/product\/20647","targetHints":{"allow":["GET"]}}],"collection":[{"href":"https:\/\/e-adams.pl\/de\/wp-json\/wp\/v2\/product"}],"about":[{"href":"https:\/\/e-adams.pl\/de\/wp-json\/wp\/v2\/types\/product"}],"replies":[{"embeddable":true,"href":"https:\/\/e-adams.pl\/de\/wp-json\/wp\/v2\/comments?post=20647"}],"wp:featuredmedia":[{"embeddable":true,"href":"https:\/\/e-adams.pl\/de\/wp-json\/wp\/v2\/media\/20760"}],"wp:attachment":[{"href":"https:\/\/e-adams.pl\/de\/wp-json\/wp\/v2\/media?parent=20647"}],"wp:term":[{"taxonomy":"product_cat","embeddable":true,"href":"https:\/\/e-adams.pl\/de\/wp-json\/wp\/v2\/product_cat?post=20647"},{"taxonomy":"product_tag","embeddable":true,"href":"https:\/\/e-adams.pl\/de\/wp-json\/wp\/v2\/product_tag?post=20647"}],"curies":[{"name":"wp","href":"https:\/\/api.w.org\/{rel}","templated":true}]}}