{"id":20648,"date":"2023-08-28T13:51:29","date_gmt":"2023-08-28T11:51:29","guid":{"rendered":"https:\/\/e-adams.pl\/produkt\/fast-gl-5l-przeciwmrozowa-domieszka-do-klejow\/"},"modified":"2024-05-10T11:02:19","modified_gmt":"2024-05-10T09:02:19","slug":"przeciwmrozowa-domieszka-do-klejow-jurga-fast-gl-5l","status":"publish","type":"product","link":"https:\/\/e-adams.pl\/de\/produkt\/przeciwmrozowa-domieszka-do-klejow-jurga-fast-gl-5l\/","title":{"rendered":"Przeciwmrozowa domieszka do klej\u00f3w JURGA FAST GL 5l"},"content":{"rendered":"<h3>OPIS:<\/h3>\n<p>Przeciwmrozowa domieszka do klej\u00f3w JURGA FAST GL przyspiesza twardnienie klej\u00f3w, kt\u00f3rych materia\u0142em wi\u0105\u017c\u0105cym jest cement. Dzi\u0119ki temu umo\u017cliwia wykonywanie prac dociepleniowych oraz klejenie p\u0142ytek w warunkach niskich temperatur do\u00a0-10\u02daC. P\u0142ynna domieszka poprawia urabialno\u015b\u0107 mieszanki, ogranicza u\u017cycie wody zarobowej oraz obni\u017ca temperatur\u0119 jej zamarzania.<\/p>\n<p>Zwi\u0119ksza odporno\u015b\u0107 mieszanki na dzia\u0142anie mrozu. Nie powoduje wykwit\u00f3w i bia\u0142ych nalot\u00f3w solnych.<\/p>\n<h2>Spos\u00f3b u\u017cycia:<\/h2>\n<p>Domieszka powinna by\u0107 dozowana r\u00f3wnocze\u015bnie z wod\u0105 zarobow\u0105, dok\u0142adnie wymiesza\u0107. Zaleca si\u0119 dozowanie w ilo\u015bci 2% w stosunku do masy klejowej (0,5l na 25kg zaprawy).<br \/>\nProdukt przetrzymywa\u0107 i transportowa\u0107 w oryginalnych i szczelnie zamkni\u0119tych opakowaniach.<\/p>\n<p>&nbsp;<\/p>\n","protected":false},"excerpt":{"rendered":"<p>Przeciwmrozowa domieszka do klej\u00f3w JURGA FAST GL przyspiesza twardnienie klej\u00f3w, kt\u00f3rych materia\u0142em wi\u0105\u017c\u0105cym jest cement. Dzi\u0119ki temu umo\u017cliwia wykonywanie prac dociepleniowych oraz klejenie p\u0142ytek w warunkach niskich temperatur do\u00a0-10\u02daC. P\u0142ynna domieszka poprawia urabialno\u015b\u0107 mieszanki, ogranicza u\u017cycie wody zarobowej oraz obni\u017ca temperatur\u0119 jej zamarzania.<\/p>\n","protected":false},"featured_media":22405,"comment_status":"open","ping_status":"closed","template":"","meta":{"_acf_changed":false,"inline_featured_image":false},"product_cat":[280],"product_tag":[953,1643],"class_list":{"0":"post-20648","1":"product","2":"type-product","3":"status-publish","4":"has-post-thumbnail","6":"product_cat-dodatki-do-zapraw-i-betonow","7":"product_tag-jurga","8":"product_tag-przeciwmrozowa-domieszka-do-klejow","10":"first","11":"instock","12":"shipping-taxable","13":"purchasable","14":"product-type-simple"},"acf":[],"_links":{"self":[{"href":"https:\/\/e-adams.pl\/de\/wp-json\/wp\/v2\/product\/20648","targetHints":{"allow":["GET"]}}],"collection":[{"href":"https:\/\/e-adams.pl\/de\/wp-json\/wp\/v2\/product"}],"about":[{"href":"https:\/\/e-adams.pl\/de\/wp-json\/wp\/v2\/types\/product"}],"replies":[{"embeddable":true,"href":"https:\/\/e-adams.pl\/de\/wp-json\/wp\/v2\/comments?post=20648"}],"wp:featuredmedia":[{"embeddable":true,"href":"https:\/\/e-adams.pl\/de\/wp-json\/wp\/v2\/media\/22405"}],"wp:attachment":[{"href":"https:\/\/e-adams.pl\/de\/wp-json\/wp\/v2\/media?parent=20648"}],"wp:term":[{"taxonomy":"product_cat","embeddable":true,"href":"https:\/\/e-adams.pl\/de\/wp-json\/wp\/v2\/product_cat?post=20648"},{"taxonomy":"product_tag","embeddable":true,"href":"https:\/\/e-adams.pl\/de\/wp-json\/wp\/v2\/product_tag?post=20648"}],"curies":[{"name":"wp","href":"https:\/\/api.w.org\/{rel}","templated":true}]}}