{"id":20650,"date":"2023-08-28T13:51:31","date_gmt":"2023-08-28T11:51:31","guid":{"rendered":"https:\/\/e-adams.pl\/produkt\/admix-liquid-5l-plastyfikator-do-zapraw-zimowy\/"},"modified":"2024-05-10T11:02:19","modified_gmt":"2024-05-10T09:02:19","slug":"plastyfikator-do-zapraw-zimowy-jurga-admix-liquid-5l","status":"publish","type":"product","link":"https:\/\/e-adams.pl\/de\/produkt\/plastyfikator-do-zapraw-zimowy-jurga-admix-liquid-5l\/","title":{"rendered":"Plastyfikator Do Zapraw Zimowy JURGA ADMIX LIQUID &#8211; 5L"},"content":{"rendered":"<h3>Opis:<\/h3>\n<p>Plastyfikator w p\u0142ynie do zapraw cementowych \u2013 murarskich i tynkarskich. Umo\u017cliwia wykonywanie prac w warunkach niskich temperatur do -8\u00b0C. Redukuje u\u017cycie wody zarobowej oraz obni\u017ca temperatur\u0119 jej zamarzania w zaprawie. Zwi\u0119ksza odporno\u015b\u0107 gotowego wyrobu na niskie temperatury. Uplastycznia i napowietrza zaprawy, zwi\u0119ksza przyczepno\u015b\u0107 zaprawy do pod\u0142o\u017ca. Domieszka bezchlorkowa.<\/p>\n<h2>Czym jest plastyfikator<\/h2>\n<p>JURGA ADMIX LIQUID ZIMOWY to gotowa do u\u017cycia p\u0142ynna domieszka napowietrzaj\u0105co-uplastyczniaj\u0105ca, kt\u00f3ra umo\u017cliwia prowadzenie prac nawet w warunkach niskich temperatur si\u0119gaj\u0105cych do -8 \u02daC. Produkt ten znacz\u0105co poprawia urabialno\u015b\u0107 zapraw, co u\u0142atwia ich nak\u0142adanie i formowanie na murach oraz \u015bcianach. Dodatkowo, zwi\u0119ksza on jednorodno\u015b\u0107, kleisto\u015b\u0107 i przyczepno\u015b\u0107 gotowej zaprawy do pod\u0142o\u017ca, nie sp\u0142ywaj\u0105c z powierzchni. Ponadto, zmniejsza ryzyko powstawania wykwit\u00f3w na tynkowanych i wymurowanych elementach.<\/p>\n<p>\u015arodek znacz\u0105co obni\u017ca u\u017cycie wody zarobowej i zmniejsza temperatur\u0119 jej zamarzania. Dzi\u0119ki napowietrzaniu zapraw, zwi\u0119ksza ich obj\u0119to\u015b\u0107 oraz poprawia odporno\u015b\u0107 gotowego wyrobu na niskie temperatury. Mieszanka z dodatkiem uplastyczniaj\u0105cym nie opada pod ci\u0119\u017carem cegie\u0142 lub bloczk\u00f3w, co przyczynia si\u0119 do stabilno\u015bci konstrukcji.<\/p>\n<p>Nale\u017cy podkre\u015bli\u0107, \u017ce domieszk\u0119 zimow\u0105 firmy jurga mo\u017cna stosowa\u0107 z wszystkimi cementami normowymi. Dodatkowo, jest to bezchlorkowa domieszka, co oznacza, \u017ce nie ma negatywnego wp\u0142ywu na elementy metalowe i nie powoduje korozji<\/p>\n<h2>Spos\u00f3b u\u017cycia ADMIX LIQUID:<\/h2>\n<p>Produkt to domieszka napowietrzaj\u0105ca, kt\u00f3ra powinna by\u0107 dozowana r\u00f3wnocze\u015bnie z wod\u0105 zarobow\u0105. Zaleca si\u0119 dozowanie w ilo\u015bci od 0,3% do 0,4% w stosunku do wagi cementu ( tj. ok. 75 &#8211; 100ml na 25kg cementu ). Dok\u0142adnie wymiesza\u0107. Przy wykonywaniu prac w niskich temperaturach powietrza (dochodz\u0105cych nawet do -8\u00b0C) nale\u017cy spe\u0142ni\u0107 warunki wykonywania prac w warunkach zimowych oznaczonych instrukcj\u0105 ITB nr 282<\/p>\n<h3>Najwa\u017cniejsze cechy :<\/h3>\n<p>&#8211; uplastycznia i napowietrza,<br \/>\n&#8211; zwi\u0119ksza odporno\u015bci na p\u0119kanie,<br \/>\n&#8211; podnosi mrozoodporno\u015b\u0107 i wodoszczelno\u015b\u0107 zaprawy,<br \/>\n&#8211; ogranicza u\u017cycie wody zarobowej<br \/>\n&#8211; umo\u017cliwia prac\u0119 w temp. do -8\u00b0C.<\/p>\n<h3>Informacje techniczne:<\/h3>\n<ul>\n<li>Sk\u0142ad: Mieszanina \u017cywic i niejonowych \u015brodk\u00f3w powierzchniowo czynnych<\/li>\n<li>Kolor: Czerwony p\u0142yn<\/li>\n<li>G\u0119sto\u015b\u0107: 0,98 do 1,02 g\/cm\u00b3<\/li>\n<li>pH: 6,40-8,40\/li&gt;<\/li>\n<li>Opakowania: Kanister 5 litr\u00f3w<\/li>\n<li>Dozowanie: 4% w stosunku do wagi cementu (100ml na 25 kg cementu)<\/li>\n<li>Przechowywa\u0107 i transportowa\u0107 w suchym i zacienionym miejscu w oryginalnych szczelnie zamkni\u0119tych pojemnikach, w temperaturach od 0\u00b0C do +25\u00b0C<\/li>\n<\/ul>\n","protected":false},"excerpt":{"rendered":"<p>JURGA ADMIX LIQUID ZIMOWY to skuteczny plastyfikator w p\u0142ynie do zapraw cementowych \u2013 murarskich i tynkarskich zwiekszajacy odporno\u015b\u0107 gotowego wyrobu na niskie temperatury.<\/p>\n","protected":false},"featured_media":21379,"comment_status":"open","ping_status":"closed","template":"","meta":{"_acf_changed":false,"inline_featured_image":false},"product_cat":[280],"product_tag":[1783,1785,1784,1638],"class_list":{"0":"post-20650","1":"product","2":"type-product","3":"status-publish","4":"has-post-thumbnail","6":"product_cat-dodatki-do-zapraw-i-betonow","7":"product_tag-admix-liquid","8":"product_tag-domieszka-do-zaprawy","9":"product_tag-domieszka-napowietrzajaca","10":"product_tag-plastyfikator-do-zapraw","12":"first","13":"instock","14":"shipping-taxable","15":"purchasable","16":"product-type-simple"},"acf":[],"_links":{"self":[{"href":"https:\/\/e-adams.pl\/de\/wp-json\/wp\/v2\/product\/20650","targetHints":{"allow":["GET"]}}],"collection":[{"href":"https:\/\/e-adams.pl\/de\/wp-json\/wp\/v2\/product"}],"about":[{"href":"https:\/\/e-adams.pl\/de\/wp-json\/wp\/v2\/types\/product"}],"replies":[{"embeddable":true,"href":"https:\/\/e-adams.pl\/de\/wp-json\/wp\/v2\/comments?post=20650"}],"wp:featuredmedia":[{"embeddable":true,"href":"https:\/\/e-adams.pl\/de\/wp-json\/wp\/v2\/media\/21379"}],"wp:attachment":[{"href":"https:\/\/e-adams.pl\/de\/wp-json\/wp\/v2\/media?parent=20650"}],"wp:term":[{"taxonomy":"product_cat","embeddable":true,"href":"https:\/\/e-adams.pl\/de\/wp-json\/wp\/v2\/product_cat?post=20650"},{"taxonomy":"product_tag","embeddable":true,"href":"https:\/\/e-adams.pl\/de\/wp-json\/wp\/v2\/product_tag?post=20650"}],"curies":[{"name":"wp","href":"https:\/\/api.w.org\/{rel}","templated":true}]}}