{"id":20652,"date":"2023-08-28T13:51:32","date_gmt":"2023-08-28T11:51:32","guid":{"rendered":"https:\/\/e-adams.pl\/produkt\/cleaner-hd-1l-preparat-do-czyszczenia-kostki-bruko\/"},"modified":"2024-07-15T11:31:16","modified_gmt":"2024-07-15T09:31:16","slug":"preparat-do-czyszczenia-kostki-brukowej-jurga-cleaner-hd-1l","status":"publish","type":"product","link":"https:\/\/e-adams.pl\/de\/produkt\/preparat-do-czyszczenia-kostki-brukowej-jurga-cleaner-hd-1l\/","title":{"rendered":"Preparat do czyszczenia kostki brukowej JURGA CLEANER HD &#8211; 1L"},"content":{"rendered":"<h3>Opis:<\/h3>\n<p>JURGA CLEANER HD to preparat do czyszczenia kostki brukowej oraz usuwania rdzawych plam, wykwit\u00f3w wapiennych, solnych oraz zabrudze\u0144 gipsowych, cementowych, sadzy, nalot\u00f3w z kamienia wodnego z kostki brukowej i betonu barwionego, p\u0142ytek chodnikowych, kamienia, palisad, kraw\u0119\u017cnik\u00f3w, podjazd\u00f3w i chodnik\u00f3w betonowych, fug. Zawiera w swoim sk\u0142adzie odplamiacz, czy\u015bci szybko i skutecznie przywracaj\u0105c naturaln\u0105 struktur\u0119 i kolor powierzchni. Preparat ten zalecany do czyszczenia zabrudze\u0144 powsta\u0142ych po pracach budowlanych takich jak betonowanie, murowanie, tynkowanie, fugowanie.<\/p>\n<h3>W\u0142a\u015bciwo\u015bci:<\/h3>\n<p>JURGA CLEANER HD to gotowy do u\u017cycia, na bazie kwas\u00f3w mineralnych, intensywny \u015brodek do czyszczenia oraz usuwania wykwit\u00f3w wapiennych, solnych oraz zabrudze\u0144 gipsowych, cementowych, sadzy, nalot\u00f3w z kamienia wodnego oraz rdzawych plam.\u00a0 Zawiera w swoim sk\u0142adzie odplamiacz, czy\u015bci szybko i skutecznie przywracaj\u0105c naturaln\u0105 struktur\u0119 i kolor powierzchni. Preparat ten zalecany do czyszczenia zabrudze\u0144 powsta\u0142ych po pracach budowlanych takich jak betonowanie, murowanie, tynkowanie, fugowanie.<\/p>\n<h3>Zastosowanie:<\/h3>\n<p>Preparat ten usuwa uci\u0105\u017cliwe zabrudzenia z kostki brukowej, p\u0142ytek chodnikowych, kamienia, palisad, kraw\u0119\u017cnik\u00f3w, podjazd\u00f3w i chodnik\u00f3w betonowych, fug.<\/p>\n<h3>Przygotowanie pod\u0142o\u017ca:<\/h3>\n<p>Przed przyst\u0105pieniem do czyszczenia zwil\u017cy\u0107 powierzchni\u0119 wod\u0105, ciep\u0142a woda zwi\u0119ksza skuteczno\u015b\u0107 \u015brodka. Mechanicznie usun\u0105\u0107 zabrudzenia organiczne typu mchy, porosty. Preparat zawiera w swoim sk\u0142adzie kwasy dlatego zalecane jest zabezpieczenie wszystkich element\u00f3w metalowych przed mo\u017cliwo\u015bci\u0105 wyst\u0105pienia korozji. Z uwagi na r\u00f3\u017cnorodno\u015b\u0107 powierzchni\u00a0 poddawanych czyszczeniu ( kolor, sk\u0142ad surowcowy, chemiczny itp.) przed przyst\u0105pieniem do czyszczenia zaleca si\u0119 wykonanie pr\u00f3by w miejscu ma\u0142o widocznym aby sprawdzi\u0107 czy nie dochodzi do niepo\u017c\u0105danej reakcji (np. przebarwienia). Produkt nie nadaje si\u0119 do powierzchni szkliwionych, polerowanych (powoduje matowienie powierzchni).<\/p>\n<h2>Jak u\u017cywa\u0107 JURGA CLEANER HD:<\/h2>\n<p>Nanie\u015b\u0107 \u015brodek na zabrudzon\u0105 powierzchni\u0119, najlepiej w postaci spienionej, u\u017cy\u0107 butelki z atomizerem. Odczeka\u0107 oko\u0142o 5-10 minut, nast\u0119pnie wyczy\u015bci\u0107 u\u017cywaj\u0105c szczotki lub szorstkiej g\u0105bki. Po wyczyszczeniu obficie sp\u0142uka\u0107 wod\u0105 i pozostawi\u0107 do wyschni\u0119cia. W razie potrzeby czynno\u015b\u0107 powt\u00f3rzy\u0107. Preparat mo\u017cna aplikowa\u0107 na powierzchnie pionowe i poziome, do wewn\u0105trz i na zewn\u0105trz pomieszcze\u0144. Wykonuj\u0105c prac\u0119 wewn\u0105trz pomieszcze\u0144 zadba\u0107 o dobr\u0105 wentylacj\u0119. Temperatura pod\u0142o\u017ca i\u00a0 otoczenia podczas czyszczenia powinna wynosi\u0107 +5\u00b0C do +25\u00b0C. Unika\u0107 czyszczenia na nagrzanych pod\u0142o\u017cach, zbyt szybkie wysychanie preparatu utrudni dok\u0142adne wyczyszczenie powierzchni. Po wyschni\u0119ciu wyczyszczon\u0105 powierzchni\u0119 zabezpieczy\u0107<br \/>\nimpregnatem JURGA PROTECT lub PROOF.<\/p>\n<h3>Informacje techniczne:<\/h3>\n<ul>\n<li>Sk\u0142ad: Kwasy mineralne, \u015brodki powierzchniowo czynne<\/li>\n<li>Kolor: Bezbarwny<\/li>\n<li>Zapach: Intensywny dra\u017cni\u0105cy<\/li>\n<li>G\u0119sto\u015b\u0107: Oko\u0142o 1,02 g \/cm\u00b3 20\u00b0C<\/li>\n<li>pH: 3-4<\/li>\n<li>Zu\u017cycie: Od 0,1 \u2013 0,30 l\/m\u00b2, zale\u017cy od stopnia zabrudzenia<\/li>\n<li>Opakowania: Butelka 1 litr z bezp. zamkni\u0119ciem, Kanister 5 litr\u00f3w<\/li>\n<\/ul>\n","protected":false},"excerpt":{"rendered":"<p>JURGA CLEANER HD to skuteczny preparat do usuwania r\u00f3\u017cnych zabrudze\u0144 z kostki brukowej i betonu, idealny po pracach budowlanych.<\/p>\n","protected":false},"featured_media":20764,"comment_status":"open","ping_status":"closed","template":"","meta":{"_acf_changed":false,"inline_featured_image":false},"product_cat":[1590],"product_tag":[1625,1626,1618,1623,1624],"class_list":{"0":"post-20652","1":"product","2":"type-product","3":"status-publish","4":"has-post-thumbnail","6":"product_cat-impregnaty-i-srodki-do-czyszczenia","7":"product_tag-czyszczenie-betonu","8":"product_tag-czyszczenie-cementu","9":"product_tag-czyszczenie-kostki-brukowej","10":"product_tag-jurga-cleaner-hd","11":"product_tag-preparat-do-czyszczenia-kostki-brukowej","13":"first","14":"instock","15":"shipping-taxable","16":"purchasable","17":"product-type-simple"},"acf":[],"_links":{"self":[{"href":"https:\/\/e-adams.pl\/de\/wp-json\/wp\/v2\/product\/20652","targetHints":{"allow":["GET"]}}],"collection":[{"href":"https:\/\/e-adams.pl\/de\/wp-json\/wp\/v2\/product"}],"about":[{"href":"https:\/\/e-adams.pl\/de\/wp-json\/wp\/v2\/types\/product"}],"replies":[{"embeddable":true,"href":"https:\/\/e-adams.pl\/de\/wp-json\/wp\/v2\/comments?post=20652"}],"wp:featuredmedia":[{"embeddable":true,"href":"https:\/\/e-adams.pl\/de\/wp-json\/wp\/v2\/media\/20764"}],"wp:attachment":[{"href":"https:\/\/e-adams.pl\/de\/wp-json\/wp\/v2\/media?parent=20652"}],"wp:term":[{"taxonomy":"product_cat","embeddable":true,"href":"https:\/\/e-adams.pl\/de\/wp-json\/wp\/v2\/product_cat?post=20652"},{"taxonomy":"product_tag","embeddable":true,"href":"https:\/\/e-adams.pl\/de\/wp-json\/wp\/v2\/product_tag?post=20652"}],"curies":[{"name":"wp","href":"https:\/\/api.w.org\/{rel}","templated":true}]}}