{"id":20653,"date":"2023-08-28T13:51:33","date_gmt":"2023-08-28T11:51:33","guid":{"rendered":"https:\/\/e-adams.pl\/produkt\/cleaner-br-preparat-do-czyszczenia-klinkieru-1l\/"},"modified":"2024-07-15T11:31:16","modified_gmt":"2024-07-15T09:31:16","slug":"srodek-do-czyszczenia-klinkieru-jurga-cleaner-br-1l","status":"publish","type":"product","link":"https:\/\/e-adams.pl\/de\/produkt\/srodek-do-czyszczenia-klinkieru-jurga-cleaner-br-1l\/","title":{"rendered":"\u015arodek do czyszczenia klinkieru JURGA CLEANER BR &#8211; 1l"},"content":{"rendered":"<h3>Opis:<\/h3>\n<p>\u015arodek do czyszczenia klinkieru oraz usuwania wykwit\u00f3w wapiennych, solnych oraz zabrudze\u0144 gipsowych, cementowych, sadzy, nalot\u00f3w z kamienia wodnego. JURGA CLEANER BR czy\u015bci szybko i skutecznie, przywracaj\u0105c naturaln\u0105 struktur\u0119 powierzchni. Mo\u017cna go aplikowa\u0107 na wi\u0119kszo\u015b\u0107 mineralnych powierzchni budowlanych takich jak ceg\u0142y, p\u0142ytki, kostka, kamie\u0144 itp. Doskonale nadaje si\u0119 do czyszczenia narz\u0119dzi budowlanych po pracach murarskich i tynkarskich.<\/p>\n<h3>W\u0142a\u015bciwo\u015bci:<\/h3>\n<p>Cleaner BR to gotowy do u\u017cycia, bezpieczny dla u\u017cytkownika intensywny \u015brodek do czyszczenia oraz usuwania wykwit\u00f3w wapiennych, solnych oraz zabrudze\u0144 gipsowych, cementowych, sadzy, nalot\u00f3w z kamienia wodnego oraz lekkich rdzawych plam. Czy\u015bci szybko i skutecznie, przywracaj\u0105c naturaln\u0105 struktur\u0119 powierzchni. Mo\u017cna go aplikowa\u0107 na wi\u0119kszo\u015b\u0107 mineralnych powierzchni budowlanych takich jak ceg\u0142y, p\u0142ytki, kostka, kamie\u0144 itp.<\/p>\n<h3>Zastosowanie:<\/h3>\n<p>Preparat ten mo\u017cna aplikowa\u0107 do wewn\u0105trz i na zewn\u0105trz pomieszcze\u0144, na powierzchnie pionowe i poziome. Czy\u015bci zabrudzenia z wi\u0119kszo\u015b\u0107 mineralnych pod\u0142o\u017cy budowlanych takich jak dach\u00f3wki, elewacje wykonane z p\u0142ytek ceramicznych i klinkierowych, ceg\u0142y klinkierowe, palone, r\u0119cznie formowane oraz powierzchnie z niepolerowanych kamieni naturalnych. Preparat ten zalecany do czyszczenia zabrudze\u0144 powsta\u0142ych po pracach budowlanych takich jak betonowanie, murowanie, tynkowanie, fugowanie. Cleaner BR doskonale nadaje si\u0119 do czyszczenia narz\u0119dzi budowlanych po pracach murarskich i tynkarskich.<\/p>\n<h3>Przygotowanie pod\u0142o\u017ca:<\/h3>\n<p>Przed przyst\u0105pieniem do czyszczenia zwil\u017cy\u0107 powierzchni\u0119 wod\u0105, ciep\u0142a woda zwi\u0119ksza skuteczno\u015b\u0107 \u015brodka. Mechanicznie usun\u0105\u0107 zabrudzenia organiczne typu mchy, porosty. Preparat zawiera w swoim sk\u0142adzie kwasy dlatego zalecane jest zabezpieczenie wszystkich element\u00f3w metalowych przed mo\u017cliwo\u015bci\u0105 wyst\u0105pienia korozji. Z uwagi na r\u00f3\u017cnorodno\u015b\u0107 powierzchni poddawanych czyszczeniu ( kolor, sk\u0142ad surowcowy, chemiczny itp.) przed przyst\u0105pieniem do czyszczenia zaleca si\u0119 wykonanie pr\u00f3by w miejscu ma\u0142o widocznym aby sprawdzi\u0107 czy nie dochodzi do niepo\u017c\u0105danej reakcji (np. przebarwienia).<\/p>\n<h2>Jak u\u017cywa\u0107 JURGA CLEANER BR:<\/h2>\n<p>Nanie\u015b\u0107 \u015brodek na zabrudzon\u0105 powierzchni\u0119, najlepiej w postaci spienionej, u\u017cy\u0107 do tego butelki z atomizerem. Odczeka\u0107 oko\u0142o 5-10 minut, nast\u0119pnie wyczy\u015bci\u0107 u\u017cywaj\u0105c szczotki lub szorstkiej g\u0105bki. Po wyczyszczeniu obficie sp\u0142uka\u0107 wod\u0105 i pozostawi\u0107 do<br \/>\nwyschni\u0119cia. W razie potrzeby czynno\u015b\u0107 powt\u00f3rzy\u0107. Mo\u017cna aplikowa\u0107 go na powierzchnie pionowe i poziome, do wewn\u0105trz i na zewn\u0105trz pomieszcze\u0144. Wykonuj\u0105c prac\u0119 wewn\u0105trz pomieszcze\u0144 zadba\u0107 o dobr\u0105 wentylacj\u0119. Temperatura pod\u0142o\u017ca i otoczenia podczas czyszczenia powinna wynosi\u0107 +5\u00b0C do +25\u00b0C. Unika\u0107 czyszczenia na nagrzanych pod\u0142o\u017cach, zbyt szybkie wysychanie preparatu utrudni dok\u0142adne wyczyszczenie powierzchni. Po wyschni\u0119ciu wyczyszczon\u0105 powierzchni\u0119 zabezpieczy\u0107 impregnatem JURGA PROTECT lub JURGA PROOF.<\/p>\n<h3>Informacje techniczne:<\/h3>\n<ul>\n<li>Sk\u0142ad: Kwasy, \u015brodki powierzchniowo czynne<\/li>\n<li>Kolor: Bezbarwny<\/li>\n<li>Zapach: \u0141agodny<\/li>\n<li>G\u0119sto\u015b\u0107: Oko\u0142o 1,00 g \/cm\u00b3<\/li>\n<li>pH: 3-4<\/li>\n<li>Zu\u017cycie: Od 0,1 \u2013 0,35 ml\/m\u00b2, zale\u017cy od stopnia zabrudzenia<\/li>\n<li>Opakowania: Butelka ze spryskiwaczem 0,5 litra, Butelka 1 litr, Kanister 5 lir\u00f3w<\/li>\n<\/ul>\n","protected":false},"excerpt":{"rendered":"<p>Skuteczny \u015brodek JURGA CLEANER BR do czyszczenia i usuwania wykwit\u00f3w z r\u00f3\u017cnych powierzchni mineralnych, przywracaj\u0105cy naturaln\u0105 struktur\u0119, idealny do powierzchni budowlanych i narz\u0119dzi.<\/p>\n","protected":false},"featured_media":20756,"comment_status":"open","ping_status":"closed","template":"","meta":{"_acf_changed":false,"inline_featured_image":false},"product_cat":[285],"product_tag":[],"class_list":{"0":"post-20653","1":"product","2":"type-product","3":"status-publish","4":"has-post-thumbnail","6":"product_cat-silikony-i-uszczelniacze","8":"first","9":"instock","10":"shipping-taxable","11":"purchasable","12":"product-type-simple"},"acf":[],"_links":{"self":[{"href":"https:\/\/e-adams.pl\/de\/wp-json\/wp\/v2\/product\/20653","targetHints":{"allow":["GET"]}}],"collection":[{"href":"https:\/\/e-adams.pl\/de\/wp-json\/wp\/v2\/product"}],"about":[{"href":"https:\/\/e-adams.pl\/de\/wp-json\/wp\/v2\/types\/product"}],"replies":[{"embeddable":true,"href":"https:\/\/e-adams.pl\/de\/wp-json\/wp\/v2\/comments?post=20653"}],"wp:featuredmedia":[{"embeddable":true,"href":"https:\/\/e-adams.pl\/de\/wp-json\/wp\/v2\/media\/20756"}],"wp:attachment":[{"href":"https:\/\/e-adams.pl\/de\/wp-json\/wp\/v2\/media?parent=20653"}],"wp:term":[{"taxonomy":"product_cat","embeddable":true,"href":"https:\/\/e-adams.pl\/de\/wp-json\/wp\/v2\/product_cat?post=20653"},{"taxonomy":"product_tag","embeddable":true,"href":"https:\/\/e-adams.pl\/de\/wp-json\/wp\/v2\/product_tag?post=20653"}],"curies":[{"name":"wp","href":"https:\/\/api.w.org\/{rel}","templated":true}]}}