{"id":20654,"date":"2023-08-28T13:51:34","date_gmt":"2023-08-28T11:51:34","guid":{"rendered":"https:\/\/e-adams.pl\/produkt\/oil-clean-zmywacz-plam-olejowych-1l\/"},"modified":"2024-07-15T11:31:16","modified_gmt":"2024-07-15T09:31:16","slug":"zmywacz-plam-olejowych-jurga-clean-1l","status":"publish","type":"product","link":"https:\/\/e-adams.pl\/de\/produkt\/zmywacz-plam-olejowych-jurga-clean-1l\/","title":{"rendered":"Zmywacz plam olejowych JURGA CLEAN &#8211; 1l"},"content":{"rendered":"<h3>Opis:<\/h3>\n<p>Zmywacz plam olejowych JURGA CLEAN to profesjonalny produkt do usuwania najbardziej uci\u0105\u017cliwych plam z olej\u00f3w i smar\u00f3w. Nowoczesna formu\u0142a, produkt dwufazowy g\u0142\u0119boko penetruj\u0105cy. Nadaje si\u0119 do czyszczenia kostki brukowej, p\u0142ytek, powierzchni betonowych, takich jak: posadzki w gara\u017cach, warsztatach, na podjazdach, chodnikach itp.<\/p>\n<h3>W\u0142a\u015bciwo\u015bci i zastosowanie:<\/h3>\n<p>Produkt gotowy do u\u017cycia, g\u0142\u0119boko penetruj\u0105cy, usuwa najbardziej uci\u0105\u017cliwe plamy z olej\u00f3w i smar\u00f3w. Nadaje si\u0119 do czyszczenia kostki brukowej, p\u0142ytek, powierzchni betonowych, takich jak: posadzki w gara\u017cach, warsztatach, na podjazdach, chodnikach itp.<\/p>\n<h3>Przygotowanie pod\u0142o\u017ca<\/h3>\n<p>Przed przyst\u0105pieniem do czyszczenia mechanicznie usun\u0105\u0107 je\u015bli wyst\u0119puj\u0105 zabrudzenia organiczne typu mchy, porosty. Z uwagi na r\u00f3\u017cnorodno\u015b\u0107 powierzchni poddawanych czyszczeniu (kolor, sk\u0142ad surowcowy, chemiczny itp.) przed przyst\u0105pieniem do<br \/>\nczyszczenia zaleca si\u0119 wykonanie w miejscu ma\u0142o widocznym pr\u00f3b\u0119 reakcji pod\u0142o\u017ca na preparat.<\/p>\n<h3>Spos\u00f3b u\u017cycia<\/h3>\n<p>Ka\u017cdorazowo przed u\u017cyciem intensywnie wstrz\u0105sn\u0105\u0107 puszk\u0105 (przez min. 30 sek.) w celu dok\u0142adnego wymieszania sk\u0142adnik\u00f3w. Nie rozcie\u0144cza\u0107. Powierzchnia przeznaczona do czyszczenia powinna by\u0107 sucha.<\/p>\n<p>Preparat nale\u017cy wyla\u0107 na ca\u0142\u0105 powierzchni\u0119 zabrudzenia bezpo\u015brednio po wymieszaniu produktu w puszce. Odczeka\u0107 kilka minut, do uzyskania bia\u0142ego nalotu. Nast\u0119pnie usun\u0105\u0107 bia\u0142y osad \u201ena sucho\u201d u\u017cywaj\u0105c szczotki lub szorstkiej g\u0105bki. Po wyczyszczeniu obficie sp\u0142uka\u0107 wod\u0105, najlepiej ciep\u0142\u0105, u\u017cywaj\u0105c jednocze\u015bnie szczotki do sczyszczenia pozosta\u0142o\u015bci osadu. Pozostawi\u0107 do wyschni\u0119cia. W przypadku bardzo silnych zabrudze\u0144, zaleca si\u0119 powt\u00f3rzenie czynno\u015bci czyszcz\u0105cych. Stosowa\u0107 \u015brodki ochrony osobistej. Temperatura pod\u0142o\u017ca i otoczenia podczas czyszczenia powinna wynosi\u0107 od +10\u00b0C do +25\u00b0C. Unika\u0107 czyszczenia na nagrzanych pod\u0142o\u017cach i podczas wiatru. W przypadku gdy plama dodatkowo zabrudzona jest zanieczyszczeniami mineralnymi<br \/>\nu\u017cy\u0107 do ich usuni\u0119cia produktu Jurga Cleaner HD. Po wyschni\u0119ciu wyczyszczon\u0105 powierzchni\u0119 zaleca si\u0119 zabezpieczy\u0107 produktem JURGA z serii PROTECT lub PROOF.<\/p>\n<h3>Informacje techniczne:<\/h3>\n<ul>\n<li>Sk\u0142ad: Benzyna lekka obrabiana wodorem, \u015brodki pomocnicze<\/li>\n<li>Posta\u0107\/Kolor: Dwufazowy p\u0142yn, mleczny po wymieszaniu<\/li>\n<li>Zapach: Intensywny<\/li>\n<li>Opakowania: Puszka 1l, 0,5l<\/li>\n<\/ul>\n","protected":false},"excerpt":{"rendered":"<p>Zmywacz plam olejowych JURGA CLEAN to profesjonalny dwufazowy produkt do usuwania trudnych plam z olej\u00f3w i smar\u00f3w z r\u00f3\u017cnych powierzchni, takich jak kostka brukowa, p\u0142ytki i betonowe posadzki.<\/p>\n","protected":false},"featured_media":20786,"comment_status":"open","ping_status":"closed","template":"","meta":{"_acf_changed":false,"inline_featured_image":false},"product_cat":[1590],"product_tag":[1652,1654,1655,1653],"class_list":{"0":"post-20654","1":"product","2":"type-product","3":"status-publish","4":"has-post-thumbnail","6":"product_cat-impregnaty-i-srodki-do-czyszczenia","7":"product_tag-jurga-clean","8":"product_tag-usuwanie-plam-olejowych","9":"product_tag-usuwanie-smarow","10":"product_tag-zmywacz-plam-olejowych","12":"first","13":"outofstock","14":"shipping-taxable","15":"purchasable","16":"product-type-simple"},"acf":[],"_links":{"self":[{"href":"https:\/\/e-adams.pl\/de\/wp-json\/wp\/v2\/product\/20654","targetHints":{"allow":["GET"]}}],"collection":[{"href":"https:\/\/e-adams.pl\/de\/wp-json\/wp\/v2\/product"}],"about":[{"href":"https:\/\/e-adams.pl\/de\/wp-json\/wp\/v2\/types\/product"}],"replies":[{"embeddable":true,"href":"https:\/\/e-adams.pl\/de\/wp-json\/wp\/v2\/comments?post=20654"}],"wp:featuredmedia":[{"embeddable":true,"href":"https:\/\/e-adams.pl\/de\/wp-json\/wp\/v2\/media\/20786"}],"wp:attachment":[{"href":"https:\/\/e-adams.pl\/de\/wp-json\/wp\/v2\/media?parent=20654"}],"wp:term":[{"taxonomy":"product_cat","embeddable":true,"href":"https:\/\/e-adams.pl\/de\/wp-json\/wp\/v2\/product_cat?post=20654"},{"taxonomy":"product_tag","embeddable":true,"href":"https:\/\/e-adams.pl\/de\/wp-json\/wp\/v2\/product_tag?post=20654"}],"curies":[{"name":"wp","href":"https:\/\/api.w.org\/{rel}","templated":true}]}}