{"id":20655,"date":"2023-08-28T13:51:34","date_gmt":"2023-08-28T11:51:34","guid":{"rendered":"https:\/\/e-adams.pl\/produkt\/clean-odtluszczacz-uniwersalny-1l\/"},"modified":"2024-07-15T11:31:16","modified_gmt":"2024-07-15T09:31:16","slug":"odtluszczacz-uniwersalny-jurga-clean-1l","status":"publish","type":"product","link":"https:\/\/e-adams.pl\/de\/produkt\/odtluszczacz-uniwersalny-jurga-clean-1l\/","title":{"rendered":"Odt\u0142uszczacz uniwersalny JURGA CLEAN &#8211; 1l"},"content":{"rendered":"<h3>Opis:<\/h3>\n<p>Odt\u0142uszczacz uniwersalny JURGA CLEAN to preparat o bardzo szerokim spektrum dzia\u0142ania, do czyszczenia wszelkich plam z t\u0142uszczy, smar\u00f3w, olej\u00f3w, sadzy. Produkt zalecany jest do czyszczenia powierzchni odpornych na dzia\u0142anie alkali\u00f3w, np. kostki brukowej, p\u0142yt chodnikowych, powierzchni z kamienia naturalnego, powierzchni betonowych, stali nierdzewnej, ceg\u0142y, PVC, tynku. Nadaje si\u0119 do czyszczenia silnik\u00f3w, maszyn, urz\u0105dze\u0144. Mo\u017ce by\u0107 aplikowany w rozcie\u0144czeniu przy u\u017cyciu myjki ci\u015bnieniowej.<\/p>\n<h3>W\u0142a\u015bciwo\u015bci i zastosowanie:<\/h3>\n<p>Preparat o bardzo szerokim spektrum dzia\u0142ania, do czyszczenia wszelkich plam z t\u0142uszczy, smar\u00f3w, olej\u00f3w, sadzy. Produkt zalecany jest do czyszczenia powierzchni odpornych na dzia\u0142anie alkali\u00f3w, np. kostki brukowej, p\u0142yt chodnikowych, powierzchni z kamienia naturalnego, powierzchni betonowych, stali nierdzewnej, ceg\u0142y, PVC, tynku. Nadaje si\u0119 do czyszczenia silnik\u00f3w, maszyn, urz\u0105dze\u0144.<\/p>\n<h3>Przygotowanie pod\u0142o\u017ca:<\/h3>\n<p>Przed przyst\u0105pieniem do czyszczenia mechanicznie usun\u0105\u0107 je\u015bli wyst\u0119puj\u0105 zabrudzenia organiczne typu mchy, porosty. Z uwagi na r\u00f3\u017cnorodno\u015b\u0107 powierzchni poddawanych czyszczeniu ( kolor, sk\u0142ad surowcowy, chemiczny itp.) przed przyst\u0105pieniem do czyszczenia zaleca si\u0119 wykonanie w miejscu ma\u0142o widocznym pr\u00f3b\u0119 reakcji pod\u0142o\u017ca na preparat.<\/p>\n<h2>Jak u\u017cywa\u0107 JURGA CLEAN:<\/h2>\n<p>Nanie\u015b\u0107 \u015brodek na zabrudzon\u0105 powierzchni\u0119, najlepiej w spienionej postaci. Mo\u017cna aplikowa\u0107 przy u\u017cyciu myjki ci\u015bnieniowej (Karchera). W\u00f3wczas produkt nale\u017cy rozcie\u0144czy\u0107 z wod\u0105 w stosunku 1:1 lub 1:2 (w zale\u017cno\u015bci od stopnia zabrudzenia). Odczeka\u0107 oko\u0142o 5-10 minut, nast\u0119pnie wyczy\u015bci\u0107 u\u017cywaj\u0105c szczotki lub szorstkiej g\u0105bki. Po wyczyszczeniu bardzo dok\u0142adnie obficie sp\u0142uka\u0107 wod\u0105, najlepiej ciep\u0142\u0105 i pozostawi\u0107 do wyschni\u0119cia. W razie potrzeby czynno\u015b\u0107 powt\u00f3rzy\u0107. Preparat mo\u017cna aplikowa\u0107 na powierzchnie pionowe i poziome, do wewn\u0105trz i na zewn\u0105trz pomieszcze\u0144. Wykonuj\u0105c prac\u0119 wewn\u0105trz pomieszcze\u0144 zadba\u0107 o dobr\u0105 wentylacj\u0119. Stosowa\u0107 \u015brodki ochrony osobistej. Temperatura pod\u0142o\u017ca i otoczenia podczas czyszczenia powinna wynosi\u0107 od +5\u00b0C do +25\u00b0C. Nie dopu\u015bci\u0107 do wyschni\u0119cia produktu na powierzchni. Nie stosowa\u0107 na gor\u0105ce powierzchnie i w bezpo\u015brednim s\u0142o\u0144cu. Zbyt szybkie wysychanie preparatu utrudni dok\u0142adne wyczyszczenie powierzchni. Po wyschni\u0119ciu wyczyszczon\u0105 powierzchni\u0119 mineraln\u0105 zaleca si\u0119 zabezpieczy\u0107 produktem JURGA z serii PROTECT lub PROOF.<\/p>\n<h3>Informacje techniczne:<\/h3>\n<ul>\n<li>Sk\u0142ad: \u015brodki powierzchniowo czynne<\/li>\n<li>Kolor: \u017b\u00f3\u0142ta ciecz<\/li>\n<li>G\u0119sto\u015b\u0107: Oko\u0142o 1,1 g \/cm\u00b3 20\u00b0C<\/li>\n<li>pH: Ok.11 roztw\u00f3r 1%<\/li>\n<li>Opakowania: Butelka 1 litr, butelka 0,5l ze spryskiwaczem<\/li>\n<\/ul>\n","protected":false},"excerpt":{"rendered":"<p>Odt\u0142uszczacz uniwersalny JURGA CLEAN skutecznie usuwa plamy z t\u0142uszczu, smar\u00f3w i olej\u00f3w z r\u00f3\u017cnych powierzchni, w\u0142\u0105czaj\u0105c kostk\u0119 brukow\u0105, kamie\u0144 naturalny, stal nierdzewn\u0105, PVC oraz jest idealny do czyszczenia silnik\u00f3w, maszyn i urz\u0105dze\u0144, a tak\u017ce mo\u017ce by\u0107 u\u017cywany w rozcie\u0144czeniu z myjk\u0105 ci\u015bnieniow\u0105.<\/p>\n","protected":false},"featured_media":20758,"comment_status":"open","ping_status":"closed","template":"","meta":{"_acf_changed":false,"inline_featured_image":false},"product_cat":[1590],"product_tag":[],"class_list":{"0":"post-20655","1":"product","2":"type-product","3":"status-publish","4":"has-post-thumbnail","6":"product_cat-impregnaty-i-srodki-do-czyszczenia","8":"first","9":"outofstock","10":"shipping-taxable","11":"purchasable","12":"product-type-simple"},"acf":[],"_links":{"self":[{"href":"https:\/\/e-adams.pl\/de\/wp-json\/wp\/v2\/product\/20655","targetHints":{"allow":["GET"]}}],"collection":[{"href":"https:\/\/e-adams.pl\/de\/wp-json\/wp\/v2\/product"}],"about":[{"href":"https:\/\/e-adams.pl\/de\/wp-json\/wp\/v2\/types\/product"}],"replies":[{"embeddable":true,"href":"https:\/\/e-adams.pl\/de\/wp-json\/wp\/v2\/comments?post=20655"}],"wp:featuredmedia":[{"embeddable":true,"href":"https:\/\/e-adams.pl\/de\/wp-json\/wp\/v2\/media\/20758"}],"wp:attachment":[{"href":"https:\/\/e-adams.pl\/de\/wp-json\/wp\/v2\/media?parent=20655"}],"wp:term":[{"taxonomy":"product_cat","embeddable":true,"href":"https:\/\/e-adams.pl\/de\/wp-json\/wp\/v2\/product_cat?post=20655"},{"taxonomy":"product_tag","embeddable":true,"href":"https:\/\/e-adams.pl\/de\/wp-json\/wp\/v2\/product_tag?post=20655"}],"curies":[{"name":"wp","href":"https:\/\/api.w.org\/{rel}","templated":true}]}}