{"id":20660,"date":"2023-08-28T13:51:38","date_gmt":"2023-08-28T11:51:38","guid":{"rendered":"https:\/\/e-adams.pl\/produkt\/beton-mix-5l-plastyfikator-do-betonu-zimowy\/"},"modified":"2024-05-10T11:02:20","modified_gmt":"2024-05-10T09:02:20","slug":"plastyfikator-do-betonu-jurga-betonmix-5l-zimowy","status":"publish","type":"product","link":"https:\/\/e-adams.pl\/de\/produkt\/plastyfikator-do-betonu-jurga-betonmix-5l-zimowy\/","title":{"rendered":"Plastyfikator do betonu JURGA BETONMIX 5L zimowy"},"content":{"rendered":"<h3>OPIS:<\/h3>\n<p>Plastyfikator do betonu JURGA BETONMIX to preparat do betonu umo\u017cliwiaj\u0105cy prowadzenie prac w warunkach niskich temperatur do \u20138\u00b0C. Skutecznie zwi\u0119ksza szczelno\u015b\u0107 i odporno\u015b\u0107 elementu na dzia\u0142anie mrozu i soli odladzaj\u0105cych, a tak\u017ce zmniejsza skurcz i p\u0119kanie betonu.<br \/>\nPodnosi wytrzyma\u0142o\u015b\u0107 i nie powoduje korozji stali zbrojeniowej, zwi\u0119ksza odporno\u015b\u0107 elementu na dzia\u0142anie mrozu i soli odladzaj\u0105cych.<\/p>\n<h3>DANE TECHNICZNE:<\/h3>\n<p>\u2022 Barwa i posta\u0107: ciemnobrunatna ciecz<br \/>\n\u2022 Baza chemiczna mieszanina lignosulfonian\u00f3w<br \/>\n\u2022 Dozowanie: 0,5-1% w stosunku do wagi cementu (125-250 ml na 25 kg cementu)<br \/>\n\u2022 Przechowywanie i transport: w suchym i zacienionym miejscu w temp. 0 do +25\u00b0C w oryginalnych szczelnie zamkni\u0119tych opakowaniach<br \/>\n\u2022 Okres przydatno\u015bci: 12 miesi\u0119cy<br \/>\n\u2022 Opakowania: butelka 1 l, kanister 5 l, paletopojemnik 1000 l<br \/>\n\u2022 Kod EAN: 5902802192769<\/p>\n","protected":false},"excerpt":{"rendered":"<p>Plastyfikator do betonu JURGA BETONMIX to preparat do betonu umo\u017cliwiaj\u0105cy prowadzenie prac w warunkach niskich temperatur do \u20138\u00b0C. Skutecznie zwi\u0119ksza szczelno\u015b\u0107 i odporno\u015b\u0107 elementu na dzia\u0142anie mrozu i soli odladzaj\u0105cych, a tak\u017ce zmniejsza skurcz i p\u0119kanie betonu.<br \/>\nPodnosi wytrzyma\u0142o\u015b\u0107 i nie powoduje korozji stali zbrojeniowej, zwi\u0119ksza odporno\u015b\u0107 elementu na dzia\u0142anie mrozu i soli odladzaj\u0105cych.<\/p>\n","protected":false},"featured_media":22486,"comment_status":"open","ping_status":"closed","template":"","meta":{"_acf_changed":false,"inline_featured_image":false},"product_cat":[280],"product_tag":[2262,953,1639],"class_list":{"0":"post-20660","1":"product","2":"type-product","3":"status-publish","4":"has-post-thumbnail","6":"product_cat-dodatki-do-zapraw-i-betonow","7":"product_tag-betonmix","8":"product_tag-jurga","9":"product_tag-plastyfikator-do-betonu","11":"first","12":"outofstock","13":"shipping-taxable","14":"purchasable","15":"product-type-simple"},"acf":[],"_links":{"self":[{"href":"https:\/\/e-adams.pl\/de\/wp-json\/wp\/v2\/product\/20660","targetHints":{"allow":["GET"]}}],"collection":[{"href":"https:\/\/e-adams.pl\/de\/wp-json\/wp\/v2\/product"}],"about":[{"href":"https:\/\/e-adams.pl\/de\/wp-json\/wp\/v2\/types\/product"}],"replies":[{"embeddable":true,"href":"https:\/\/e-adams.pl\/de\/wp-json\/wp\/v2\/comments?post=20660"}],"wp:featuredmedia":[{"embeddable":true,"href":"https:\/\/e-adams.pl\/de\/wp-json\/wp\/v2\/media\/22486"}],"wp:attachment":[{"href":"https:\/\/e-adams.pl\/de\/wp-json\/wp\/v2\/media?parent=20660"}],"wp:term":[{"taxonomy":"product_cat","embeddable":true,"href":"https:\/\/e-adams.pl\/de\/wp-json\/wp\/v2\/product_cat?post=20660"},{"taxonomy":"product_tag","embeddable":true,"href":"https:\/\/e-adams.pl\/de\/wp-json\/wp\/v2\/product_tag?post=20660"}],"curies":[{"name":"wp","href":"https:\/\/api.w.org\/{rel}","templated":true}]}}