{"id":20661,"date":"2023-08-28T13:51:38","date_gmt":"2023-08-28T11:51:38","guid":{"rendered":"https:\/\/e-adams.pl\/produkt\/fox-srodek-do-usuwania-zabrudzen-05l\/"},"modified":"2024-07-15T11:31:18","modified_gmt":"2024-07-15T09:31:18","slug":"srodek-do-usuwania-zabrudzen-fox-dekorator-0-5l","status":"publish","type":"product","link":"https:\/\/e-adams.pl\/de\/produkt\/srodek-do-usuwania-zabrudzen-fox-dekorator-0-5l\/","title":{"rendered":"\u015arodek do usuwania zabrudze\u0144 FOX-DEKORATOR &#8211; 0,5l"},"content":{"rendered":"<h2>\u015aRODEK DO USUWANIA ZABRUDZE\u0143<\/h2>\n<p><strong>Opis i przeznaczenie:<\/strong><br \/>\n\u015arodek do usuwania zabrudze\u0144 FOX to idealne rozwi\u0105zanie na sprz\u0105tanie po remoncie oraz czyszczenie farb i tynk\u00f3w. Ten uniwersalny \u015brodek skutecznie czy\u015bci r\u00f3\u017cnorodne powierzchnie, w tym p\u0142ytki ceramiczne, drewno i kamie\u0144. Jego formu\u0142a zawiera niejonowe sk\u0142adniki powierzchniowo czynne, alkaliczne substancje oraz rozpuszczalniki. Warto pami\u0119ta\u0107, \u017ce nie zaleca si\u0119 stosowania tego \u015brodka do czyszczenia karoserii samochod\u00f3w czy szyb, ze wzgl\u0119du na mo\u017cliwo\u015b\u0107 matowienia powierzchni. Zanim przyst\u0105pisz do pe\u0142nego u\u017cycia, sugeruje si\u0119 wypr\u00f3bowanie produktu na mniej widocznym obszarze.<\/p>\n<p><strong>Rodzaje czyszczonych pod\u0142o\u017cy<\/strong>:<br \/>\np\u0142ytki ceramiczne (glazura, terakota, gres, klinkier), p\u0142ytki kamienne, kamienne blaty kuchenne, powierzchnie chromowane, powierzchnie lakierowane<br \/>\nstal, rynny i rury spustowe, stolarka okienna i balkonowa, drewniana, aluminiowa lub z tworzywa sztucznego, beton, tynki cienkowarstwowe mineralne, mury z kamienia, np. z piaskowca, dach\u00f3wki cementowe lub ceramiczne, blachodach\u00f3wki, kostki brukowe, parkiety lakierowane, panele pod\u0142ogowe.<\/p>\n<h3>W\u0142a\u015bciwo\u015bci:<\/h3>\n<p>\u2022 niejonowe \u015brodki powierzchniowo-czynne, rozpuszczalniki oraz \u015brodki alkaliczne<br \/>\n\u2022 rozcie\u0144czanie wod\u0105 (max. w stosunku 1:5)<br \/>\n\u2022 czyszczenie zabrudze\u0144<br \/>\n\u2022 \u0142atwa aplikacja<br \/>\n\u2022 kolor mleczny<\/p>\n<h3>Czyszczenie zabrudze\u0144:<\/h3>\n<p>W zale\u017cno\u015bci od stopnia i rodzaju zabrudzenia lub grubo\u015bci usuwanej pow\u0142oki &#8211; rozcie\u0144czy\u0107 \u015brodek wod\u0105 (max. w stosunku 1:5) i rozprowadzi\u0107 na pod\u0142o\u017cu. Miejsca szczeg\u00f3lnie mocno zabrudzone nale\u017cy nas\u0105czy\u0107 p\u0142ynem bez rozcie\u0144czania. W ka\u017cdym przypadku, tak nas\u0105czone zabrudzenia pozostawi\u0107 na 15 minut, aby p\u0142yn zacz\u0105\u0142 dzia\u0142a\u0107, a nast\u0119pnie usun\u0105\u0107 pozosta\u0142o\u015bci, stosuj\u0105c ostr\u0105 szczotk\u0119 lub g\u0105bk\u0119. W razie konieczno\u015bci czynno\u015bci powt\u00f3rzy\u0107. Na zabrudzenia wyj\u0105tkowo trudne do usuni\u0119cia mo\u017cna zastosowa\u0107 \u201ekompres\u201d (tkanin\u0119 nas\u0105czon\u0105 \u015brodkiem, pozostawion\u0105 na zabrudzonej powierzchni). Po zako\u0144czeniu procesu czyszczenia ca\u0142o\u015b\u0107 dok\u0142adnie przemy\u0107 wod\u0105.<\/p>\n<h3>Dane techniczne:<\/h3>\n<p>G\u0119sto\u015b\u0107 ok. 1,0 g\/cm3<br \/>\nTemperatura pod\u0142o\u017ca i otoczenia w trakcie prac od +5 \u00b0C do +30 \u00b0C<\/p>\n<p>&nbsp;<\/p>\n<p>Nie stosowa\u0107 do czyszczenia karoserii samochod\u00f3w i szyb \u2013 produkt mo\u017ce matowi\u0107 ich powierzchni\u0119. W razie w\u0105tpliwo\u015bci, przed w\u0142a\u015bciwym zastosowaniem zaleca si\u0119 wykonanie pr\u00f3by czyszczenia powierzchni na mniej eksponowanym fragmencie. Zm\u0119tnienie produktu jest jego cech\u0105 naturaln\u0105.<\/p>\n","protected":false},"excerpt":{"rendered":"<p>\u015arodek do usuwania zabrudze\u0144 FOX, kt\u00f3ry mo\u017cna stosowa\u0107 na tynkach, farbach i gruntach.<\/p>\n","protected":false},"featured_media":20671,"comment_status":"open","ping_status":"closed","template":"","meta":{"_acf_changed":false,"inline_featured_image":false},"product_cat":[1590],"product_tag":[1553,992,1556,1554,1552,1555],"class_list":{"0":"post-20661","1":"product","2":"type-product","3":"status-publish","4":"has-post-thumbnail","6":"product_cat-impregnaty-i-srodki-do-czyszczenia","7":"product_tag-czyszczenie-farb","8":"product_tag-fox-dekorator","9":"product_tag-renowacja-tynkow","10":"product_tag-sprzatanie-po-remonecie","11":"product_tag-srodek-do-usuwania-zabrudzen","12":"product_tag-usuwanie-zabrudzen","14":"first","15":"instock","16":"shipping-taxable","17":"purchasable","18":"product-type-simple"},"acf":[],"_links":{"self":[{"href":"https:\/\/e-adams.pl\/de\/wp-json\/wp\/v2\/product\/20661","targetHints":{"allow":["GET"]}}],"collection":[{"href":"https:\/\/e-adams.pl\/de\/wp-json\/wp\/v2\/product"}],"about":[{"href":"https:\/\/e-adams.pl\/de\/wp-json\/wp\/v2\/types\/product"}],"replies":[{"embeddable":true,"href":"https:\/\/e-adams.pl\/de\/wp-json\/wp\/v2\/comments?post=20661"}],"wp:featuredmedia":[{"embeddable":true,"href":"https:\/\/e-adams.pl\/de\/wp-json\/wp\/v2\/media\/20671"}],"wp:attachment":[{"href":"https:\/\/e-adams.pl\/de\/wp-json\/wp\/v2\/media?parent=20661"}],"wp:term":[{"taxonomy":"product_cat","embeddable":true,"href":"https:\/\/e-adams.pl\/de\/wp-json\/wp\/v2\/product_cat?post=20661"},{"taxonomy":"product_tag","embeddable":true,"href":"https:\/\/e-adams.pl\/de\/wp-json\/wp\/v2\/product_tag?post=20661"}],"curies":[{"name":"wp","href":"https:\/\/api.w.org\/{rel}","templated":true}]}}