{"id":20662,"date":"2023-08-28T13:51:39","date_gmt":"2023-08-28T11:51:39","guid":{"rendered":"https:\/\/e-adams.pl\/produkt\/tytan-professional-remover-srodek-do-usuwania-silikonow-80ml\/"},"modified":"2024-07-15T11:31:20","modified_gmt":"2024-07-15T09:31:20","slug":"srodek-do-usuwania-silikonow-remover-tytan-professional-80ml","status":"publish","type":"product","link":"https:\/\/e-adams.pl\/de\/produkt\/srodek-do-usuwania-silikonow-remover-tytan-professional-80ml\/","title":{"rendered":"\u015arodek do usuwania silikon\u00f3w REMOVER TYTAN PROFESSIONAL &#8211; 80ml"},"content":{"rendered":"<h3>Opis:<\/h3>\n<p>\u015arodek do usuwania silikon\u00f3w REMOVER TYTAN PROFESSIONAL jest preparatem przeznaczonym do skutecznego usuwania utwardzonego jak i nieutwardzonego silikonu z pod\u0142o\u017cy budowlanych, w tym ze szk\u0142a, betonu, powierzchni emaliowanych, p\u0142ytek ceramicznych, drewna, metali, powierzchni powlekanych, tworzyw sztucznych, ceg\u0142y i tekstyli\u00f3w. Zalecany g\u0142\u00f3wnie do usuwania starych spoin silikonowych. \u015arodek ma posta\u0107 gotowej do u\u017cycia pasty, kt\u00f3ra nie sp\u0142ywa z pionowych powierzchni.<\/p>\n<h3>Zalety:<\/h3>\n<ul>\n<li>Nie niszczy powierzchni<\/li>\n<li>Nie sp\u0142ywa z powierzchni pionowych<\/li>\n<li>Wygodny i \u0142atwy w u\u017cyciu<\/li>\n<li>Nie powoduje korozji<\/li>\n<\/ul>\n<h3>Zastosowanie:<\/h3>\n<ul>\n<li>Usuwanie utwardzonego i nieutwardzonego silikonu z r\u00f3\u017cnorodnych pod\u0142o\u017cy<\/li>\n<li>W przypadku powierzchni wra\u017cliwych takich jak np. niekt\u00f3re metale, powierzchnie powlekane, emaliowane, niekt\u00f3re tworzywa sztuczne, tekstylia, zaleca si\u0119 przeprowadzenie wst\u0119pnej pr\u00f3by odporno\u015bci pod\u0142o\u017ca, tzn. na\u0142o\u017cenie w niewidocznym miejscu niewielkiej ilo\u015bci preparatu i sprawdzenie po paru godzinach stanu powierzchni<\/li>\n<\/ul>\n<h3>Dane techniczne:<\/h3>\n<ul>\n<li>Kolor: bia\u0142y, do lekko \u017c\u00f3\u0142tego<\/li>\n<li>Konsystencja: g\u0119sta pasta<\/li>\n<li>Czas pracy &#8211; tekstylia: oko\u0142o 30 min<\/li>\n<li>Czas pracy &#8211; materia\u0142y budowlane: do 24 h<\/li>\n<li>Temperatura pod\u0142o\u017ca: od 0\u00b0C do +25\u00b0C<\/li>\n<li>Temperatura opakowania: od 0\u00b0C do +25\u00b0C<\/li>\n<li>Temperatura aplikacji: od 0\u00b0C do +25\u00b0C<\/li>\n<\/ul>\n","protected":false},"excerpt":{"rendered":"<p>\u015arodek do usuwania silikon\u00f3w REMOVER TYTAN PROFESSIONAL to \u015brodek usuwaj\u0105cy silikony z r\u00f3\u017cnych powierzchni, w tym starych spoin, w formie pasty nie sp\u0142ywaj\u0105cej z pionowych powierzchni.<\/p>\n","protected":false},"featured_media":20752,"comment_status":"open","ping_status":"closed","template":"","meta":{"_acf_changed":false,"inline_featured_image":false},"product_cat":[1590],"product_tag":[1614,1612,1613],"class_list":{"0":"post-20662","1":"product","2":"type-product","3":"status-publish","4":"has-post-thumbnail","6":"product_cat-impregnaty-i-srodki-do-czyszczenia","7":"product_tag-preparat-do-usuwania-silikonow","8":"product_tag-remover-tytan-professional","9":"product_tag-srodek-do-usuwania-silikonow","11":"first","12":"instock","13":"shipping-taxable","14":"purchasable","15":"product-type-simple"},"acf":[],"_links":{"self":[{"href":"https:\/\/e-adams.pl\/de\/wp-json\/wp\/v2\/product\/20662","targetHints":{"allow":["GET"]}}],"collection":[{"href":"https:\/\/e-adams.pl\/de\/wp-json\/wp\/v2\/product"}],"about":[{"href":"https:\/\/e-adams.pl\/de\/wp-json\/wp\/v2\/types\/product"}],"replies":[{"embeddable":true,"href":"https:\/\/e-adams.pl\/de\/wp-json\/wp\/v2\/comments?post=20662"}],"wp:featuredmedia":[{"embeddable":true,"href":"https:\/\/e-adams.pl\/de\/wp-json\/wp\/v2\/media\/20752"}],"wp:attachment":[{"href":"https:\/\/e-adams.pl\/de\/wp-json\/wp\/v2\/media?parent=20662"}],"wp:term":[{"taxonomy":"product_cat","embeddable":true,"href":"https:\/\/e-adams.pl\/de\/wp-json\/wp\/v2\/product_cat?post=20662"},{"taxonomy":"product_tag","embeddable":true,"href":"https:\/\/e-adams.pl\/de\/wp-json\/wp\/v2\/product_tag?post=20662"}],"curies":[{"name":"wp","href":"https:\/\/api.w.org\/{rel}","templated":true}]}}