{"id":20663,"date":"2023-08-28T13:51:40","date_gmt":"2023-08-28T11:51:40","guid":{"rendered":"https:\/\/e-adams.pl\/produkt\/tytan-professional-silikon-uniwersalny-280ml-bezbarwny\/"},"modified":"2024-07-15T11:31:20","modified_gmt":"2024-07-15T09:31:20","slug":"silikon-uniwersalny-tytan-professional-280ml-bezbarwny","status":"publish","type":"product","link":"https:\/\/e-adams.pl\/de\/produkt\/silikon-uniwersalny-tytan-professional-280ml-bezbarwny\/","title":{"rendered":"Silikon uniwersalny TYTAN PROFESSIONAL &#8211; 280ml, bezbarwny"},"content":{"rendered":"<h3>Opis:<\/h3>\n<p>Silikon uniwersalny TYTAN PROFESSIONAL jest wszechstronnym, trwale elastycznym uszczelniaczem o kwa\u015bnym (octanowym) systemie utwardzania. Mo\u017ce by\u0107 stosowany do pod\u0142o\u017cy g\u0142adkich i porowatych zar\u00f3wno wewn\u0105trz jak i na zewn\u0105trz pomieszcze\u0144. Tworzy wodoodporne uszczelnienie zabezpieczaj\u0105ce szczeliny przed wnikaniem wilgoci i powietrza. Jest odporny na promieniowanie UV i zmienne warunki atmosferyczne. Utworzona spoina jest trwale elastyczna, jej w\u0142a\u015bciwo\u015bci s\u0105 niezmienne przez wiele lat. Doskonale przylega do szk\u0142a, ceramiki, glazury, drewna.<\/p>\n<h3>Zalety:<\/h3>\n<ul>\n<li>Dobra przyczepno\u015b\u0107 do wielu g\u0142adkich i porowatych materia\u0142\u00f3w budowlanych<\/li>\n<li>Wysoka odporno\u015b\u0107 na promieniowanie UV<\/li>\n<li>Wodoodporna, elastyczna i trwa\u0142a spoina<\/li>\n<li>Odporny na detergenty<\/li>\n<li>Doskona\u0142a odporno\u015b\u0107 na ple\u015bnie i grzyby<\/li>\n<li>Do stosowania wewn\u0105trz i na zewn\u0105trz<\/li>\n<\/ul>\n<h3>Zastosowanie:<\/h3>\n<ul>\n<li>Uszczelnianie po\u0142\u0105cze\u0144 i szczelin<\/li>\n<li>Spoinowanie p\u0142ytek ceramicznych i po\u0142\u0105cze\u0144 naro\u017cnych<\/li>\n<li>Uszczelnianie instalacji kanalizacyjnych i hydraulicznych<\/li>\n<li>Drobne naprawcze prace domowe<\/li>\n<\/ul>\n<h3>Dane techniczne:<\/h3>\n<ul>\n<li>Kolor: bezbarwny, bia\u0142y, br\u0105zowy, szary, czarny<\/li>\n<li>Konsystencja: g\u0119sta pasta<\/li>\n<li>Odporno\u015b\u0107 termiczna po utwardzeniu: od -40\u00b0C do +100\u00b0C<\/li>\n<li>Wyd\u0142u\u017cenie przy zerwaniu (ISO 8339): \u2265 80 %<\/li>\n<li>Czas tworzenia nask\u00f3rka: 5 &#8211; 30 min<\/li>\n<li>Tempo utwardzania: 2 mm\/ 24 h *<\/li>\n<li>Czas obr\u00f3bki: od 5 do 25 min *<\/li>\n<li>System sieciowania: octanowy<\/li>\n<li>Temperatura pod\u0142o\u017ca: od +5\u00b0C do +40\u00b0C<\/li>\n<li>Temperatura opakowania: od 0\u00b0C do +25\u00b0C<\/li>\n<li>Temperatura aplikacji: od +5\u00b0C do +40\u00b0C<\/li>\n<\/ul>\n<p>*Mierzone w temp. 23\u00baC i wilgotno\u015bci wzgl\u0119dnej 50%. Ni\u017csza temperatura i wilgotno\u015b\u0107 oraz wi\u0119ksza grubo\u015b\u0107 spoiny wyd\u0142u\u017caj\u0105 czas utwardzenia.<\/p>\n","protected":false},"excerpt":{"rendered":"<p>Silikon uniwersalny TYTAN PROFESSIONAL to trwa\u0142y i elastyczny \u015brodek do uszczelniania, kt\u00f3ry chroni szczeliny przed wilgoci\u0105, powietrzem i promieniowaniem UV, doskonale przylegaj\u0105c do r\u00f3\u017cnych powierzchni.<\/p>\n","protected":false},"featured_media":20749,"comment_status":"open","ping_status":"closed","template":"","meta":{"_acf_changed":false,"inline_featured_image":false},"product_cat":[285],"product_tag":[1534,1610,1611],"class_list":{"0":"post-20663","1":"product","2":"type-product","3":"status-publish","4":"has-post-thumbnail","6":"product_cat-silikony-i-uszczelniacze","7":"product_tag-silikon-uniwersalny","8":"product_tag-tytan-professional","9":"product_tag-uszczelnianie","11":"first","12":"instock","13":"shipping-taxable","14":"purchasable","15":"product-type-simple"},"acf":[],"_links":{"self":[{"href":"https:\/\/e-adams.pl\/de\/wp-json\/wp\/v2\/product\/20663","targetHints":{"allow":["GET"]}}],"collection":[{"href":"https:\/\/e-adams.pl\/de\/wp-json\/wp\/v2\/product"}],"about":[{"href":"https:\/\/e-adams.pl\/de\/wp-json\/wp\/v2\/types\/product"}],"replies":[{"embeddable":true,"href":"https:\/\/e-adams.pl\/de\/wp-json\/wp\/v2\/comments?post=20663"}],"wp:featuredmedia":[{"embeddable":true,"href":"https:\/\/e-adams.pl\/de\/wp-json\/wp\/v2\/media\/20749"}],"wp:attachment":[{"href":"https:\/\/e-adams.pl\/de\/wp-json\/wp\/v2\/media?parent=20663"}],"wp:term":[{"taxonomy":"product_cat","embeddable":true,"href":"https:\/\/e-adams.pl\/de\/wp-json\/wp\/v2\/product_cat?post=20663"},{"taxonomy":"product_tag","embeddable":true,"href":"https:\/\/e-adams.pl\/de\/wp-json\/wp\/v2\/product_tag?post=20663"}],"curies":[{"name":"wp","href":"https:\/\/api.w.org\/{rel}","templated":true}]}}