{"id":20665,"date":"2023-08-28T13:51:41","date_gmt":"2023-08-28T11:51:41","guid":{"rendered":"https:\/\/e-adams.pl\/produkt\/mokra-kostka-r-1l\/"},"modified":"2024-07-15T11:31:20","modified_gmt":"2024-07-15T09:31:20","slug":"impregnat-do-kostki-jurga-mokra-kostka-1l","status":"publish","type":"product","link":"https:\/\/e-adams.pl\/de\/produkt\/impregnat-do-kostki-jurga-mokra-kostka-1l\/","title":{"rendered":"Impregnat do kostki brukowej JURGA MOKRA KOSTKA &#8211; 1l"},"content":{"rendered":"<h3>Opis:<\/h3>\n<p>Rozpuszczalnikowy impregnat do kostki brukowej i betonu JURGA MOKRA KOSTKA nadaje powierzchni efekt &#8222;mokrej kostki&#8220;, od\u015bwie\u017ca kolory, zmniejsza nasi\u0105kliwo\u015b\u0107 i zwi\u0119ksza trwa\u0142o\u015b\u0107 dzi\u0119ki nowej formule epoksydowej. To estetyczne i funkcjonalne rozwi\u0105zanie, kt\u00f3re sprawi, \u017ce nawierzchnia b\u0119dzie wytrzyma\u0142a, atrakcyjna i \u0142atwa w utrzymaniu przez d\u0142ugi czas.<\/p>\n<h3>W\u0142a\u015bciwo\u015bci:<\/h3>\n<p>\u201eMOKRA KOSTKA \u201d to jednosk\u0142adnikowy, g\u0142\u0119boko penetruj\u0105cy impregnat na bazie najwy\u017cszej jako\u015bci \u017cywic polimerowych i epoksydowych zawieszonych w rozpuszczalnikach. Przeznaczony do zabezpieczania powierzchni betonowych. Nadaje powierzchni<br \/>\nw\u0142a\u015bciwo\u015bci hydrofobowe, zapobiega wnikaniu wilgoci w mikrop\u0119kni\u0119cia i pory, dzi\u0119ki czemu chroni zaimpregnowane powierzchnie przed uszkodzeniami wywo\u0142anymi przez zamarzaj\u0105c\u0105 wod\u0119. Preparat od\u015bwie\u017ca oraz wyci\u0105ga kolor z impregnowanej powierzchni. Tworzy na powierzchni pow\u0142ok\u0119 ochronn\u0105, daj\u0105c elekt tzw. \u201emokrej kostki\u201d. Redukuje sk\u0142onno\u015b\u0107 do zabrudze\u0144 i u\u0142atwia samooczyszczenie powierzchni pod wp\u0142ywem opad\u00f3w atmosferycznych. Zapobiega rozwojowi ple\u015bni, grzyb\u00f3w, mch\u00f3w, oraz powstawaniu wykwit\u00f3w. Produktu nie nale\u017cy stosowa\u0107 do powierzchni szkliwionych i polerowanych.<\/p>\n<h3>Zastosowanie:<\/h3>\n<p>\u201eMOKRA KOSTKA\u201d to preparat przeznaczony do impregnacji kostki brukowej, kraw\u0119\u017cnik\u00f3w, p\u0142ytek chodnikowych, p\u0142ot\u00f3w betonowych, podmur\u00f3wek, wszelkiego rodzaju galanterii betonowej barwionej i naturalnej oraz innych powierzchni betonowych<br \/>\nprefabrykowanych i monolitycznych.<\/p>\n<h3>Przygotowanie pod\u0142o\u017ca:<\/h3>\n<p>Pod\u0142o\u017ce przed impregnacj\u0105 musi by\u0107 wysezonowane (czas sezonowania zale\u017cy od producenta danej powierzchni), czyste, suche, niezmro\u017cone, wolne od t\u0142uszczu, oleju i zanieczyszcze\u0144 organicznych typu mchy, porosty. Powierzchnia po czyszczeniu musi by\u0107 dobrze wyschni\u0119ta. Nier\u00f3wnomierna wilgotno\u015b\u0107 Pod\u0142o\u017ca mo\u017ce powodowa\u0107 nie r\u00f3wnomierny efekt na ca\u0142o\u015bci. Z uwagi na r\u00f3\u017cnorodno\u015b\u0107 powierzchni poddawanych impregnacji ( kolor, sk\u0142ad surowcowy, chemiczny itp.) zaleca si\u0119 wykonanie pr\u00f3by w miejscu<br \/>\nma\u0142o widocznym aby sprawdzi\u0107 czy nie dochodzi do niepo\u017c\u0105danej reakcji (np. przebarwienia).<\/p>\n<h3>Spos\u00f3b u\u017cycia:<\/h3>\n<p>Przed zastosowaniem preparat wymiesza\u0107. Nanosi\u0107 na powierzchni\u0119 wa\u0142kiem, p\u0119dzlem lub metod\u0105 natrysku niskoci\u015bnieniowego. Dla lepszego efektu nanie\u015b\u0107 min 2 warstwy preparatu. Kolejne warstwy nanosi\u0107 po wst\u0119pnym wyschni\u0119ciu warstwy poprzedniej. Unika\u0107 tworzenia si\u0119 na powierzchni zaciek\u00f3w oraz ka\u0142u\u017c nadmiar usun\u0105\u0107 g\u0105bk\u0105 lub bawe\u0142nian\u0105 czyst\u0105 szmatk\u0105. Temperatura stosowania w przypadku powietrza jak i pod\u0142o\u017ca to od +5\u00b0C do +25\u00b0C. Wilgotno\u015b\u0107 impregnowanej powierzchni to max 5%. Preparat posiada w swoim sk\u0142adzie rozpuszczalniki dlatego dedykowany jest do u\u017cytku na zewn\u0105trz pomieszcze\u0144. Prac\u0119 wykonywa\u0107 w miejscach wentylowanych, u\u017cywa\u0107 okulary i odzie\u017c ochronn\u0105, a przy metodzie natryskowej stosowa\u0107 mask\u0119 ochronn\u0105 zabezpieczaj\u0105c\u0105 drogi oddechowe. Zaimpregnowana powierzchnia uzyskuje pe\u0142ne w\u0142a\u015bciwo\u015bci hydrofobowe po ok. 24 godz. W tym czasie nale\u017cy chroni\u0107 j\u0105 przed deszczem, intensywnym nas\u0142onecznieniem i zabrudzeniem. Ruch pieszy\u00a0 dopuszczalny jest nie wcze\u015bniej jak po 12 godzinach od momentu impregnacji. Po wykonaniu pracy nale\u017cy umy\u0107 narz\u0119dzia rozpuszczalnikiem. Produkt \u0142atwopalny, podczas aplikacji impregnatu nale\u017cy unika\u0107 otwartych \u017ar\u00f3de\u0142 ognia.<\/p>\n<h3>Informacje techniczne:<\/h3>\n<ul>\n<li>Kolor i posta\u0107: Bezbarwna ciecz<\/li>\n<li>G\u0119sto\u015b\u0107: Ok 0,88 g \/cm\u00b3<\/li>\n<li>Zu\u017cycie dla 1 warstwy: 1 litr na 7-15m\u00b2<\/li>\n<li>Temperatura zap\u0142onu: 5\u00b0C<\/li>\n<li>Opakowania: Puszki 1 litr i 3 litry<\/li>\n<\/ul>\n","protected":false},"excerpt":{"rendered":"<p>Rozpuszczalnikowy impregnat do kostki brukowej JURGA MOKRA KOSTKA na bazie epoksydu nadaje powierzchni kostki brukowej efekt &#8222;mokrej kostki,&#8220; poprawiaj\u0105c estetyk\u0119 i trwa\u0142o\u015b\u0107.<\/p>\n","protected":false},"featured_media":20788,"comment_status":"open","ping_status":"closed","template":"","meta":{"_acf_changed":false,"inline_featured_image":false},"product_cat":[1590],"product_tag":[1658,1657,1656],"class_list":{"0":"post-20665","1":"product","2":"type-product","3":"status-publish","4":"has-post-thumbnail","6":"product_cat-impregnaty-i-srodki-do-czyszczenia","7":"product_tag-jurga-mokra-kostka","8":"product_tag-mokra-kostka","9":"product_tag-rozpuszczalnikowy-impregnat-do-kostki-brukowej","11":"first","12":"outofstock","13":"shipping-taxable","14":"purchasable","15":"product-type-simple"},"acf":[],"_links":{"self":[{"href":"https:\/\/e-adams.pl\/de\/wp-json\/wp\/v2\/product\/20665","targetHints":{"allow":["GET"]}}],"collection":[{"href":"https:\/\/e-adams.pl\/de\/wp-json\/wp\/v2\/product"}],"about":[{"href":"https:\/\/e-adams.pl\/de\/wp-json\/wp\/v2\/types\/product"}],"replies":[{"embeddable":true,"href":"https:\/\/e-adams.pl\/de\/wp-json\/wp\/v2\/comments?post=20665"}],"wp:featuredmedia":[{"embeddable":true,"href":"https:\/\/e-adams.pl\/de\/wp-json\/wp\/v2\/media\/20788"}],"wp:attachment":[{"href":"https:\/\/e-adams.pl\/de\/wp-json\/wp\/v2\/media?parent=20665"}],"wp:term":[{"taxonomy":"product_cat","embeddable":true,"href":"https:\/\/e-adams.pl\/de\/wp-json\/wp\/v2\/product_cat?post=20665"},{"taxonomy":"product_tag","embeddable":true,"href":"https:\/\/e-adams.pl\/de\/wp-json\/wp\/v2\/product_tag?post=20665"}],"curies":[{"name":"wp","href":"https:\/\/api.w.org\/{rel}","templated":true}]}}