{"id":20666,"date":"2023-08-28T13:51:42","date_gmt":"2023-08-28T11:51:42","guid":{"rendered":"https:\/\/e-adams.pl\/produkt\/beton-mix-1l-plastyfikator-do-betonu-zimowy\/"},"modified":"2024-07-15T11:31:23","modified_gmt":"2024-07-15T09:31:23","slug":"plastyfikator-do-betonu-jurga-betonmix-zimowy-1l","status":"publish","type":"product","link":"https:\/\/e-adams.pl\/de\/produkt\/plastyfikator-do-betonu-jurga-betonmix-zimowy-1l\/","title":{"rendered":"Plastyfikator do betonu JURGA BETONMIX ZIMOWY &#8211; 1l"},"content":{"rendered":"<h3>Opis:<\/h3>\n<p>Plastyfikator do betonu JURGA BETONMIX ZIMOWY. Umo\u017cliwia wykonywanie prac w warunkach niskich temperatur do -8\u00b0C. Obni\u017ca temperatur\u0119 zamarzania wody w mieszance. Wzmacnia i uplastycznia beton, oraz zwi\u0119ksza wytrzyma\u0142o\u015b\u0107 i odporno\u015b\u0107 na destrukcyjne dzia\u0142anie mrozu dojrza\u0142ego betonu. Nie powoduje korozji zbrojenia \u2013 domieszka bezchlorkowa.<\/p>\n<h3>W\u0142a\u015bciwo\u015bci i zastosowanie:<\/h3>\n<p>Betonmix Zimowy to gotowy do u\u017cycia plastyfikator w p\u0142ynie napowietrzaj\u0105co uplastyczniaj\u0105cy, do stosowania w warunkach niskich temperatur. Preparat przeznaczony jest do produkcji wyrob\u00f3w betonowych typu: posadzki, p\u0142yty, kraw\u0119\u017cniki, nadpro\u017ca, kostka, kr\u0119gi, p\u0142oty betonowe, stropy, \u015bciany i \u0142awy fundamentowe oraz do wylewek przy ogrzewaniu pod\u0142ogowym, wylewek na tarasach i balkonach. Plastyfikator ogranicza u\u017cycie wody zarobowej oraz obni\u017ca temperatur\u0119 jej zamarzania. Betonmix zimowy<br \/>\npoprawia urabialno\u015b\u0107 mieszanki betonowej, kt\u00f3r\u0105 si\u0119 lepiej pompuje, podaje i zaciera. Mieszanka betonowa jest jednorodna i bardzo dobrze zag\u0119szczona. U\u017cycie produktu podnosi wytrzyma\u0142o\u015b\u0107 betonu, redukuje skurcz, osiadanie i p\u0119kanie. Zwi\u0119kszona jest szczelno\u015b\u0107 elementu oraz jego odporno\u015b\u0107 na dzia\u0142anie mrozu i soli odladzaj\u0105cych. Domieszka bezchlorkowa nie powoduje korozji stali w mieszance betonowej.<\/p>\n<h3>Spos\u00f3b u\u017cycia:<\/h3>\n<p>Betonmix zimowy powinien by\u0107 dozowany r\u00f3wnocze\u015bnie z wod\u0105 zarobow\u0105. Zaleca si\u0119 dozowanie w ilo\u015bci od 0,5% do 1% w stosunku do wagi cementu ( od 125 ml do 250 ml na 25 kg cementu ). Dok\u0142adnie wymiesza\u0107.<\/p>\n<p>Przy wykonywaniu prac w niskich temperaturach powietrza (dochodz\u0105cych nawet do -8\u00b0C) nale\u017cy spe\u0142ni\u0107 warunki wykonywania prac w warunkach zimowych oznaczonych instrukcj\u0105 ITB nr 282 m.in.:<\/p>\n<ul>\n<li>Zastosowane kruszywo nie mo\u017ce by\u0107 zmro\u017cone<\/li>\n<li>Wybetonowane elementy nale\u017cy chroni\u0107 przed utrat\u0105 ciep\u0142a poprzez zastosowanie os\u0142on z materia\u0142\u00f3w izolacyjnych \/maty, we\u0142na mineralna, styropian itp.<\/li>\n<li>Betonowane elementy i pod\u0142o\u017ce nie mo\u017ce by\u0107 zamarzni\u0119te<\/li>\n<li>Nale\u017cy usun\u0105\u0107 \u015bnieg i l\u00f3d z powierzchni, na kt\u00f3rej wykonuje si\u0119 prace<\/li>\n<li>Zaleca si\u0119 stosowanie podgrzanej wody zarobowej<\/li>\n<\/ul>\n<p>W przypadku niemo\u017cliwo\u015bci spe\u0142nienia warunk\u00f3w ochrony \u015bwie\u017cego betonu podczas prac w warunkach obni\u017conych temperatur nale\u017cy skontaktowa\u0107 si\u0119 pisemnie z doradc\u0105 technicznym naszej firmy.<\/p>\n<p>UWAGA! Ze wzgl\u0119du na r\u00f3\u017cne typy cement\u00f3w i kruszywa zaleca si\u0119 przed rozpocz\u0119ciem prac wykona\u0107 pr\u00f3b\u0119 technologiczn\u0105 dla danego zastosowania!<\/p>\n<p>Informacje techniczne:<\/p>\n<ul>\n<li>Sk\u0142ad: Mieszanina lignosulfonian\u00f3w<\/li>\n<li>Kolor i posta\u0107: Ciemnobrunatna ciecz<\/li>\n<li>G\u0119sto\u015b\u0107: 1,097-1,157 g\/cm\u00b3<\/li>\n<li>pH: 2,9-4,9<\/li>\n<li>Opakowania: kanister 5l, butelka 1l<\/li>\n<\/ul>\n","protected":false},"excerpt":{"rendered":"<p>Plastyfikator do betonu JURGA BETONMIX ZIMOWY umo\u017cliwia wykonywanie prac w niskich temperaturach do -8\u00b0C, obni\u017ca temperatur\u0119 zamarzania wody w mieszance, wzmacnia i uplastycznia beton, zwi\u0119ksza jego wytrzyma\u0142o\u015b\u0107 i odporno\u015b\u0107 na dzia\u0142anie mrozu, nie powoduj\u0105c korozji zbrojenia, dzi\u0119ki swojej bezchlorkowej domieszce.<\/p>\n","protected":false},"featured_media":20777,"comment_status":"open","ping_status":"closed","template":"","meta":{"_acf_changed":false,"inline_featured_image":false},"product_cat":[280],"product_tag":[1640,1639,1641,1642],"class_list":{"0":"post-20666","1":"product","2":"type-product","3":"status-publish","4":"has-post-thumbnail","6":"product_cat-dodatki-do-zapraw-i-betonow","7":"product_tag-jurga-betonmix-zimowy","8":"product_tag-plastyfikator-do-betonu","9":"product_tag-uplastycznianie-betonu","10":"product_tag-wzmacnianie-betonu","12":"first","13":"instock","14":"shipping-taxable","15":"purchasable","16":"product-type-simple"},"acf":[],"_links":{"self":[{"href":"https:\/\/e-adams.pl\/de\/wp-json\/wp\/v2\/product\/20666","targetHints":{"allow":["GET"]}}],"collection":[{"href":"https:\/\/e-adams.pl\/de\/wp-json\/wp\/v2\/product"}],"about":[{"href":"https:\/\/e-adams.pl\/de\/wp-json\/wp\/v2\/types\/product"}],"replies":[{"embeddable":true,"href":"https:\/\/e-adams.pl\/de\/wp-json\/wp\/v2\/comments?post=20666"}],"wp:featuredmedia":[{"embeddable":true,"href":"https:\/\/e-adams.pl\/de\/wp-json\/wp\/v2\/media\/20777"}],"wp:attachment":[{"href":"https:\/\/e-adams.pl\/de\/wp-json\/wp\/v2\/media?parent=20666"}],"wp:term":[{"taxonomy":"product_cat","embeddable":true,"href":"https:\/\/e-adams.pl\/de\/wp-json\/wp\/v2\/product_cat?post=20666"},{"taxonomy":"product_tag","embeddable":true,"href":"https:\/\/e-adams.pl\/de\/wp-json\/wp\/v2\/product_tag?post=20666"}],"curies":[{"name":"wp","href":"https:\/\/api.w.org\/{rel}","templated":true}]}}