{"id":20667,"date":"2023-08-28T13:51:43","date_gmt":"2023-08-28T11:51:43","guid":{"rendered":"https:\/\/e-adams.pl\/produkt\/fast-gl-1l-przeciwmrozowa-domieszka-do-klejow\/"},"modified":"2024-02-15T11:49:32","modified_gmt":"2024-02-15T10:49:32","slug":"przeciwmrozowa-domieszka-do-klejow-jurga-fast-gl-1l","status":"publish","type":"product","link":"https:\/\/e-adams.pl\/de\/produkt\/przeciwmrozowa-domieszka-do-klejow-jurga-fast-gl-1l\/","title":{"rendered":"Przeciwmrozowa domieszka do klej\u00f3w JURGA FAST GL &#8211; 1l"},"content":{"rendered":"<h3>Opis:<\/h3>\n<p>Przeciwmrozowa domieszka do klej\u00f3w JURGA FAST GL na bazie cementu to nowoczesny dodatek budowlany, kt\u00f3ry umo\u017cliwia wykonywanie prac w niskich temperaturach (do -10\u02daC). G\u0142\u00f3wne korzy\u015bci to ochrona przed niskimi temperaturami, przyspieszenie wi\u0105zania mieszanki klejowej, poprawa urabialno\u015bci oraz obni\u017cenie temperatury zamarzania wody w mieszance. To narz\u0119dzie zapewnia wydajno\u015b\u0107 i trwa\u0142o\u015b\u0107 prac budowlanych w ekstremalnych warunkach atmosferycznych.<\/p>\n<h3>W\u0142a\u015bciwo\u015bci i zastosowanie:<\/h3>\n<p>FAST GL to p\u0142ynna domieszka przyspieszaj\u0105ca wi\u0105zanie klej\u00f3w, gdzie materia\u0142em wi\u0105\u017c\u0105cym jest cement. Preparat poprawia urabialno\u015b\u0107 mieszanki, ogranicza u\u017cycie wody zarobowej oraz obni\u017ca temperatur\u0119 jej zamarzania. Dzi\u0119ki temu mieszanka zyskuje wy\u017csz\u0105 odporno\u015b\u0107 na destrukcyjne dzia\u0142anie mrozu. Z powodzeniem umo\u017cliwia wykonywanie prac dociepleniowych oraz klejenie p\u0142ytek w warunkach obni\u017conych temperatur dochodz\u0105cych do -10\u02daC. Nie powoduje wykwit\u00f3w i bia\u0142ych nalot\u00f3w solnych.<\/p>\n<h3>Spos\u00f3b u\u017cycia:<\/h3>\n<p>FAST GL powinien by\u0107 dozowany r\u00f3wnocze\u015bnie z wod\u0105 zarobow\u0105, dok\u0142adnie wymiesza\u0107. Zaleca si\u0119 dozowanie w ilo\u015bci 2 % w stosunku do masy klejowej (0,5l na 25kg zaprawy).<br \/>\nUWAGA: Zwi\u0119kszaj\u0105c dozowanie nast\u0119puje przy\u015bpieszenie wi\u0105zania, nale\u017cy powoli zwi\u0119ksza\u0107 dozowanie oraz uwa\u017ca\u0107 aby nie przedozowa\u0107 domieszki. Ze wzgl\u0119du na r\u00f3\u017cne typy cement\u00f3w w mieszankach, konieczna jest pr\u00f3ba technologiczna dla danego zastosowania!<\/p>\n<p>Przy wykonywaniu prac w niskich temperaturach powietrza (dochodz\u0105cych nawet do -10\u00b0C) nale\u017cy spe\u0142ni\u0107 warunki wykonywania prac w warunkach zimowych oznaczonych instrukcj\u0105 ITB nr 282, m. in.<\/p>\n<ul>\n<li>Zaleca si\u0119 stosowanie podgrzanej wody zarobowej<\/li>\n<li>Z powierzchni, na kt\u00f3rej b\u0119d\u0105 wykonywane prace nale\u017cy usun\u0105\u0107 \u015bnieg i l\u00f3d, powierzchnia nie mo\u017ce by\u0107 zmro\u017cona<\/li>\n<li>Przyklejone elementy nale\u017cy chroni\u0107 przed utrat\u0105 ciep\u0142a poprzez zastosowanie os\u0142on z materia\u0142\u00f3w izolacyjnych<\/li>\n<\/ul>\n<p>Za warunki obni\u017conej temperatury zgodnie z wytycznymi zawartymi w instrukcji ITB nr 282\/2011, uznaje si\u0119 czas, gdy \u015brednia temperatura dobowa jest ni\u017csza ni\u017c 10\u02daC.<\/p>\n<h3>Informacje techniczne:<\/h3>\n<ul>\n<li>Sk\u0142ad chemiczny: Azotan wapnia<\/li>\n<li>Posta\u0107 \/ kolor: Bezbarwny p\u0142yn<\/li>\n<li>G\u0119sto\u015b\u0107: Oko\u0142o 1,2 g\/cm\u00b3<\/li>\n<li>Zu\u017cycie: 2 % w stosunku do wagi mieszanki klejowej (0,5l na 25 kg mieszanki klejowej)<\/li>\n<li>Bezpiecze\u0144stwo stosowania: Chroni\u0107 sk\u00f3r\u0119 i oczy<\/li>\n<li>Opakowania: Kanister 5l<\/li>\n<\/ul>\n","protected":false},"excerpt":{"rendered":"<p>Przeciwmrozowa domieszka do klej\u00f3w JURGA FAST GL na bazie cementu umo\u017cliwia prac\u0119 w niskich temperaturach, przyspiesza wi\u0105zanie kleju i obni\u017ca temperatur\u0119 zamarzania wody w mieszance.<\/p>\n","protected":false},"featured_media":20779,"comment_status":"open","ping_status":"closed","template":"","meta":{"_acf_changed":false,"inline_featured_image":false},"product_cat":[285],"product_tag":[1644,1645,1643],"class_list":{"0":"post-20667","1":"product","2":"type-product","3":"status-publish","4":"has-post-thumbnail","6":"product_cat-silikony-i-uszczelniacze","7":"product_tag-jurga-fast-gl","8":"product_tag-ochrona-kleju-przed-niskimi-temperaturami","9":"product_tag-przeciwmrozowa-domieszka-do-klejow","11":"first","12":"instock","13":"shipping-taxable","14":"purchasable","15":"product-type-simple"},"acf":[],"_links":{"self":[{"href":"https:\/\/e-adams.pl\/de\/wp-json\/wp\/v2\/product\/20667","targetHints":{"allow":["GET"]}}],"collection":[{"href":"https:\/\/e-adams.pl\/de\/wp-json\/wp\/v2\/product"}],"about":[{"href":"https:\/\/e-adams.pl\/de\/wp-json\/wp\/v2\/types\/product"}],"replies":[{"embeddable":true,"href":"https:\/\/e-adams.pl\/de\/wp-json\/wp\/v2\/comments?post=20667"}],"wp:featuredmedia":[{"embeddable":true,"href":"https:\/\/e-adams.pl\/de\/wp-json\/wp\/v2\/media\/20779"}],"wp:attachment":[{"href":"https:\/\/e-adams.pl\/de\/wp-json\/wp\/v2\/media?parent=20667"}],"wp:term":[{"taxonomy":"product_cat","embeddable":true,"href":"https:\/\/e-adams.pl\/de\/wp-json\/wp\/v2\/product_cat?post=20667"},{"taxonomy":"product_tag","embeddable":true,"href":"https:\/\/e-adams.pl\/de\/wp-json\/wp\/v2\/product_tag?post=20667"}],"curies":[{"name":"wp","href":"https:\/\/api.w.org\/{rel}","templated":true}]}}