{"id":20668,"date":"2023-08-28T13:51:43","date_gmt":"2023-08-28T11:51:43","guid":{"rendered":"https:\/\/e-adams.pl\/produkt\/srodek-do-wygladzania-silikonu-500ml-soudal\/"},"modified":"2024-07-15T11:31:23","modified_gmt":"2024-07-15T09:31:23","slug":"srodek-do-wygladzania-soudal-joint-finish-500ml","status":"publish","type":"product","link":"https:\/\/e-adams.pl\/de\/produkt\/srodek-do-wygladzania-soudal-joint-finish-500ml\/","title":{"rendered":"\u015arodek do wyg\u0142adzania silikonu SOUDAL JOINT FINISH &#8211; 500ml"},"content":{"rendered":"<h2>\u015arodek do wyg\u0142adzania silikonu Soudal Joint Finish<\/h2>\n<h3>Opis:<\/h3>\n<p>Jest to preparat do wyg\u0142adzania fug silikonowych, poliuretanowych i hybrydowych. Usuwa \u015blady t\u0142uszczu i brudu z powierzchni fugi, przyspiesza utwardzanie uszczelniaczy. Nieagresywna chemicznie mieszanina detergent\u00f3w i \u015brodk\u00f3w powierzchniowo czynnych nie wchodzi w reakcje z pod\u0142o\u017cem. Wygodny w \u017cyciu roztw\u00f3r odpowiednio dobranych detergent\u00f3w i \u015brodk\u00f3w powierzchniowo czynnych &#8211; do wyg\u0142adzania wszelkich fug uszczelniaj\u0105cych i dekoracyjnych. Usuwa \u015blady t\u0142uszczu i brudu z powierzchni fugi. Przyspiesza utwardzanie uszczelniaczy. Nieagresywny chemicznie \u2013 nie wchodzi w reakcje z pod\u0142o\u017cem.<\/p>\n<h2>Jak wyg\u0142adza\u0107 fugi preparatem Soudal:<\/h2>\n<p>Przed u\u017cyciem wstrz\u0105sn\u0105\u0107 pojemnikiem, rozpyli\u0107 mgie\u0142k\u0119 produktu nad spoin\u0105 wype\u0142nion\u0105 uszczelniaczem, zwil\u017cy\u0107 szpachelk\u0119 roztworem i wyg\u0142adzi\u0107 powierzchni\u0119 fugi. Po utworzeniu nask\u00f3rka przemy\u0107 powierzchni\u0119 czyst\u0105 wod\u0105 &#8211; \u015brodek os\u0142abia przyczepno\u015b\u0107 farb do powierzchni uszczelniaczy daj\u0105cych si\u0119 malowa\u0107 (poliuretan\u00f3w i hybryd).<\/p>\n<h3>Zastosowanie:<\/h3>\n<ul>\n<li>Wyg\u0142adzanie wszelkich fug uszczelniaj\u0105cych i dekoracyjnych.<\/li>\n<li>Wyg\u0142adzanie fug silikonowych, poliuretanowych i hybrydowych.<\/li>\n<\/ul>\n<h3>W\u0142a\u015bciwo\u015bci:<\/h3>\n<ul>\n<li>Usuwa \u015blady t\u0142uszczu i brudu z powierzchni fugi.<\/li>\n<li>Przyspiesza utwardzanie uszczelniaczy.<\/li>\n<li>Nieagresywny chemicznie \u2013 nie wchodzi w reakcje z pod\u0142o\u017cem.<\/li>\n<li>\u0141atwy w u\u017cyciu.<\/li>\n<\/ul>\n<h3>Dane techniczne:<\/h3>\n<ul>\n<li>Podstawa: Mieszanina detergent\u00f3w<\/li>\n<li>Konsystencja: Bezbarwny p\u0142yn<\/li>\n<li>G\u0119sto\u015b\u0107: Ok. 1 g\/ml<\/li>\n<li>Palno\u015b\u0107: Niepalny<\/li>\n<li>Temperatura aplikacji: Od +5\u00b0C do + 35\u00b0C<\/li>\n<\/ul>\n","protected":false},"excerpt":{"rendered":"<p>Soudal Joint Finish to \u015brodek do wyg\u0142adzania silikonu, czyli roztw\u00f3r odpowiednio dobranych detergent\u00f3w i \u015brodk\u00f3w powierzchniowo czynnych do wyg\u0142adzania wszelkich fug uszczelniaj\u0105cych i dekoracyjnych: silikonowych, poliuretanowych i hybrydowych.<\/p>\n","protected":false},"featured_media":20677,"comment_status":"open","ping_status":"closed","template":"","meta":{"_acf_changed":false,"inline_featured_image":false},"product_cat":[1590],"product_tag":[1566,1495,1562,1565,1567,1563,1564],"class_list":{"0":"post-20668","1":"product","2":"type-product","3":"status-publish","4":"has-post-thumbnail","6":"product_cat-impregnaty-i-srodki-do-czyszczenia","7":"product_tag-preparat-do-wygladzania-fug","8":"product_tag-soudal","9":"product_tag-soudal-joint-finish","10":"product_tag-srodek-do-wygladzania-silikonu","11":"product_tag-wygladzania-silikonow","12":"product_tag-wygladzanie-fug","13":"product_tag-wygladzanie-silikonu","15":"first","16":"instock","17":"shipping-taxable","18":"purchasable","19":"product-type-simple"},"acf":[],"_links":{"self":[{"href":"https:\/\/e-adams.pl\/de\/wp-json\/wp\/v2\/product\/20668","targetHints":{"allow":["GET"]}}],"collection":[{"href":"https:\/\/e-adams.pl\/de\/wp-json\/wp\/v2\/product"}],"about":[{"href":"https:\/\/e-adams.pl\/de\/wp-json\/wp\/v2\/types\/product"}],"replies":[{"embeddable":true,"href":"https:\/\/e-adams.pl\/de\/wp-json\/wp\/v2\/comments?post=20668"}],"wp:featuredmedia":[{"embeddable":true,"href":"https:\/\/e-adams.pl\/de\/wp-json\/wp\/v2\/media\/20677"}],"wp:attachment":[{"href":"https:\/\/e-adams.pl\/de\/wp-json\/wp\/v2\/media?parent=20668"}],"wp:term":[{"taxonomy":"product_cat","embeddable":true,"href":"https:\/\/e-adams.pl\/de\/wp-json\/wp\/v2\/product_cat?post=20668"},{"taxonomy":"product_tag","embeddable":true,"href":"https:\/\/e-adams.pl\/de\/wp-json\/wp\/v2\/product_tag?post=20668"}],"curies":[{"name":"wp","href":"https:\/\/api.w.org\/{rel}","templated":true}]}}