{"id":20669,"date":"2023-08-28T13:51:44","date_gmt":"2023-08-28T11:51:44","guid":{"rendered":"https:\/\/e-adams.pl\/produkt\/srodek-do-usuwania-pianki-100ml-2\/"},"modified":"2024-07-15T11:31:23","modified_gmt":"2024-07-15T09:31:23","slug":"srodek-do-usuwania-pianki-boramax-100ml","status":"publish","type":"product","link":"https:\/\/e-adams.pl\/de\/produkt\/srodek-do-usuwania-pianki-boramax-100ml\/","title":{"rendered":"\u015arodek do usuwania pianki BORAMAX &#8211; 100ml"},"content":{"rendered":"<h3>Opis:<\/h3>\n<p>\u015arodek do usuwania pianki BORAMAX &#8211; jedyny tak skutecznie dzia\u0142aj\u0105cy \u015brodek czyszcz\u0105cy na rynku! Dzi\u0119ki swojej niezwyk\u0142ej mocy idealnie nadaje si\u0119 do czy\u015bcienia WSZYSTKICH rodzaj\u00f3w powierzchni: PVC, drewno, kamie\u0144, dach\u00f3wki, beton, epoksydowe, stal, tapicerka, odzie\u017c, ubrania robocze, r\u0119ce itd. Formu\u0142a chemiczna oparta na nowoczesnej technologii ICP\u00ae Intelligent Chemical Properties, o b\u0142yskawicznym dzia\u0142aniu bez ingerencji w struktur\u0119 powierzchni \u015arodek czyszcz\u0105cy do zaschni\u0119tej (starej) piany.<\/p>\n<h3>W\u0142a\u015bciwo\u015bci:<\/h3>\n<ul>\n<li>\u0141atwy i wygodny w u\u017cyciu<\/li>\n<li>Szybki czas reakcji (ju\u017c po 3 minutach)<\/li>\n<li>Nie pozostawia \u015blad\u00f3w<\/li>\n<li>Nie niszczy powierzchni<\/li>\n<li>Przyjazny dla ludzi i otoczenia<\/li>\n<li>Doskona\u0142a przyczepno\u015b\u0107 do wi\u0119kszo\u015bci materia\u0142\u00f3w<\/li>\n<li>Nie powoduje podra\u017cnie\u0144<\/li>\n<li>Bez kwas\u00f3w, w 100% bezpieczny dla sk\u00f3ry i \u015brodowiska<\/li>\n<\/ul>\n<h3>Zastosowanie:<\/h3>\n<p>Usuwanie stwardnia\u0142ej piany ze wszelkiego rodzaju materia\u0142\u00f3w w budownictwie<\/p>\n<h3>Parametry techniczne:<\/h3>\n<ul>\n<li>Pojemno\u015b\u0107 &#8211; 100 ml.<\/li>\n<li>Ilo\u015b\u0107 w kartonie &#8211; 12 szt.<\/li>\n<\/ul>\n","protected":false},"excerpt":{"rendered":"<p>\u015arodek do usuwania pianki BORAMAX to niezwykle efektywny \u015brodek czyszcz\u0105cy, oparty na nowoczesnej technologii ICP\u00ae Intelligent Chemical Properties, idealny do usuwania zaschni\u0119tej piany poliuretanowej ze wszelkich rodzaj\u00f3w powierzchni, takich jak PVC, drewno, kamie\u0144, dach\u00f3wki, beton, epoksydowe, stal, tapicerka, odzie\u017c, ubrania robocze, r\u0119ce itp.<\/p>\n","protected":false},"featured_media":20742,"comment_status":"open","ping_status":"closed","template":"","meta":{"_acf_changed":false,"inline_featured_image":false},"product_cat":[1590],"product_tag":[1601,1603,1602,1604],"class_list":{"0":"post-20669","1":"product","2":"type-product","3":"status-publish","4":"has-post-thumbnail","6":"product_cat-impregnaty-i-srodki-do-czyszczenia","7":"product_tag-boramax","8":"product_tag-srodek-czyszczacy","9":"product_tag-srodek-do-usuwania-pianki","10":"product_tag-usuwanie-wyschnietej-piany","12":"first","13":"instock","14":"shipping-taxable","15":"purchasable","16":"product-type-simple"},"acf":[],"_links":{"self":[{"href":"https:\/\/e-adams.pl\/de\/wp-json\/wp\/v2\/product\/20669","targetHints":{"allow":["GET"]}}],"collection":[{"href":"https:\/\/e-adams.pl\/de\/wp-json\/wp\/v2\/product"}],"about":[{"href":"https:\/\/e-adams.pl\/de\/wp-json\/wp\/v2\/types\/product"}],"replies":[{"embeddable":true,"href":"https:\/\/e-adams.pl\/de\/wp-json\/wp\/v2\/comments?post=20669"}],"wp:featuredmedia":[{"embeddable":true,"href":"https:\/\/e-adams.pl\/de\/wp-json\/wp\/v2\/media\/20742"}],"wp:attachment":[{"href":"https:\/\/e-adams.pl\/de\/wp-json\/wp\/v2\/media?parent=20669"}],"wp:term":[{"taxonomy":"product_cat","embeddable":true,"href":"https:\/\/e-adams.pl\/de\/wp-json\/wp\/v2\/product_cat?post=20669"},{"taxonomy":"product_tag","embeddable":true,"href":"https:\/\/e-adams.pl\/de\/wp-json\/wp\/v2\/product_tag?post=20669"}],"curies":[{"name":"wp","href":"https:\/\/api.w.org\/{rel}","templated":true}]}}