{"id":20793,"date":"2023-09-01T14:27:02","date_gmt":"2023-09-01T12:27:02","guid":{"rendered":"https:\/\/e-adams.pl\/?post_type=product&#038;p=20793"},"modified":"2024-07-15T11:31:14","modified_gmt":"2024-07-15T09:31:14","slug":"impregnat-do-cegly-i-dachowki-jurga-protect-bt-3l","status":"publish","type":"product","link":"https:\/\/e-adams.pl\/de\/produkt\/impregnat-do-cegly-i-dachowki-jurga-protect-bt-3l\/","title":{"rendered":"Impregnat do ceg\u0142y i dach\u00f3wki JURGA PROTECT BT &#8211; 3l"},"content":{"rendered":"<h3>Opis:<\/h3>\n<p>Rozpuszczalnikowy impregnat JURGA PROTECT BT do zabezpieczania starych jak i nowych cegie\u0142 ceramicznych, klinkierowych, r\u0119cznie formowanych, dach\u00f3wek klinkierowych i cementowych. Nadaje powierzchni w\u0142a\u015bciwo\u015bci hydrofobowe, zapobiega wnikaniu wilgoci w mikrop\u0119kni\u0119cia i pory, dzi\u0119ki czemu chroni zaimpregnowane powierzchnie przed uszkodzeniami wywo\u0142anymi przez zamarzaj\u0105c\u0105 wod\u0119, jednocze\u015bnie zapewniaj\u0105c paroprzepuszczalno\u015b\u0107 powierzchni. Preparat od\u015bwie\u017ca i zachowuje naturaln\u0105 struktur\u0119 i kolor zaimpregnowanej powierzchni. Tworzy na powierzchni pow\u0142ok\u0119 ochronn\u0105, bez efektu po\u0142ysku. Zapobiega rozwojowi ple\u015bni, grzyb\u00f3w, mch\u00f3w, a tak\u017ce powstawaniu wykwit\u00f3w.<\/p>\n<h3>W\u0142a\u015bciwo\u015bci:<\/h3>\n<p>Impregnat do ceg\u0142y i dach\u00f3wki JURGA PROTECT BT\u00a0 jest to jednosk\u0142adnikowy, gotowy do u\u017cycia, g\u0142\u0119boko penetruj\u0105cy impregnat na bazie najwy\u017cszej jako\u015bci rozpuszczalnik\u00f3w, silan\u00f3w i siloksan\u00f3w. Przeznaczony jest do impregnacji ch\u0142onnych powierzchni budowlanych. Posiada w\u0142a\u015bciwo\u015bci hydrofobowe, zapobiega wnikaniu wilgoci w mikrop\u0119kni\u0119cia i pory, dzi\u0119ki czemu chroni zaimpregnowane powierzchnie przed uszkodzeniami wywo\u0142anymi przez zamarzaj\u0105c\u0105 wod\u0119, jednocze\u015bnie zapewniaj\u0105c paroprzepuszczalno\u015b\u0107 powierzchni. Impregnat po aplikacji na powierzchni szybko reaguje chemicznie, krystalizuje i \u0142\u0105czy si\u0119 z ni\u0105 zachowuj\u0105c na d\u0142ugo ochron\u0119. Preparat od\u015bwie\u017ca i zachowuje naturaln\u0105 struktur\u0119 i kolor zaimpregnowanej powierzchni. Tworzy matow\u0105 pow\u0142ok\u0119 ochronn\u0105, kt\u00f3ra po wyschni\u0119ciu nie nadaje powierzchni po\u0142ysku. Redukuje sk\u0142onno\u015b\u0107 do zabrudze\u0144 i u\u0142atwia samooczyszczenie powierzchni pod wp\u0142ywem opad\u00f3w atmosferycznych. Zapobiega rozwojowi ple\u015bni, grzyb\u00f3w, mch\u00f3w a tak\u017ce powstawaniu wykwit\u00f3w wapiennych i solnych.<\/p>\n<h3>Zastosowanie:<\/h3>\n<p>PROTECT BT jest przeznaczony do zabezpieczania starych jak i nowych cegie\u0142 ceramicznych, klinkierowych, r\u0119cznie formowanych, dach\u00f3wek klinkierowych i cementowych.<\/p>\n<h3>Przygotowanie pod\u0142o\u017ca:<\/h3>\n<p>Pod\u0142o\u017ce przeznaczone do impregnacji musi by\u0107 czyste, suche, niezmro\u017cone, wolne od t\u0142uszczu, oleju i zanieczyszcze\u0144 organicznych typu mchy, glony, porosty itp.<\/p>\n<h3>Spos\u00f3b u\u017cycia:<\/h3>\n<p>Przed zastosowaniem preparat wymiesza\u0107. Nanosi\u0107 na powierzchni\u0119 wa\u0142kiem, p\u0119dzlem lub metod\u0105 natrysku niskoci\u015bnieniowego. Dla lepszego efektu nanie\u015b\u0107 min 2 warstwy preparatu. Kolejne warstwy nanosi\u0107 po wst\u0119pnym wyschni\u0119ciu warstwy poprzedniej. Unika\u0107 tworzenia si\u0119 na powierzchni zaciek\u00f3w oraz ka\u0142u\u017c nadmiar usun\u0105\u0107 g\u0105bk\u0105 lub bawe\u0142nian\u0105 czyst\u0105 szmatk\u0105. Temperatura stosowania w przypadku powietrza jak i pod\u0142o\u017ca to od +5\u00b0C do +25\u00b0C. Wilgotno\u015b\u0107 impregnowanej powierzchni to max 5%. Preparat posiada w swoim sk\u0142adzie rozpuszczalniki dlatego dedykowany jest do u\u017cytku na zewn\u0105trz pomieszcze\u0144. Prac\u0119 wykonywa\u0107 w miejscach wentylowanych, u\u017cywa\u0107 okulary i odzie\u017c ochronn\u0105, a przy metodzie natryskowej stosowa\u0107 mask\u0119<br \/>\nochronn\u0105 zabezpieczaj\u0105c\u0105 drogi oddechowe. Zaimpregnowana powierzchnia uzyskuje pe\u0142ne w\u0142a\u015bciwo\u015bci hydrofobowe po ok. 24 godz. W tym czasie nale\u017cy chroni\u0107 j\u0105 przed deszczem, intensywnym nas\u0142onecznieniem i zabrudzeniem. Ruch pieszy\u00a0 dopuszczalny jest nie wcze\u015bniej jak po 12 godzinach od momentu impregnacji. Po wykonaniu pracy nale\u017cy umy\u0107 narz\u0119dzia rozpuszczalnikiem. Produkt \u0142atwopalny, podczas aplikacji impregnatu nale\u017cy unika\u0107 otwartych \u017ar\u00f3de\u0142 ognia.<\/p>\n<p>UWAGA !!!<br \/>\nZ uwagi na r\u00f3\u017cnorodno\u015b\u0107 powierzchni poddawanych impregnacji (ich kolor, sk\u0142ad surowcowy, chemiczny itp.) nale\u017cy w niewidocznym miejscu przeprowadzi\u0107 pr\u00f3b\u0119 reakcji pod\u0142o\u017ca na preparat.<\/p>\n<h3>Informacje techniczne:<\/h3>\n<ul>\n<li>Sk\u0142ad: Silany i siloksany, benzyna ci\u0119\u017cka obrabiana wodorem<\/li>\n<li>Kolor i posta\u0107: Bezbarwna ciecz<\/li>\n<li>G\u0119sto\u015b\u0107: Ok. 0,80 g \/cm\u00b3<\/li>\n<li>Zu\u017cycie dla 1 warstwy: 1 litr na 7-15m\u00b2<\/li>\n<li>Temperatura zap\u0142onu: &gt;70\u00b0C<\/li>\n<li>Opakowania: Puszki 1 litr i 3 litry<\/li>\n<\/ul>\n","protected":false},"excerpt":{"rendered":"<p>JURGA PROTECT BT to rozpuszczalnikowy impregnat zapewniaj\u0105cy ochron\u0119 przed wilgoci\u0105 i uszkodzeniami dla r\u00f3\u017cnych rodzaj\u00f3w cegie\u0142 i dach\u00f3wek, przywracaj\u0105c naturalny wygl\u0105d powierzchni.<\/p>\n","protected":false},"featured_media":20794,"comment_status":"open","ping_status":"closed","template":"","meta":{"_acf_changed":false,"inline_featured_image":false},"product_cat":[1590],"product_tag":[1660,1659,1661],"class_list":{"0":"post-20793","1":"product","2":"type-product","3":"status-publish","4":"has-post-thumbnail","6":"product_cat-impregnaty-i-srodki-do-czyszczenia","7":"product_tag-impregnat-do-cegly-i-dachowki","8":"product_tag-jurga-protect-bt","9":"product_tag-rozpuszczalnikowy-impregnat","11":"first","12":"instock","13":"shipping-taxable","14":"purchasable","15":"product-type-simple"},"acf":[],"_links":{"self":[{"href":"https:\/\/e-adams.pl\/de\/wp-json\/wp\/v2\/product\/20793","targetHints":{"allow":["GET"]}}],"collection":[{"href":"https:\/\/e-adams.pl\/de\/wp-json\/wp\/v2\/product"}],"about":[{"href":"https:\/\/e-adams.pl\/de\/wp-json\/wp\/v2\/types\/product"}],"replies":[{"embeddable":true,"href":"https:\/\/e-adams.pl\/de\/wp-json\/wp\/v2\/comments?post=20793"}],"wp:featuredmedia":[{"embeddable":true,"href":"https:\/\/e-adams.pl\/de\/wp-json\/wp\/v2\/media\/20794"}],"wp:attachment":[{"href":"https:\/\/e-adams.pl\/de\/wp-json\/wp\/v2\/media?parent=20793"}],"wp:term":[{"taxonomy":"product_cat","embeddable":true,"href":"https:\/\/e-adams.pl\/de\/wp-json\/wp\/v2\/product_cat?post=20793"},{"taxonomy":"product_tag","embeddable":true,"href":"https:\/\/e-adams.pl\/de\/wp-json\/wp\/v2\/product_tag?post=20793"}],"curies":[{"name":"wp","href":"https:\/\/api.w.org\/{rel}","templated":true}]}}