{"id":20810,"date":"2023-09-06T13:34:27","date_gmt":"2023-09-06T11:34:27","guid":{"rendered":"https:\/\/e-adams.pl\/produkt\/zaprawa-szamotowa-5kg\/"},"modified":"2024-07-15T11:31:12","modified_gmt":"2024-07-15T09:31:12","slug":"zdunska-zaprawa-szamotowa-zsz-0-2-5kg","status":"publish","type":"product","link":"https:\/\/e-adams.pl\/de\/produkt\/zdunska-zaprawa-szamotowa-zsz-0-2-5kg\/","title":{"rendered":"Zdu\u0144ska zaprawa szamotowa ZSz 0-2 &#8211; 5kg"},"content":{"rendered":"<h3>Opis:<\/h3>\n<p>Zdu\u0144ska zaprawa szamotowa ZSz 0-2 to wysokiej jako\u015bci fabrycznie przygotowana sucha mieszanka, kt\u00f3ra sk\u0142ada si\u0119 g\u0142\u00f3wnie z dw\u00f3ch kluczowych sk\u0142adnik\u00f3w: gliny ogniotrwa\u0142ej i sortowanego kruszywa szamotowego. Ta mieszanka jest specjalnie opracowana do wytrzymywania ekstremalnych warunk\u00f3w termicznych i jest doskona\u0142ym materia\u0142em ogniotrwa\u0142ym do r\u00f3\u017cnych zastosowa\u0144.<\/p>\n<p>Jednym z kluczowych punkt\u00f3w zwi\u0105zanych z wykorzystaniem tej zaprawy jest jej zastosowanie w temperaturach si\u0119gaj\u0105cych a\u017c 1000\u00b0C. Aby zoptymalizowa\u0107 jej w\u0142a\u015bciwo\u015bci ogniotrwa\u0142e i u\u0142atwi\u0107 proces spiekania, zaleca si\u0119 dodanie odpowiednich spiekaczy, takich jak szk\u0142o wodne sodowe lub cement portlandzki. Te dodatki pe\u0142ni\u0105 rol\u0119 topnik\u00f3w, co pomaga w osi\u0105gni\u0119ciu po\u017c\u0105danych w\u0142a\u015bciwo\u015bci ogniotrwa\u0142ych i poprawia wytrzyma\u0142o\u015b\u0107 materia\u0142u w wysokich temperaturach.<\/p>\n<p>Kluczowym aspektem utrzymania jako\u015bci tego produktu jest przechowywanie go w odpowiednich warunkach. Mieszank\u0119 nale\u017cy przechowywa\u0107 wy\u0142\u0105cznie w suchych miejscach oraz w nieuszkodzonych opakowaniach. Dzi\u0119ki temu mo\u017cna zapewni\u0107, \u017ce produkt pozostanie w optymalnym stanie, gotowy do u\u017cycia w momencie potrzeby. Co istotne, zgodnie z zaleceniami producenta, zapraw\u0119 mo\u017cna przechowywa\u0107 bezterminowo, co jest szczeg\u00f3lnie korzystne, je\u015bli nie jest u\u017cywana od razu.<\/p>\n<p>Podsumowuj\u0105c, zdu\u0144ska zaprawa szamotowa ZSz 0-2 to wysokiej jako\u015bci materia\u0142 ogniotrwa\u0142y, kt\u00f3ry mo\u017cna dostosowa\u0107 do konkretnych potrzeb projektu poprzez dodanie odpowiednich spiekaczy. Wa\u017cne jest r\u00f3wnie\u017c przechowywanie tego produktu w suchych i nieuszkodzonych opakowaniach, aby zachowa\u0107 jego trwa\u0142o\u015b\u0107 i wydajno\u015b\u0107 przez d\u0142ugi okres czasu.<\/p>\n<h3>Zastosowanie:<\/h3>\n<ul>\n<li>\u0142\u0105czenie prostek, p\u0142ytek szamotowych w piecach kaflowych, kominkach, indywidualnych piecach grzewczych oraz dokonywania drobnych napraw<\/li>\n<li>dostarczane s\u0105 do odbiorcy w stanie suchym<\/li>\n<li>na miejscu budowy zarabia si\u0119 je z wod\u0105<\/li>\n<li>uziarnienie 0-2mm<\/li>\n<li>wysoka zawarto\u015b\u0107 gliny od 25%-30%<\/li>\n<li>po wypaleniu odporna na dzia\u0142anie do temp.1300\u00b0C<\/li>\n<\/ul>\n","protected":false},"excerpt":{"rendered":"<p>Zdu\u0144ska zaprawa szamotowa ZSz 0-2 to wysokiej jako\u015bci fabrycznie przygotowana sucha mieszanka, kt\u00f3ra sk\u0142ada si\u0119 g\u0142\u00f3wnie z dw\u00f3ch kluczowych sk\u0142adnik\u00f3w: gliny ogniotrwa\u0142ej i sortowanego kruszywa szamotowego. Ta mieszanka jest specjalnie opracowana do wytrzymywania ekstremalnych warunk\u00f3w termicznych i jest doskona\u0142ym materia\u0142em ogniotrwa\u0142ym do r\u00f3\u017cnych zastosowa\u0144.<\/p>\n","protected":false},"featured_media":20886,"comment_status":"open","ping_status":"closed","template":"","meta":{"_acf_changed":false,"inline_featured_image":false},"product_cat":[285],"product_tag":[1713,1714],"class_list":{"0":"post-20810","1":"product","2":"type-product","3":"status-publish","4":"has-post-thumbnail","6":"product_cat-silikony-i-uszczelniacze","7":"product_tag-zdunska-zaprawa-szamotowa","8":"product_tag-zsz-0-2","10":"first","11":"instock","12":"shipping-taxable","13":"purchasable","14":"product-type-simple"},"acf":[],"_links":{"self":[{"href":"https:\/\/e-adams.pl\/de\/wp-json\/wp\/v2\/product\/20810","targetHints":{"allow":["GET"]}}],"collection":[{"href":"https:\/\/e-adams.pl\/de\/wp-json\/wp\/v2\/product"}],"about":[{"href":"https:\/\/e-adams.pl\/de\/wp-json\/wp\/v2\/types\/product"}],"replies":[{"embeddable":true,"href":"https:\/\/e-adams.pl\/de\/wp-json\/wp\/v2\/comments?post=20810"}],"wp:featuredmedia":[{"embeddable":true,"href":"https:\/\/e-adams.pl\/de\/wp-json\/wp\/v2\/media\/20886"}],"wp:attachment":[{"href":"https:\/\/e-adams.pl\/de\/wp-json\/wp\/v2\/media?parent=20810"}],"wp:term":[{"taxonomy":"product_cat","embeddable":true,"href":"https:\/\/e-adams.pl\/de\/wp-json\/wp\/v2\/product_cat?post=20810"},{"taxonomy":"product_tag","embeddable":true,"href":"https:\/\/e-adams.pl\/de\/wp-json\/wp\/v2\/product_tag?post=20810"}],"curies":[{"name":"wp","href":"https:\/\/api.w.org\/{rel}","templated":true}]}}