{"id":20812,"date":"2023-09-06T13:34:28","date_gmt":"2023-09-06T11:34:28","guid":{"rendered":"https:\/\/e-adams.pl\/produkt\/klej-elastyczny-do-gresow-h40-nolimits-bialy-25kg-kerakoll\/"},"modified":"2024-07-15T11:31:15","modified_gmt":"2024-07-15T09:31:15","slug":"zaprawa-klejowa-kerakoll-h40-bez-limitow-bialy-25kg","status":"publish","type":"product","link":"https:\/\/e-adams.pl\/de\/produkt\/zaprawa-klejowa-kerakoll-h40-bez-limitow-bialy-25kg\/","title":{"rendered":"Zaprawa klejowa KERAKOLL H40 BEZ LIMIT\u00d3W BIA\u0141A &#8211; 25kg"},"content":{"rendered":"<h3>Opis:<\/h3>\n<p>Bia\u0142a zaprawa klejowa KERAKOLL H40 BEZ LIMIT\u00d3W. Superelastyczny klej \u017celowy, wielofunkcyjny, na bazie wyj\u0105tkowego geospoiwa Kerakoll, przeznaczony do klejenia wszystkich typ\u00f3w materia\u0142\u00f3w na wszelkiego rodzaju pod\u0142o\u017cach, przy ka\u017cdym rodzaju zastosowania, r\u00f3wnie\u017c w warunkach ekstremalnych, mrozoodporny. Ekokompatybilny.<\/p>\n<ul>\n<li>Odpowiedni do p\u0142yt wielkoformatowych<\/li>\n<li>Idealny do p\u0142yt pocienionych<\/li>\n<li>O podwy\u017cszonej odkszta\u0142calno\u015bci<\/li>\n<li>Wodo\u2011 i mrozoodporny<\/li>\n<\/ul>\n<h3>Zalety produktu:<\/h3>\n<ul>\n<li>Tiksotropowy i p\u0142ynny<\/li>\n<li>Podw\u00f3jny czas otwarty<\/li>\n<li>Zachowuje kszta\u0142t<\/li>\n<li>Nie sp\u0142ywa<\/li>\n<li>Wodoodporny<\/li>\n<li>Do cienkich i grubych warstw<\/li>\n<li>O ca\u0142kowitym pokryciu<\/li>\n<li>Redukuje ryzyko przemarzania<\/li>\n<li>Nie osiada przy grubych warstwach<\/li>\n<li>Podwy\u017cszona odkszta\u0142calno\u015b\u0107<\/li>\n<li>Klei strukturalnie<\/li>\n<li>Rozprasza napr\u0119\u017cenia<\/li>\n<li>Podnosi wytrzyma\u0142o\u015b\u0107<\/li>\n<li>Przenosi si\u0142y<\/li>\n<li>Poch\u0142ania obci\u0105\u017cenia dynamiczne<\/li>\n<\/ul>\n<h3>Przeznaczenie:<\/h3>\n<p>Zastosowania Bez Limit\u00f3w:<\/p>\n<ul>\n<li>Klej i szpachla<\/li>\n<li>Pod\u0142ogi i \u015bciany<\/li>\n<li>Wewn\u0105trz &#8211; Zewn\u0105trz<\/li>\n<li>\u201cP\u0142ytka na p\u0142ytk\u0119\u201d<\/li>\n<li>Tarasy i balkony<\/li>\n<li>Elewacje<\/li>\n<li>Baseny i fontanny<\/li>\n<li>Sauny i spa<\/li>\n<li>Budownictwo mieszkaniowe<\/li>\n<li>Budownictwo handlowe<\/li>\n<li>Pod\u0142ogi przemys\u0142owe<\/li>\n<li>Infrastruktura miejska<\/li>\n<\/ul>\n<p>Materia\u0142y Bez Limit\u00f3w:<\/p>\n<ul>\n<li>Gres porcelanowy<\/li>\n<li>Gres laminowany<\/li>\n<li>P\u0142yty gresowe pocienione<\/li>\n<li>P\u0142ytki ceramiczne<\/li>\n<li>Wielkie formaty<\/li>\n<li>P\u0142yty 300&#215;150 cm<\/li>\n<li>Marmury &#8211; Kamienie naturalne<\/li>\n<li>Kompozyty<\/li>\n<li>Mozaika szklana<\/li>\n<li>P\u0142ytki szklane<\/li>\n<li>Materia\u0142y do izolacji termo-akustycznej<\/li>\n<li>Terakota &#8211; Klinkier<\/li>\n<\/ul>\n<p>Pod\u0142o\u017ca Bez Limit\u00f3w:<\/p>\n<ul>\n<li>Istniej\u0105ce p\u0142ytki<\/li>\n<li>Hydroizolacje<\/li>\n<li>Ogrzewania pod\u0142ogowe<\/li>\n<li>Jastrychy cementowe<\/li>\n<li>Jastrychy asfaltowe<\/li>\n<li>Beton<\/li>\n<li>P\u0142yty gipsowo-kartonowe<\/li>\n<li>P\u0142yty cementowo-w\u0142\u00f3knowe<\/li>\n<li>Gips i anhydryt<\/li>\n<li>Beton kom\u00f3rkowy<\/li>\n<li>Ceg\u0142y<\/li>\n<li>Tynki cementowe i wapienne<\/li>\n<li>Systemy ocieplania<\/li>\n<li>P\u0142yty izolacyjne<\/li>\n<li>Maty d\u017awi\u0119koch\u0142onne<\/li>\n<li>Drewno<\/li>\n<li>Metal<\/li>\n<li>PVC<\/li>\n<\/ul>\n","protected":false},"excerpt":{"rendered":"<p>Bia\u0142a zaprawa klejowa KERAKOLL H40 BEZ LIMIT\u00d3W na bazie geospoiwa Kerakoll, nadaj\u0105ca si\u0119 do klejenia r\u00f3\u017cnych materia\u0142\u00f3w na r\u00f3\u017cnych pod\u0142o\u017cach, odporna na warunki ekstremalne i przyjazna dla \u015brodowiska.<\/p>\n","protected":false},"featured_media":20918,"comment_status":"open","ping_status":"closed","template":"","meta":{"_acf_changed":false,"inline_featured_image":false},"product_cat":[285],"product_tag":[1765,1764,1766,1767,964],"class_list":{"0":"post-20812","1":"product","2":"type-product","3":"status-publish","4":"has-post-thumbnail","6":"product_cat-silikony-i-uszczelniacze","7":"product_tag-kerakoll-h40-bez-limitow","8":"product_tag-kerakoll-h40-bez-limitow-biala","9":"product_tag-klej-zelowy","10":"product_tag-superelastyczny","11":"product_tag-zaprawa-klejowa","13":"first","14":"instock","15":"shipping-taxable","16":"purchasable","17":"product-type-simple"},"acf":[],"_links":{"self":[{"href":"https:\/\/e-adams.pl\/de\/wp-json\/wp\/v2\/product\/20812","targetHints":{"allow":["GET"]}}],"collection":[{"href":"https:\/\/e-adams.pl\/de\/wp-json\/wp\/v2\/product"}],"about":[{"href":"https:\/\/e-adams.pl\/de\/wp-json\/wp\/v2\/types\/product"}],"replies":[{"embeddable":true,"href":"https:\/\/e-adams.pl\/de\/wp-json\/wp\/v2\/comments?post=20812"}],"wp:featuredmedia":[{"embeddable":true,"href":"https:\/\/e-adams.pl\/de\/wp-json\/wp\/v2\/media\/20918"}],"wp:attachment":[{"href":"https:\/\/e-adams.pl\/de\/wp-json\/wp\/v2\/media?parent=20812"}],"wp:term":[{"taxonomy":"product_cat","embeddable":true,"href":"https:\/\/e-adams.pl\/de\/wp-json\/wp\/v2\/product_cat?post=20812"},{"taxonomy":"product_tag","embeddable":true,"href":"https:\/\/e-adams.pl\/de\/wp-json\/wp\/v2\/product_tag?post=20812"}],"curies":[{"name":"wp","href":"https:\/\/api.w.org\/{rel}","templated":true}]}}