{"id":20814,"date":"2023-09-06T13:34:29","date_gmt":"2023-09-06T11:34:29","guid":{"rendered":"https:\/\/e-adams.pl\/produkt\/mapei-topcem-pronto-c25-25kg-posadzka-szybkoschnac\/"},"modified":"2024-07-15T11:31:16","modified_gmt":"2024-07-15T09:31:16","slug":"podklad-podlogowy-mapei-topcem-pronto-c25-25kg","status":"publish","type":"product","link":"https:\/\/e-adams.pl\/de\/produkt\/podklad-podlogowy-mapei-topcem-pronto-c25-25kg\/","title":{"rendered":"Podk\u0142ad pod\u0142ogowy Mapei Topcem Pronto C25 25kg"},"content":{"rendered":"<h3>OPIS:<\/h3>\n<p>Podk\u0142ad pod\u0142ogowy Mapei Topcem Pronto C25 to gotowa do u\u017cycia, normalnie wi\u0105\u017c\u0105ca i szybkoschn\u0105ca zaprawa o kontrolowanym skurczu, do wykonywania podk\u0142ad\u00f3w (jastrych\u00f3w) pod\u0142ogowych o grubo\u015bci od 10 do 100 mm, wewn\u0105trz i na zewn\u0105trz budynk\u00f3w mieszkalnych, biurowych, hotelowych, szpitalnych i w obiektach u\u017cyteczno\u015bci publicznej. Mieszanka sk\u0142adaj\u0105ca si\u0119 ze specjalnych spoiw hydraulicznych i kruszywa o odpowiednim uziarnieniu.<\/p>\n<h3>DANE TECHNICZNE:<\/h3>\n<ul>\n<li><strong>Proporcje mieszania<\/strong>: 1,5-1,8l wody na 25 kg\u00a0<strong>Topcem Pronto C25.<\/strong><\/li>\n<li><strong>Czas mieszania<\/strong>: 5-10 minut.<\/li>\n<li><strong>Maksymalny czas u\u017cytkowania<\/strong>: 60 minut.<\/li>\n<li><strong>Temperatura stosowania:<\/strong>\u00a0od +5\u00b0C do +35\u00b0C.<\/li>\n<li><strong>Obci\u0105\u017cenie ruchem pieszym<\/strong>: po 24 godzinach.<\/li>\n<li><strong>Monta\u017c ok\u0142adzin<\/strong>:<\/li>\n<li>\u2013 p\u0142ytki ceramiczne: po 48 godzinach,<\/li>\n<li>\u2013 kamie\u0144 naturalny: po 4 dniach,<\/li>\n<li>\u2013 wyk\u0142adziny gumowe, PVC, linoleum: po 7 dniach.<\/li>\n<li><strong>Zu\u017cycie:\u00a0<\/strong>18-20 kg\/m2 na 1 cm grubo\u015bci warstwy.<\/li>\n<li><strong>Opakowanie<\/strong>: worek 25kg.<\/li>\n<li><strong>Przechowywanie<\/strong>: 12 miesi\u0119cy.<\/li>\n<\/ul>\n","protected":false},"excerpt":{"rendered":"<p>Podk\u0142ad pod\u0142ogowy Mapei Topcem Pronto C25 to gotowa do u\u017cycia, normalnie wi\u0105\u017c\u0105ca i szybkoschn\u0105ca zaprawa o kontrolowanym skurczu, do wykonywania podk\u0142ad\u00f3w (jastrych\u00f3w) pod\u0142ogowych o grubo\u015bci od 10 do 100 mm, wewn\u0105trz i na zewn\u0105trz budynk\u00f3w mieszkalnych, biurowych, hotelowych, szpitalnych i w obiektach u\u017cyteczno\u015bci publicznej.<\/p>\n","protected":false},"featured_media":22469,"comment_status":"open","ping_status":"closed","template":"","meta":{"_acf_changed":false,"inline_featured_image":false},"product_cat":[281],"product_tag":[984,2253,2252],"class_list":{"0":"post-20814","1":"product","2":"type-product","3":"status-publish","4":"has-post-thumbnail","6":"product_cat-wylewki-posadzkowe","7":"product_tag-mapei","8":"product_tag-podklad-podlogowy","9":"product_tag-topcem-pronto","11":"first","12":"instock","13":"shipping-taxable","14":"purchasable","15":"product-type-simple"},"acf":[],"_links":{"self":[{"href":"https:\/\/e-adams.pl\/de\/wp-json\/wp\/v2\/product\/20814","targetHints":{"allow":["GET"]}}],"collection":[{"href":"https:\/\/e-adams.pl\/de\/wp-json\/wp\/v2\/product"}],"about":[{"href":"https:\/\/e-adams.pl\/de\/wp-json\/wp\/v2\/types\/product"}],"replies":[{"embeddable":true,"href":"https:\/\/e-adams.pl\/de\/wp-json\/wp\/v2\/comments?post=20814"}],"wp:featuredmedia":[{"embeddable":true,"href":"https:\/\/e-adams.pl\/de\/wp-json\/wp\/v2\/media\/22469"}],"wp:attachment":[{"href":"https:\/\/e-adams.pl\/de\/wp-json\/wp\/v2\/media?parent=20814"}],"wp:term":[{"taxonomy":"product_cat","embeddable":true,"href":"https:\/\/e-adams.pl\/de\/wp-json\/wp\/v2\/product_cat?post=20814"},{"taxonomy":"product_tag","embeddable":true,"href":"https:\/\/e-adams.pl\/de\/wp-json\/wp\/v2\/product_tag?post=20814"}],"curies":[{"name":"wp","href":"https:\/\/api.w.org\/{rel}","templated":true}]}}