{"id":20815,"date":"2023-09-06T13:34:30","date_gmt":"2023-09-06T11:34:30","guid":{"rendered":"https:\/\/e-adams.pl\/produkt\/mapei-topcem-pronto-c35-10-80mm-25kg-wylewka-beton\/"},"modified":"2024-07-15T11:31:16","modified_gmt":"2024-07-15T09:31:16","slug":"wylewka-podkladowa-mapei-topcem-pronto-c35-25kg","status":"publish","type":"product","link":"https:\/\/e-adams.pl\/de\/produkt\/wylewka-podkladowa-mapei-topcem-pronto-c35-25kg\/","title":{"rendered":"Wylewka podk\u0142adowa Mapei Topcem Pronto C35 25kg"},"content":{"rendered":"<h3>OPIS:<\/h3>\n<p>Wylewka podk\u0142adowa Mapei Topcem Pronto C35 to gotowa do u\u017cycia, normalnie wi\u0105\u017c\u0105ca i szybkoschn\u0105ca zaprawa o kontrolowanym skurczu i bardzo wysokiej wytrzyma\u0142o\u015bci, do wykonywania podk\u0142ad\u00f3w (jastrych\u00f3w) pod\u0142ogowych o grubo\u015bci od 10 do 80 mm, wewn\u0105trz i na zewn\u0105trz budynk\u00f3w mieszkalnych, biurowych, hotelowych, szpitalnych, u\u017cyteczno\u015bci publicznej i przemys\u0142owych.<\/p>\n<p>Jako podk\u0142ad pod p\u0142ytki ceramiczne, kamie\u0144 naturalny, wyk\u0142adziny PVC, dywanowe, gumowe, linoleum, panele pod\u0142ogowe, parkiet<br \/>\ni deski z drewna litego itp.<\/p>\n<h3>DANE TECHNICZNE:<\/h3>\n<ul>\n<li><strong>Proporcje mieszania<\/strong>: 1,5-1,7 l wody na 25 kg Topcem Pronto C35.<\/li>\n<li><strong>Czas mieszania<\/strong>: 5-10 minut.<\/li>\n<li><strong>Maksymalny czas u\u017cytkowania<\/strong>: 60 minut.<\/li>\n<li><strong>Temperatura stosowania:<\/strong>\u00a0od +5\u00b0C do +35\u00b0C.<\/li>\n<li><strong>Obci\u0105\u017cenie ruchem pieszym<\/strong>: po 12 godzinach.<\/li>\n<li><strong>Monta\u017c ok\u0142adzin<\/strong>:<\/li>\n<li>\u2013 p\u0142ytki ceramiczne: po 24 godzinach,<\/li>\n<li>\u2013 kamie\u0144 naturalny: po 2 dniach,<\/li>\n<li>\u2013 wyk\u0142adziny gumowe, PVC, linoleum: po 4 dniach.<\/li>\n<li><strong>Zu\u017cycie:<\/strong>\u00a018-20 kg\/m2 na 1 cm grubo\u015bci warstwy.<\/li>\n<li><strong>Opakowanie<\/strong>: worek 25kg.<\/li>\n<li><strong>Przechowywanie<\/strong>: 12 miesi\u0119cy.<\/li>\n<\/ul>\n","protected":false},"excerpt":{"rendered":"<p>Wylewka podk\u0142adowa Mapei Topcem Pronto C35 to gotowa do u\u017cycia, normalnie wi\u0105\u017c\u0105ca i szybkoschn\u0105ca zaprawa o kontrolowanym skurczu i bardzo wysokiej wytrzyma\u0142o\u015bci, do wykonywania podk\u0142ad\u00f3w (jastrych\u00f3w) pod\u0142ogowych o grubo\u015bci od 10 do 80 mm, wewn\u0105trz i na zewn\u0105trz budynk\u00f3w mieszkalnych, biurowych, hotelowych, szpitalnych, u\u017cyteczno\u015bci publicznej i przemys\u0142owych.<\/p>\n","protected":false},"featured_media":22471,"comment_status":"open","ping_status":"closed","template":"","meta":{"_acf_changed":false,"inline_featured_image":false},"product_cat":[281],"product_tag":[984,2252,2254],"class_list":{"0":"post-20815","1":"product","2":"type-product","3":"status-publish","4":"has-post-thumbnail","6":"product_cat-wylewki-posadzkowe","7":"product_tag-mapei","8":"product_tag-topcem-pronto","9":"product_tag-wylewka-podkladowa","11":"first","12":"instock","13":"shipping-taxable","14":"purchasable","15":"product-type-simple"},"acf":[],"_links":{"self":[{"href":"https:\/\/e-adams.pl\/de\/wp-json\/wp\/v2\/product\/20815","targetHints":{"allow":["GET"]}}],"collection":[{"href":"https:\/\/e-adams.pl\/de\/wp-json\/wp\/v2\/product"}],"about":[{"href":"https:\/\/e-adams.pl\/de\/wp-json\/wp\/v2\/types\/product"}],"replies":[{"embeddable":true,"href":"https:\/\/e-adams.pl\/de\/wp-json\/wp\/v2\/comments?post=20815"}],"wp:featuredmedia":[{"embeddable":true,"href":"https:\/\/e-adams.pl\/de\/wp-json\/wp\/v2\/media\/22471"}],"wp:attachment":[{"href":"https:\/\/e-adams.pl\/de\/wp-json\/wp\/v2\/media?parent=20815"}],"wp:term":[{"taxonomy":"product_cat","embeddable":true,"href":"https:\/\/e-adams.pl\/de\/wp-json\/wp\/v2\/product_cat?post=20815"},{"taxonomy":"product_tag","embeddable":true,"href":"https:\/\/e-adams.pl\/de\/wp-json\/wp\/v2\/product_tag?post=20815"}],"curies":[{"name":"wp","href":"https:\/\/api.w.org\/{rel}","templated":true}]}}