{"id":20816,"date":"2023-09-06T13:34:31","date_gmt":"2023-09-06T11:34:31","guid":{"rendered":"https:\/\/e-adams.pl\/produkt\/ultraplan-termo-25-kg-samopoziomujaca-mniej-rozlew\/"},"modified":"2024-05-10T11:02:19","modified_gmt":"2024-05-10T09:02:19","slug":"zaprawa-samopoziomujaca-mepei-ultraplan-termo-25kg","status":"publish","type":"product","link":"https:\/\/e-adams.pl\/de\/produkt\/zaprawa-samopoziomujaca-mepei-ultraplan-termo-25kg\/","title":{"rendered":"Zaprawa samopoziomuj\u0105ca MEPEI ULTRAPLAN TERMO 25kg"},"content":{"rendered":"<h3>OPIS:<\/h3>\n<p>Zaprawa samopoziomuj\u0105ca MEPEI ULTRAPLAN TERMO jest szarobr\u0105zow\u0105 zapraw\u0105 w postaci proszku, sk\u0142adaj\u0105c\u0105 si\u0119 ze specjalnego, szybko uwadniaj\u0105cego si\u0119 i szybkowi\u0105\u017c\u0105cego cementu, mieszanki odpowiednio wyselekcjonowanych kruszyw, w\u0142\u00f3kien syntetycznych, specjalnych dodatk\u00f3w i \u017cywic syntetycznych.<\/p>\n<p>Wzmocniona w\u0142\u00f3knami, szybkotwardniej\u0105ca i wysoce p\u0142ynna zaprawa wyr\u00f3wnuj\u0105ca, o wysokim wsp\u00f3\u0142czynniku przewodzenia ciep\u0142a, do zalewania system\u00f3w ogrzewania pod\u0142ogowego.<\/p>\n<h2><strong>Przygotowanie zaprawy<\/strong><\/h2>\n<p>Do czystego pojemnika wla\u0107 4,5-5 litr\u00f3w czystej, zimnej wody powoli wsypa\u0107 zawarto\u015b\u0107 25 kg worka\u00a0<strong>Ultraplan Termo<\/strong>\u00a0i wymiesza\u0107 wolnoobrotowym mieszad\u0142em do uzyskania jednolitej, pozbawionej grudek mieszanki. Odczeka\u0107 2-3 minuty, ponownie wymiesza\u0107 i przyst\u0105pi\u0107 do aplikacji. Przygotowan\u0105 zapraw\u0119 nale\u017cy wykorzysta\u0107 w 30-40min.<\/p>\n<h3>DANE TECHNICZNE:<\/h3>\n<ul>\n<li><b>Proporcje mieszania<\/b>: 4,5-5 l wody na 25 kg worek Ultraplan Termo<\/li>\n<li><b>Grubo\u015b\u0107 warstwy<\/b>: 3-40 mm<\/li>\n<li><b>Zu\u017cycie<\/b>: 1,8 kg\/m2 na 1 mm grubo\u015bci warstwy<\/li>\n<li><b>Zdolno\u015b\u0107 samopoziomowania<\/b>: tak<\/li>\n<li><b>Temperatura stosowania<\/b>: od +5\u00b0C do +30\u00b0C<\/li>\n<li><b>Maksymalny czas u\u017cytkowania zaprawy<\/b>: 30-40 minut<\/li>\n<li><b>Czas wi\u0105zania<\/b>: 50-70 minut<\/li>\n<li><b>Obci\u0105\u017cenie ruchem pieszym<\/b>: po ok. 3 godzinach<\/li>\n<li><b>Czas oczekiwania przed uk\u0142adaniem ok\u0142adziny z posadzki ceramicznej i z kamienia naturalnego (niewra\u017cliwe na wilgo\u0107)<\/b>: po 12-24 godzinach<\/li>\n<li><b>Czas oczekiwania przed uk\u0142adaniem ok\u0142adziny z posadzki wra\u017cliwej na wilgo\u0107<\/b>: 2 dni na ka\u017cdy 1 cm grubo\u015bci masy<\/li>\n<li><b>Pierwsze uruchomienie systemu ogrzewania<\/b>: po 4 dniach<\/li>\n<li><b>Nanoszenie<\/b>: za pomoc\u0105 du\u017cej pacy, rakli lub \u0142aty poziomuj\u0105ce<\/li>\n<li><b>Opakowanie<\/b>: worek 25kg<\/li>\n<li><b>Przechowywanie<\/b>: 12 miesi\u0119cy w suchym miejscu<\/li>\n<\/ul>\n","protected":false},"excerpt":{"rendered":"<p>Zaprawa samopoziomuj\u0105ca MEPEI ULTRAPLAN TERMO jest szarobr\u0105zow\u0105 zapraw\u0105 w postaci proszku, sk\u0142adaj\u0105c\u0105 si\u0119 ze specjalnego, szybko uwadniaj\u0105cego si\u0119 i szybkowi\u0105\u017c\u0105cego cementu, mieszanki odpowiednio wyselekcjonowanych kruszyw, w\u0142\u00f3kien syntetycznych, specjalnych dodatk\u00f3w i \u017cywic syntetycznych.<\/p>\n","protected":false},"featured_media":22394,"comment_status":"open","ping_status":"closed","template":"","meta":{"_acf_changed":false,"inline_featured_image":false},"product_cat":[281],"product_tag":[2214,2215,995,2213],"class_list":{"0":"post-20816","1":"product","2":"type-product","3":"status-publish","4":"has-post-thumbnail","6":"product_cat-wylewki-posadzkowe","7":"product_tag-mepei","8":"product_tag-ultraplan-termo","9":"product_tag-wylewka","10":"product_tag-zaprawa-samopoziomujaca","12":"first","13":"instock","14":"shipping-taxable","15":"purchasable","16":"product-type-simple"},"acf":[],"_links":{"self":[{"href":"https:\/\/e-adams.pl\/de\/wp-json\/wp\/v2\/product\/20816","targetHints":{"allow":["GET"]}}],"collection":[{"href":"https:\/\/e-adams.pl\/de\/wp-json\/wp\/v2\/product"}],"about":[{"href":"https:\/\/e-adams.pl\/de\/wp-json\/wp\/v2\/types\/product"}],"replies":[{"embeddable":true,"href":"https:\/\/e-adams.pl\/de\/wp-json\/wp\/v2\/comments?post=20816"}],"wp:featuredmedia":[{"embeddable":true,"href":"https:\/\/e-adams.pl\/de\/wp-json\/wp\/v2\/media\/22394"}],"wp:attachment":[{"href":"https:\/\/e-adams.pl\/de\/wp-json\/wp\/v2\/media?parent=20816"}],"wp:term":[{"taxonomy":"product_cat","embeddable":true,"href":"https:\/\/e-adams.pl\/de\/wp-json\/wp\/v2\/product_cat?post=20816"},{"taxonomy":"product_tag","embeddable":true,"href":"https:\/\/e-adams.pl\/de\/wp-json\/wp\/v2\/product_tag?post=20816"}],"curies":[{"name":"wp","href":"https:\/\/api.w.org\/{rel}","templated":true}]}}