{"id":20819,"date":"2023-09-06T13:34:33","date_gmt":"2023-09-06T11:34:33","guid":{"rendered":"https:\/\/e-adams.pl\/produkt\/cekol-gladz-szpachlowa-gs-200-5kg\/"},"modified":"2024-02-15T11:49:03","modified_gmt":"2024-02-15T10:49:03","slug":"gladz-szpachlowa-cekol-gs-200-5kg","status":"publish","type":"product","link":"https:\/\/e-adams.pl\/de\/produkt\/gladz-szpachlowa-cekol-gs-200-5kg\/","title":{"rendered":"G\u0142ad\u017a szpachlowa CEKOL GS-200 &#8211; 5kg"},"content":{"rendered":"<h3>Opis:<\/h3>\n<p>G\u0142ad\u017a szpachlowa CEKOL GS-200 jest such\u0105 mieszank\u0105 gipsu syntetycznego, naturalnych wype\u0142niaczy mineralnych i szerokiej gamy dodatk\u00f3w uszlachetniaj\u0105cych, modyfikuj\u0105cych, op\u00f3\u017aniaj\u0105cych wi\u0105zanie oraz zapewniaj\u0105cych doskona\u0142\u0105 przyczepno\u015b\u0107 do pod\u0142o\u017ca. CEKOL GS-200 jest produktem ekologicznym, nietoksycznym i \u0142atwym w stosowaniu. Dzi\u0119ki optymalnym parametrom wytrzyma\u0142o\u015bciowym CEKOL GS-200 jest \u0142atwy w obr\u00f3bce.<\/p>\n<h3>Zastosowanie:<\/h3>\n<p>CEKOL GS-200 s\u0142u\u017cy do przygotowywania \u015bcian i sufit\u00f3w wewn\u0105trz budynk\u00f3w przed malowaniem i tapetowaniem. Umo\u017cliwia wykonanie g\u0142adkich powierzchni.<\/p>\n<h3>Przygotowanie pod\u0142o\u017ca:<\/h3>\n<p>Zaprawa posiada doskona\u0142\u0105 przyczepno\u015b\u0107 do pod\u0142o\u017cy betonowych, z ceg\u0142y, gazobetonu, p\u0142yt i bloczk\u00f3w gipsowych oraz p\u0142yt gipsowo-kartonowych. Pod\u0142o\u017ce powinno by\u0107 czyste, zwarte, no\u015bne i wolne od zat\u0142uszcze\u0144. Elementy stalowe nale\u017cy zabezpieczy\u0107 antykorozyjnie. Farby, lu\u017ane ziarenka piasku i tynku oraz wszelkie warstwy trwale niezwi\u0105zane z pod\u0142o\u017cem nale\u017cy usun\u0105\u0107. Pod\u0142o\u017ca silnie ch\u0142on\u0105ce wod\u0119 nale\u017cy zagruntowa\u0107 CEKOL DL-80.<\/p>\n<h3>Wykonanie:<\/h3>\n<p>Zawarto\u015b\u0107 opakowanie wsypa\u0107 do odmierzonej ilo\u015bci wody i dok\u0142adnie wymiesza\u0107 do uzyskania jednolitej g\u0119stej masy stosuj\u0105c oko\u0142o 0,40 litra wody na 1 kg suchego proszku. Bezpo\u015brednio po wymieszaniu zaprawa jest gotowa do u\u017cycia i utrzymuje swoje w\u0142a\u015bciwo\u015bci przez oko\u0142o 60 minut. Zapraw\u0119 nanosi\u0107 na przygotowane pod\u0142o\u017ce r\u00f3wn\u0105 warstw\u0105 o grubo\u015bci 1 do 5 mm. Naniesion\u0105 warstw\u0119 wyr\u00f3wna\u0107 kielni\u0105 lub szpachl\u0105 (stalow\u0105 nierdzewn\u0105 lub plastikow\u0105). Po wst\u0119pnym stwardnieniu masy powierzchnia nadaje si\u0119 do szlifowania. Malowanie mo\u017cna przeprowadzi\u0107 po ca\u0142kowitym stwardnieniu i wyschni\u0119ciu masy.<\/p>\n<h3>Przechowywanie:<\/h3>\n<p>Przechowywa\u0107 nale\u017cy w pomieszczeniach suchych, w oryginalnych opakowaniach.<\/p>\n<h3>Dane techniczne:<\/h3>\n<ul>\n<li>Spe\u0142nia wymagania: PN-EN 13279-1 B2\/20\/2 Tynk na bazie gipsu<\/li>\n<li>Proporcje mieszanki: oko\u0142o 0,4 l wody na 1 kg suchego proszku<\/li>\n<li>Czas zu\u017cycia zaprawy: 60 minut<\/li>\n<li>Wydajno\u015b\u0107: oko\u0142o 1,5 kg\/m\u00b2\/mm<\/li>\n<li>Grubo\u015b\u0107 warstwy: 1 do 5 mm<\/li>\n<li>Temperatura wykonywania prac: +5 \u00b0C do +25\u00b0C<\/li>\n<li>Pocz\u0105tek wi\u0105zania: \u2265 60 min<\/li>\n<li>Wytrzyma\u0142o\u015b\u0107 na zginanie: \u2265 1,5 N\/mm\u00b2<\/li>\n<li>Wytrzyma\u0142o\u015b\u0107 na \u015bciskanie: \u2265 3 N\/mm\u00b2<\/li>\n<li>Przyczepno\u015b\u0107 do pod\u0142o\u017ca: \u2265 0,5 N\/mm\u00b2<\/li>\n<li>Reakcja na ogie\u0144: A1<\/li>\n<li>Produkt posiada: Atest higieniczny<\/li>\n<li>Opakowanie 2kg: 5906474910027<\/li>\n<li>Opakowanie 5kg: 5906474910058<\/li>\n<li>Opakowanie 20kg: 5906474910201<\/li>\n<li>CNN: 32141090<\/li>\n<\/ul>\n","protected":false},"excerpt":{"rendered":"<p>G\u0142ad\u017a szpachlowa CEKOL GS-200 to ekologiczna i \u0142atwa w u\u017cyciu mieszanka gipsu syntetycznego, wype\u0142niaczy mineralnych i dodatk\u00f3w, zapewniaj\u0105ca doskona\u0142\u0105 przyczepno\u015b\u0107 i \u0142atw\u0105 obr\u00f3bk\u0119.<\/p>\n","protected":false},"featured_media":20866,"comment_status":"open","ping_status":"closed","template":"","meta":{"_acf_changed":false,"inline_featured_image":false},"product_cat":[285],"product_tag":[1686,963,1687,1688],"class_list":{"0":"post-20819","1":"product","2":"type-product","3":"status-publish","4":"has-post-thumbnail","6":"product_cat-silikony-i-uszczelniacze","7":"product_tag-cekol-gs-200","8":"product_tag-gladz-szpachlowa","9":"product_tag-latwy-w-obrobce","10":"product_tag-przyczepnosc-do-podlozy","12":"first","13":"outofstock","14":"shipping-taxable","15":"purchasable","16":"product-type-simple"},"acf":[],"_links":{"self":[{"href":"https:\/\/e-adams.pl\/de\/wp-json\/wp\/v2\/product\/20819","targetHints":{"allow":["GET"]}}],"collection":[{"href":"https:\/\/e-adams.pl\/de\/wp-json\/wp\/v2\/product"}],"about":[{"href":"https:\/\/e-adams.pl\/de\/wp-json\/wp\/v2\/types\/product"}],"replies":[{"embeddable":true,"href":"https:\/\/e-adams.pl\/de\/wp-json\/wp\/v2\/comments?post=20819"}],"wp:featuredmedia":[{"embeddable":true,"href":"https:\/\/e-adams.pl\/de\/wp-json\/wp\/v2\/media\/20866"}],"wp:attachment":[{"href":"https:\/\/e-adams.pl\/de\/wp-json\/wp\/v2\/media?parent=20819"}],"wp:term":[{"taxonomy":"product_cat","embeddable":true,"href":"https:\/\/e-adams.pl\/de\/wp-json\/wp\/v2\/product_cat?post=20819"},{"taxonomy":"product_tag","embeddable":true,"href":"https:\/\/e-adams.pl\/de\/wp-json\/wp\/v2\/product_tag?post=20819"}],"curies":[{"name":"wp","href":"https:\/\/api.w.org\/{rel}","templated":true}]}}