{"id":20821,"date":"2023-09-06T13:34:34","date_gmt":"2023-09-06T11:34:34","guid":{"rendered":"https:\/\/e-adams.pl\/produkt\/cekol-gladz-cementowa-biala-c-35-20kg\/"},"modified":"2024-07-15T11:31:17","modified_gmt":"2024-07-15T09:31:17","slug":"gladz-cementowa-cekol-c-35-20kg-biala","status":"publish","type":"product","link":"https:\/\/e-adams.pl\/de\/produkt\/gladz-cementowa-cekol-c-35-20kg-biala\/","title":{"rendered":"G\u0142ad\u017a cementowa CEKOL C-35 20kg bia\u0142a"},"content":{"rendered":"<h3>OPIS:<\/h3>\n<p>Wysokiej jako\u015bci g\u0142ad\u017a cementowa CEKOL C-35 20kg bia\u0142a przeznaczona do wyg\u0142adzania i wyr\u00f3wnywania zewn\u0119trznych \u015bcian budynk\u00f3w. Produkt idealnie sprawdza si\u0119 r\u00f3wnie\u017c w pomieszczeniach o du\u017cej wilgotno\u015bci.<\/p>\n<p>Charakteryzuje si\u0119 doskona\u0142\u0105 urabialno\u015bci\u0105 iprzyczepno\u015bci\u0105 do pod\u0142o\u017cy mineralnych oraz wytrzyma\u0142o\u015bci\u0105 na warunki atmosferyczne. Jest idealnym podk\u0142adem pod farby akrylowe, silikonowe, emulsyjne, silikatowe i mineralne.<\/p>\n<h3>DANE TECHNICZNE:<\/h3>\n<p>\u2022 Kolor: bia\u0142y<br \/>\n\u2022 Zu\u017cycie: 1,5kg\/m2\/mm<br \/>\n\u2022 \u0141atwe szlifowanie<br \/>\n\u2022 \u015arednia grubo\u015b\u0107 warstwy: 5mm<br \/>\n\u2022 Zasychanie: ok. 12h<\/p>\n","protected":false},"excerpt":{"rendered":"<p>Wysokiej jako\u015bci g\u0142ad\u017a cementowa CEKOL C-35 20kg bia\u0142a przeznaczona do wyg\u0142adzania i wyr\u00f3wnywania zewn\u0119trznych \u015bcian budynk\u00f3w. Produkt idealnie sprawdza si\u0119 r\u00f3wnie\u017c w pomieszczeniach o du\u017cej wilgotno\u015bci. Charakteryzuje si\u0119 doskona\u0142\u0105 urabialno\u015bci\u0105 i<br \/>\nprzyczepno\u015bci\u0105 do pod\u0142o\u017cy mineralnych.<\/p>\n","protected":false},"featured_media":22212,"comment_status":"open","ping_status":"closed","template":"","meta":{"_acf_changed":false,"inline_featured_image":false},"product_cat":[275],"product_tag":[2131,2130],"class_list":{"0":"post-20821","1":"product","2":"type-product","3":"status-publish","4":"has-post-thumbnail","6":"product_cat-gipsy-zaprawy","7":"product_tag-cekol","8":"product_tag-gladz-cementowa","10":"first","11":"outofstock","12":"shipping-taxable","13":"purchasable","14":"product-type-simple"},"acf":[],"_links":{"self":[{"href":"https:\/\/e-adams.pl\/de\/wp-json\/wp\/v2\/product\/20821","targetHints":{"allow":["GET"]}}],"collection":[{"href":"https:\/\/e-adams.pl\/de\/wp-json\/wp\/v2\/product"}],"about":[{"href":"https:\/\/e-adams.pl\/de\/wp-json\/wp\/v2\/types\/product"}],"replies":[{"embeddable":true,"href":"https:\/\/e-adams.pl\/de\/wp-json\/wp\/v2\/comments?post=20821"}],"wp:featuredmedia":[{"embeddable":true,"href":"https:\/\/e-adams.pl\/de\/wp-json\/wp\/v2\/media\/22212"}],"wp:attachment":[{"href":"https:\/\/e-adams.pl\/de\/wp-json\/wp\/v2\/media?parent=20821"}],"wp:term":[{"taxonomy":"product_cat","embeddable":true,"href":"https:\/\/e-adams.pl\/de\/wp-json\/wp\/v2\/product_cat?post=20821"},{"taxonomy":"product_tag","embeddable":true,"href":"https:\/\/e-adams.pl\/de\/wp-json\/wp\/v2\/product_tag?post=20821"}],"curies":[{"name":"wp","href":"https:\/\/api.w.org\/{rel}","templated":true}]}}