{"id":20823,"date":"2023-09-06T13:34:35","date_gmt":"2023-09-06T11:34:35","guid":{"rendered":"https:\/\/e-adams.pl\/produkt\/atlas-klej-geoflex-express-25kg-pomaranczowy\/"},"modified":"2024-07-15T11:31:18","modified_gmt":"2024-07-15T09:31:18","slug":"klej-atlas-geoflex-express-25kg","status":"publish","type":"product","link":"https:\/\/e-adams.pl\/de\/produkt\/klej-atlas-geoflex-express-25kg\/","title":{"rendered":"Klej ATLAS GEOFLEX EXPRESS &#8211; 25kg"},"content":{"rendered":"<h3>Opis:<\/h3>\n<ul>\n<li>W kleju ATLAS GEOFLEX EXPRESS zastosowano innowacyjn\u0105 technologi\u0119 \u017celu krzemianowego w po\u0142\u0105czeniu z cementem bia\u0142ym oraz cementem szybkosprawnym. Umo\u017cliwia to uzyskanie:<br \/>\n&#8211; bardzo szybkiego wi\u0105zania wst\u0119pnego, eliminuj\u0105cego mo\u017cliwo\u015b\u0107 kreacji soli budowlanych pod p\u0142ytkami oraz w ich strukturze,<br \/>\n&#8211; szybkich przyrost\u00f3w przyczepno\u015bci i wytrzyma\u0142o\u015bci.<\/li>\n<li>\u017bel krzemianowy posiada wyj\u0105tkow\u0105 zdolno\u015b\u0107 do wi\u0105zania wody. Akumulacja cz\u0119\u015bci wody zarobowej zapewnia pe\u0142n\u0105 hydratacj\u0119 cementu, niezale\u017cnie od rodzaju przyklejanej ok\u0142adziny. Dzi\u0119ki odpowiedniej gospodarce wod\u0105, kt\u00f3ra jest konieczna do zako\u0144czenia procesu wi\u0105zania, klej \u017celowy gwarantuje pe\u0142n\u0105 przyczepno\u015b\u0107 do pod\u0142o\u017cy o r\u00f3\u017cnym stopniu ch\u0142onno\u015bci.<\/li>\n<li>Wykorzystanie technologii \u017celu krzemianowego w po\u0142\u0105czeniu z cementem szybkosprawnym to nast\u0119puj\u0105ce korzy\u015bci:<br \/>\n&#8211; mo\u017cliwo\u015b\u0107 fugowania ju\u017c po 2 godz. do szybkich prac naprawczych,<br \/>\n&#8211; mo\u017cliwo\u015b\u0107 przyklejenia ok\u0142adzin ka\u017cdego typu, zar\u00f3wno nasi\u0105kliwych jak i nienasi\u0105kliwych,<br \/>\n&#8211; mo\u017cliwo\u015b\u0107 optymalnego dostosowania konsystencji kleju do indywidualnych preferencji wykonawcy i potrzeb wynikaj\u0105cych z konkretnego zastosowania, poprzez dozowanie wody w zakresie znacznie szerszym ni\u017c w przypadku klej\u00f3w tradycyjnych,<br \/>\n&#8211; uzyskanie pe\u0142nego rozp\u0142ywu kleju pod p\u0142ytami, co poprawia przyczepno\u015b\u0107 i trwa\u0142o\u015b\u0107 zamocowania, szczeg\u00f3lnie w zastosowaniach zewn\u0119trznych,<br \/>\n&#8211; bezpieczne przyklejanie ok\u0142adzin na pod\u0142o\u017cach nara\u017conych na bezpo\u015brednie nas\u0142onecznienie (o ile temperatura nie przekroczy warto\u015bci dopuszczalnej), zar\u00f3wno w trakcie prac glazurniczych, jak i podczas wi\u0105zania zaprawy klej\u0105cej.<\/li>\n<\/ul>\n<h3>G\u0142\u00f3wne w\u0142a\u015bciwo\u015bci:<\/h3>\n<ul>\n<li>ATLAS GEOFLEX EXPRESS produkowany jest w postaci suchej mieszanki najwy\u017cszej jako\u015bci spoiwa cementowego, kruszyw oraz specjalnie dobranych \u015brodk\u00f3w modyfikuj\u0105cych: naturalnych i syntetycznych<\/li>\n<li>szybkosprawno\u015b\u0107 &#8211; zastosowanie w kleju cementu szybkosprawnego umo\u017cliwia uzyskanie bardzo szybkich przyrost\u00f3w przyczepno\u015bci i wytrzyma\u0142o\u015bci, zw\u0142aszcza w pocz\u0105tkowym okresie (pierwsze 2-3 godziny od momentu przyklejania p\u0142ytek. Umo\u017cliwia to wej\u015bcie na p\u0142ytki oraz fugowanie ju\u017c po 2 godzinach od przyklejenia p\u0142ytek &#8211; klej jest tak\u017ce rekomendowany do szybkich napraw ok\u0142adzin ceramicznych (np. na balkonach, tarasach, itp.)<\/li>\n<li>szeroki zakres grubo\u015bci warstwy kleju (2-15 mm) pozwala na:<br \/>\n&#8211; cienkowarstwowe przyklejenie ok\u0142adzin na r\u00f3wnym pod\u0142o\u017cu,<br \/>\n&#8211; cienkowarstwowe przyklejanie ok\u0142adzin na nier\u00f3wnym pod\u0142o\u017cu, poprzedzone szpachlowaniem wyr\u00f3wnuj\u0105cym,<br \/>\n&#8211; grubowarstwowe przyklejanie ok\u0142adzin na nier\u00f3wnym pod\u0142o\u017cu, bez konieczno\u015bci szpachlowania wyr\u00f3wnawczego.<\/li>\n<li>brak sp\u0142ywu ok\u0142adziny &#8211; daje mo\u017cliwo\u015b\u0107 klejenia ok\u0142adziny \u201eod g\u00f3ry\u201d, bez konieczno\u015bci jej podparcia na etapie monta\u017cu<\/li>\n<li>brak osiadania p\u0142ytek podczas wi\u0105zania \u2013 dzi\u0119ki czemu mo\u017cna kontynuowa\u0107 przerwane prace ok\u0142adzinowe, bez obawy obni\u017cenia poziomu doklejanych p\u0142ytek (po ich zwi\u0105zaniu)<\/li>\n<li>jest niewra\u017cliwy na zmienne warunki atmosferyczne \u2013 umo\u017cliwia szybkie i bezpieczne zrealizowanie prac ok\u0142adzinowych w r\u00f3\u017cnych warunkach atmosferycznych; szybkie uzyskanie parametr\u00f3w u\u017cytkowych przez klej ogranicza mo\u017cliwo\u015b\u0107 uszkodzenia ok\u0142adzin realizowanych na zewn\u0105trz budynku, na etapie monta\u017cu<\/li>\n<\/ul>\n<h3>G\u0142\u00f3wne parametry:<\/h3>\n<ul>\n<li>\u017cywotno\u015b\u0107 (czas gotowo\u015bci do pracy): ok. 45 minut (proporcje mieszania 0,24 l\/kg), ok. 75 minut (proporcje mieszania 0,3 l\/kg)<\/li>\n<li>czas otwarty: min. 20 minut<\/li>\n<li>korygowalno\u015b\u0107: 10 minut<\/li>\n<li>wchodzenie na p\u0142ytki: po ok. 2 godzinach<\/li>\n<li>spoinowanie: po ok. 2 godzinach<\/li>\n<li>obci\u0105\u017cenie ruchem pieszym: po 2-6 godzinach<\/li>\n<li>pe\u0142ne obci\u0105\u017cenia eksploatacyjne \u2013 ruch ko\u0142owy: po ok. 24 godzinach<\/li>\n<li>uruchamianie ogrzewania pod\u0142ogowego: po 7 dniach<\/li>\n<\/ul>\n","protected":false},"excerpt":{"rendered":"<p>Klej ATLAS GEOFLEX EXPRESS \u0142\u0105czy innowacyjny \u017cel krzemianowy z cementami bia\u0142ym i szybkosprawnym, zapewniaj\u0105c bardzo szybkie wi\u0105zanie, doskona\u0142\u0105 przyczepno\u015b\u0107 do r\u00f3\u017cnych pod\u0142o\u017cy oraz mo\u017cliwo\u015b\u0107 fugowania ju\u017c po 2 godzinach.<\/p>\n","protected":false},"featured_media":20894,"comment_status":"open","ping_status":"closed","template":"","meta":{"_acf_changed":false,"inline_featured_image":false},"product_cat":[285],"product_tag":[1719,1720,1721,1722],"class_list":{"0":"post-20823","1":"product","2":"type-product","3":"status-publish","4":"has-post-thumbnail","6":"product_cat-silikony-i-uszczelniacze","7":"product_tag-atlas-geoflex-express","8":"product_tag-klej-atlas","9":"product_tag-klej-zelowy-szybkowiazacy-wysokoelastyczny","10":"product_tag-typ-c2ft","12":"first","13":"instock","14":"shipping-taxable","15":"purchasable","16":"product-type-simple"},"acf":[],"_links":{"self":[{"href":"https:\/\/e-adams.pl\/de\/wp-json\/wp\/v2\/product\/20823","targetHints":{"allow":["GET"]}}],"collection":[{"href":"https:\/\/e-adams.pl\/de\/wp-json\/wp\/v2\/product"}],"about":[{"href":"https:\/\/e-adams.pl\/de\/wp-json\/wp\/v2\/types\/product"}],"replies":[{"embeddable":true,"href":"https:\/\/e-adams.pl\/de\/wp-json\/wp\/v2\/comments?post=20823"}],"wp:featuredmedia":[{"embeddable":true,"href":"https:\/\/e-adams.pl\/de\/wp-json\/wp\/v2\/media\/20894"}],"wp:attachment":[{"href":"https:\/\/e-adams.pl\/de\/wp-json\/wp\/v2\/media?parent=20823"}],"wp:term":[{"taxonomy":"product_cat","embeddable":true,"href":"https:\/\/e-adams.pl\/de\/wp-json\/wp\/v2\/product_cat?post=20823"},{"taxonomy":"product_tag","embeddable":true,"href":"https:\/\/e-adams.pl\/de\/wp-json\/wp\/v2\/product_tag?post=20823"}],"curies":[{"name":"wp","href":"https:\/\/api.w.org\/{rel}","templated":true}]}}