{"id":20824,"date":"2023-09-06T13:34:36","date_gmt":"2023-09-06T11:34:36","guid":{"rendered":"https:\/\/e-adams.pl\/produkt\/franspol-gladz-szpachlowa-extra-gs-2-10kg\/"},"modified":"2024-07-15T11:31:18","modified_gmt":"2024-07-15T09:31:18","slug":"gladz-szpachlowa-franspol-extra-gs-2-10kg","status":"publish","type":"product","link":"https:\/\/e-adams.pl\/de\/produkt\/gladz-szpachlowa-franspol-extra-gs-2-10kg\/","title":{"rendered":"G\u0142ad\u017a szpachlowa FRANSPOL EXTRA GS-2 &#8211; 10kg"},"content":{"rendered":"<h3>Opis:<\/h3>\n<p>G\u0142ad\u017a szpachlowa FRANSPOL Extra GS-2 to materia\u0142 wyko\u0144czeniowy charakteryzuj\u0105cy si\u0119 wolnym wi\u0105zaniem. Wysoka jako\u015b\u0107 produktu powoduje, \u017ce nadaje si\u0119 on jako ostateczna warstwa g\u0142adzi przed malowaniem. Pozwala uzyska\u0107 idealn\u0105 g\u0142adko\u015b\u0107 \u015bcian i sufit\u00f3w. Specjalna mieszanka sk\u0142adnik\u00f3w sprawia, \u017ce GS-2 charakteryzuje si\u0119 \u015bwietnymi parametrami u\u017cytkowymi. Jest \u0142atwa do obr\u00f3bki i szlifowania. Bardzo przyczepna do pod\u0142o\u017ca.<\/p>\n<p>Gotowa G\u0142ad\u017a szpachlowa GS-2 Extra jest z powodzeniem stosowana przez ekspert\u00f3w z bran\u017cy do prac remontowych, wyko\u0144czeniowych i dekoracyjnych w budownictwie. Nasz produkt mo\u017ce s\u0142u\u017cy\u0107 tak\u017ce jako materia\u0142 do uzupe\u0142niania bruzd, ubytk\u00f3w i rys na tynkach.<\/p>\n<p>Nie bez znaczenia jest biel produktu. Dzi\u0119ki wysokiej jasno\u015bci po wyschni\u0119ciu \u015bciany s\u0105 bia\u0142e. Dzi\u0119ki temu mo\u017cemy zredukowa\u0107 zu\u017cycie farby.<\/p>\n<h3>Zalety:<\/h3>\n<ul>\n<li>Bia\u0142a &#8211; mniejsze zu\u017cycie farby<\/li>\n<li>Nak\u0142adanie r\u0119czne i maszynowe<\/li>\n<li>Plastyczna w nak\u0142adaniu<\/li>\n<li>\u0141atwa w rozprowadzaniu, wyg\u0142adzaniu i szlifowaniu<\/li>\n<li>Optymalny czas wi\u0105zania &#8211; 80 minut<\/li>\n<\/ul>\n<h3>Przygotowanie pod\u0142o\u017ca:<\/h3>\n<p>Pod\u0142o\u017ce powinno by\u0107 suche, no\u015bne, stabilne i oczyszczone z kurzu, resztek farb i innych zabrudze\u0144. Pod\u0142o\u017ca nale\u017cy zagruntowa\u0107 preparatem gruntuj\u0105cym (np. Frans Grunt lub Royal Grunt), unikaj\u0105c zeszklenia pod\u0142o\u017ca. Wszystkie stykaj\u0105ce si\u0119 z zapraw\u0105 elementy stalowe powinny by\u0107 zabezpieczone antykorozyjnie.<\/p>\n<h3>Przygotowanie produktu i spos\u00f3b u\u017cycia:<\/h3>\n<p>G\u0142ad\u017a Szpachlow\u0105 Extra GS-2 nale\u017cy powoli wsypywa\u0107 do wody (na 1kg proszku u\u017cy\u0107 ok. 0,4 litra wody). Nast\u0119pnie wymiesza\u0107 r\u0119cznie lub mechanicznie w celu uzyskania jednorodnej masy. Nale\u017cy odczeka\u0107 15 minut i ponownie wymiesza\u0107. Nie zu\u017cyta zaprawa po rozpocz\u0119ciu wi\u0105zania nie nadaje si\u0119 do powt\u00f3rnego zarobienia wod\u0105 i nale\u017cy j\u0105 odrzuci\u0107, poniewa\u017c skraca czas wi\u0105zania nast\u0119pnego zaczynu. Mas\u0119 szpachlow\u0105 naci\u0105ga si\u0119 r\u00f3wnomiernie za pomoc\u0105 nierdzewnej pacy, silnie dociskaj\u0105c do pod\u0142o\u017ca. Po na\u0142o\u017ceniu i wyschni\u0119ciu masy drobne nier\u00f3wno\u015bci nale\u017cy usun\u0105\u0107 papierem \u015bciernym lub siatk\u0105 do szlifowania. Podczas wysychania nale\u017cy unika\u0107 bezpo\u015bredniego nas\u0142onecznienia i przeci\u0105g\u00f3w oraz zapewni\u0107 w\u0142a\u015bciw\u0105 wentylacj\u0119 i prze-wietrzenie pomieszcze\u0144. Prace wykonywa\u0107 w temperaturze od +5\u00b0C do +25\u00b0C.<\/p>\n<h3>Przechowywanie i transport<\/h3>\n<p>G\u0142ad\u017a GS-2 nale\u017cy przewozi\u0107 i przechowywa\u0107 w szczelnie zamkni\u0119tych workach, na paletach, w suchych warunkach. Chroni\u0107 przed wilgoci\u0105. Nieprzestrzeganie w\/w zalece\u0144 mo\u017ce mie\u0107 wp\u0142yw na parametry u\u017cytkowe produktu.<\/p>\n<h3>Czas wi\u0105zania:<\/h3>\n<p>Przygotowan\u0105 wed\u0142ug powy\u017cszego opisu mas\u0119 nale\u017cy zu\u017cy\u0107 w ci\u0105gu 120 min od momentu wymieszania.<\/p>\n","protected":false},"excerpt":{"rendered":"<p>G\u0142ad\u017a Szpachlowa FRANSPOL Extra GS-2 to wysokiej jako\u015bci materia\u0142 wyko\u0144czeniowy, idealny do prac remontowych i dekoracyjnych, umo\u017cliwiaj\u0105cy osi\u0105gni\u0119cie idealnej g\u0142adko\u015bci \u015bcian i sufit\u00f3w przed malowaniem dzi\u0119ki \u0142atwemu szlifowaniu oraz redukcji zu\u017cycia farby ze wzgl\u0119du na swoj\u0105 biel.<\/p>\n","protected":false},"featured_media":20870,"comment_status":"open","ping_status":"closed","template":"","meta":{"_acf_changed":false,"inline_featured_image":false},"product_cat":[285],"product_tag":[1693,963,1695,1694],"class_list":{"0":"post-20824","1":"product","2":"type-product","3":"status-publish","4":"has-post-thumbnail","6":"product_cat-silikony-i-uszczelniacze","7":"product_tag-franspol-extra-gs-2","8":"product_tag-gladz-szpachlowa","9":"product_tag-idealna-gladkosc-scian-i-sufitow","10":"product_tag-warstwa-gladzi-przed-malowaniem","12":"first","13":"instock","14":"shipping-taxable","15":"purchasable","16":"product-type-simple"},"acf":[],"_links":{"self":[{"href":"https:\/\/e-adams.pl\/de\/wp-json\/wp\/v2\/product\/20824","targetHints":{"allow":["GET"]}}],"collection":[{"href":"https:\/\/e-adams.pl\/de\/wp-json\/wp\/v2\/product"}],"about":[{"href":"https:\/\/e-adams.pl\/de\/wp-json\/wp\/v2\/types\/product"}],"replies":[{"embeddable":true,"href":"https:\/\/e-adams.pl\/de\/wp-json\/wp\/v2\/comments?post=20824"}],"wp:featuredmedia":[{"embeddable":true,"href":"https:\/\/e-adams.pl\/de\/wp-json\/wp\/v2\/media\/20870"}],"wp:attachment":[{"href":"https:\/\/e-adams.pl\/de\/wp-json\/wp\/v2\/media?parent=20824"}],"wp:term":[{"taxonomy":"product_cat","embeddable":true,"href":"https:\/\/e-adams.pl\/de\/wp-json\/wp\/v2\/product_cat?post=20824"},{"taxonomy":"product_tag","embeddable":true,"href":"https:\/\/e-adams.pl\/de\/wp-json\/wp\/v2\/product_tag?post=20824"}],"curies":[{"name":"wp","href":"https:\/\/api.w.org\/{rel}","templated":true}]}}