{"id":20825,"date":"2023-09-06T13:34:37","date_gmt":"2023-09-06T11:34:37","guid":{"rendered":"https:\/\/e-adams.pl\/produkt\/atlas-postar-60-25kg-ekspresowa-posadzka-cementowa\/"},"modified":"2024-07-15T11:31:20","modified_gmt":"2024-07-15T09:31:20","slug":"ekspresowa-posadzka-cementowa-atlas-postar-60-25kg","status":"publish","type":"product","link":"https:\/\/e-adams.pl\/de\/produkt\/ekspresowa-posadzka-cementowa-atlas-postar-60-25kg\/","title":{"rendered":"Ekspresowa posadzka cementowa ATLAS POSTAR 60 25kg"},"content":{"rendered":"<h3>OPIS:<\/h3>\n<p>Ekspresowa posadzka cementowa ATLAS POSTAR 60 to sucha mieszanka cementu portlandzkiego, wype\u0142niaczy kwarcowych oraz dodatk\u00f3w modyfikuj\u0105cych. Jest przeznaczona do wykonywania posadzek zespolonych, na warstwie oddzielaj\u0105cej lub p\u0142ywaj\u0105cych w budynkach mieszkalnych. Sprawdzi si\u0119 do u\u017cycia w budynkach mieszkalnych i miejscach komercyjnych, w ci\u0105gach komunikacyjnych, w pomieszczeniach technicznych i gospodarczych, a tak\u017ce w gara\u017cach i magazynach.<\/p>\n<p>Zaprawa mo\u017ce by\u0107 stosowana tak samo wewn\u0105trz, jak i na zewn\u0105trz budynku podczas wykonywania nowych podk\u0142ad\u00f3w lub uzupe\u0142niania ju\u017c istniej\u0105cych. Podk\u0142ad mo\u017cna nak\u0142ada\u0107 w warstwach od 10 do 100 mm. Grubo\u015b\u0107 warstwy zale\u017cy od przyj\u0119tego uk\u0142adu konstrukcyjnego.<\/p>\n<p>&nbsp;<\/p>\n","protected":false},"excerpt":{"rendered":"<p>Ekspresowa posadzka cementowa ATLAS POSTAR 60 to sucha mieszanka cementu portlandzkiego, wype\u0142niaczy kwarcowych oraz dodatk\u00f3w modyfikuj\u0105cych. Jest przeznaczona do wykonywania posadzek zespolonych, na warstwie oddzielaj\u0105cej lub p\u0142ywaj\u0105cych w budynkach mieszkalnych.<\/p>\n","protected":false},"featured_media":22541,"comment_status":"open","ping_status":"closed","template":"","meta":{"_acf_changed":false,"inline_featured_image":false},"product_cat":[281],"product_tag":[265,2308],"class_list":{"0":"post-20825","1":"product","2":"type-product","3":"status-publish","4":"has-post-thumbnail","6":"product_cat-wylewki-posadzkowe","7":"product_tag-atlas","8":"product_tag-ekspresowa-posadzka-cementowa","10":"first","11":"instock","12":"shipping-taxable","13":"purchasable","14":"product-type-simple"},"acf":[],"_links":{"self":[{"href":"https:\/\/e-adams.pl\/de\/wp-json\/wp\/v2\/product\/20825","targetHints":{"allow":["GET"]}}],"collection":[{"href":"https:\/\/e-adams.pl\/de\/wp-json\/wp\/v2\/product"}],"about":[{"href":"https:\/\/e-adams.pl\/de\/wp-json\/wp\/v2\/types\/product"}],"replies":[{"embeddable":true,"href":"https:\/\/e-adams.pl\/de\/wp-json\/wp\/v2\/comments?post=20825"}],"wp:featuredmedia":[{"embeddable":true,"href":"https:\/\/e-adams.pl\/de\/wp-json\/wp\/v2\/media\/22541"}],"wp:attachment":[{"href":"https:\/\/e-adams.pl\/de\/wp-json\/wp\/v2\/media?parent=20825"}],"wp:term":[{"taxonomy":"product_cat","embeddable":true,"href":"https:\/\/e-adams.pl\/de\/wp-json\/wp\/v2\/product_cat?post=20825"},{"taxonomy":"product_tag","embeddable":true,"href":"https:\/\/e-adams.pl\/de\/wp-json\/wp\/v2\/product_tag?post=20825"}],"curies":[{"name":"wp","href":"https:\/\/api.w.org\/{rel}","templated":true}]}}